{"id":709816,"date":"2025-08-27T16:29:23","date_gmt":"2025-08-27T13:29:23","guid":{"rendered":"https:\/\/roveyayinevi.com.tr\/index.php\/urun\/kolay-piyano-repertuvari\/"},"modified":"2025-09-10T23:37:07","modified_gmt":"2025-09-10T20:37:07","slug":"kolay-piyano-repertuvari","status":"publish","type":"product","link":"https:\/\/roveyayinevi.com.tr\/index.php\/urun\/kolay-piyano-repertuvari\/","title":{"rendered":"Kolay Piyano Repertuvar\u0131"},"content":{"rendered":"<p>&#8220;\u00dc\u00e7 K\u00fc\u00e7\u00fck Domuzcuk&#8221; masal\u0131n\u0131 bilmeyeniniz yoktur. Hani en dayan\u0131kl\u0131 evi en \u00e7ok \u00e7aba harcayan \u00fc\u00e7\u00fcnc\u00fc domuzcuk yapar ve ahilerini de kurtar\u0131r, mutlu mesut ya\u015farlar. Burada &#8220;en \u00e7ok \u00e7aba harcayan&#8221; s\u00f6zc\u00fc\u011f\u00fcne vurgu yapmak istiyorum. Emek; en de\u011ferli kavramd\u0131r. \u00c7ocuklar\u0131n bedensel, zihinsel, sosyal, davran\u0131\u015fsal&#8230; geli\u015fimi i\u00e7in hi\u00e7 bir fedak\u00e2rl\u0131ktan ka\u00e7\u0131nmad\u0131\u011f\u0131m\u0131z\u0131 s\u00f6ylemek yanl\u0131\u015f olmaz. Her ebeveyn olanaklar\u0131 elverdi\u011fince bu g\u00f6n\u00fcll\u00fc \u00e7abay\u0131 sergiler.Bu kutsal u\u011fra\u015f\u0131da biz e\u011fitimcilere ve sanat\u00e7\u0131lara d\u00fc\u015fen g\u00f6rev ise kolayc\u0131l\u0131\u011fa ka\u00e7madan, hedefe kolay kazanc\u0131 de\u011fil e\u011fitimi alarak \u00e7al\u0131\u015fmak ve \u00fcretmektir.\u0130\u015fte bu evrensel ger\u00e7ekler ve do\u011frular \u00e7er\u00e7evesinde sizlere bir eser daha sunman\u0131n hakl\u0131 gururu i\u00e7indeyiz.Picasso, Paris&#8217;te bir kald\u0131r\u0131m kafeteryas\u0131nda, masada kahvesini yudumlarken pe\u00e7eteye bir resim \u00e7izer. Yan masadaki m\u00fc\u015fteri at\u0131l\u0131r; &#8220;\u00dcstad resmi bana satar m\u0131s\u0131n?&#8221; der. Picasso&#8217;nun istedi\u011fi rakam\u0131 \u00e7ok bulunca itiraz eder; &#8220;Ama bir dakika s\u00fcrd\u00fc.&#8221; deyince, &#8220;Yanl\u0131\u015f\u0131n\u0131z var, k\u0131rk y\u0131l art\u0131 bir dakika&#8221; yan\u0131t\u0131n\u0131 al\u0131r.Elinizdeki bu KOLAY P\u0130YANO REPERTUVARI1, anlatt\u0131\u011f\u0131m\u0131z \u00f6yk\u00fc misali y\u0131llarca s\u00fcren samimi bir birikimin yine samimi bir yans\u0131mas\u0131d\u0131r. Pedagojik bir yakla\u015f\u0131mla \u00e7al\u0131\u015f\u0131lm\u0131\u015ft\u0131r. \u00c7ocuklar\u0131m\u0131z\u0131n da i\u00e7inde do\u011fup b\u00fcy\u00fcd\u00fc\u011f\u00fc k\u00fclt\u00fcrel yap\u0131y\u0131 \u00f6z\u00fcmsemi\u015f Dr. Ferda EREREN&#8217;in s\u00f6z ve m\u00fcziklerini ger\u00e7ekle\u015ftirdi\u011fi \u00e7ocuk \u015fark\u0131lar\u0131n\u0131n ALFA YAYINCILIK taraf\u0131ndan kitaba d\u00f6n\u00fc\u015ft\u00fcr\u00fclmesi sonucu sizlere ula\u015fm\u0131\u015ft\u0131r. <\/p>\n","protected":false},"excerpt":{"rendered":"<p>&#8220;\u00dc\u00e7 K\u00fc\u00e7\u00fck Domuzcuk&#8221; masal\u0131n\u0131 bilmeyeniniz yoktur. Hani en dayan\u0131kl\u0131 evi en \u00e7ok \u00e7aba harcayan \u00fc\u00e7\u00fcnc\u00fc domuzcuk yapar ve ahilerini de kurtar\u0131r, mutlu mesut ya\u015farlar. Burada &#8220;en<span class=\"excerpt-hellip\"> [\u2026]<\/span><\/p>\n","protected":false},"featured_media":0,"template":"","meta":{"_monsterinsights_skip_tracking":false,"_monsterinsights_sitenote_active":false,"_monsterinsights_sitenote_note":"","_monsterinsights_sitenote_category":0},"product_brand":[],"product_cat":[14556,20810],"product_tag":[],"class_list":{"0":"post-709816","1":"product","2":"type-product","3":"status-publish","5":"product_cat-muzik","6":"product_cat-ogrenim-kitaplari","7":"pa_cilt-ciltsiz","8":"pa_tur-kitap","9":"pa_yayinevi-alfa-yayinlari","10":"pa_yazar-sevinc-ereren","12":"first","13":"instock","14":"sale","15":"shipping-taxable","16":"purchasable","17":"product-type-simple"},"_links":{"self":[{"href":"https:\/\/roveyayinevi.com.tr\/index.php\/wp-json\/wp\/v2\/product\/709816","targetHints":{"allow":["GET"]}}],"collection":[{"href":"https:\/\/roveyayinevi.com.tr\/index.php\/wp-json\/wp\/v2\/product"}],"about":[{"href":"https:\/\/roveyayinevi.com.tr\/index.php\/wp-json\/wp\/v2\/types\/product"}],"wp:attachment":[{"href":"https:\/\/roveyayinevi.com.tr\/index.php\/wp-json\/wp\/v2\/media?parent=709816"}],"wp:term":[{"taxonomy":"product_brand","embeddable":true,"href":"https:\/\/roveyayinevi.com.tr\/index.php\/wp-json\/wp\/v2\/product_brand?post=709816"},{"taxonomy":"product_cat","embeddable":true,"href":"https:\/\/roveyayinevi.com.tr\/index.php\/wp-json\/wp\/v2\/product_cat?post=709816"},{"taxonomy":"product_tag","embeddable":true,"href":"https:\/\/roveyayinevi.com.tr\/index.php\/wp-json\/wp\/v2\/product_tag?post=709816"}],"curies":[{"name":"wp","href":"https:\/\/api.w.org\/{rel}","templated":true}]}}