{"id":709815,"date":"2025-08-27T16:29:23","date_gmt":"2025-08-27T13:29:23","guid":{"rendered":"https:\/\/roveyayinevi.com.tr\/index.php\/urun\/oksuz-civciv\/"},"modified":"2026-04-16T02:18:44","modified_gmt":"2026-04-15T23:18:44","slug":"oksuz-civciv","status":"publish","type":"product","link":"https:\/\/roveyayinevi.com.tr\/index.php\/urun\/oksuz-civciv\/","title":{"rendered":"\u00d6ks\u00fcz Civciv"},"content":{"rendered":"<p>Merhaba, benim ad\u0131m G\u00fcliz.Ge\u00e7en yaz tatilinde annemle birlikte Ankara\u2019dan Cide\u2019ye gittik. Denizi, dalgalar\u0131n\u0131, hi\u00e7 g\u00f6rmedi\u011fim a\u011fa\u00e7lar\u0131, \u00e7i\u00e7ekleri, hayvanlar\u0131 burada g\u00f6rd\u00fcm. Kald\u0131\u011f\u0131m\u0131z pansiyonun sahipleri Niyazi Dede ve Zeliha Nine\u2019nin torunlar\u0131 Erdem\u2019le hemen arkada\u015f olduk. Erdem, dedesinin k\u00fcmesindeki tavu\u011fun yumurtalar\u0131ndan civcivlerin \u00e7\u0131kaca\u011f\u0131n\u0131 s\u00f6yledi\u011finde \u00e7ok \u015fa\u015f\u0131rd\u0131m.Hepimiz civcivlerin \u00e7\u0131kaca\u011f\u0131 g\u00fcn\u00fc heyecanla beklemeye ba\u015flad\u0131k. O g\u00fcn gelmi\u015fti ve on iki yumurtadan sadece bir tane alacal\u0131 civciv \u00e7\u0131kt\u0131. \u00dcstelik anne tavuk ona bakmak istemedi.Bu unutulmaz yaz tatilimin hik\u00e2yesini, \u00e7ocuklar\u0131 hi\u00e7bir zaman unutmam\u0131\u015f olan R\u0131fat Ilgaz yazd\u0131. Siz hik\u00e2yemi okurken, belki hep birlikte \u00d6ks\u00fcz Civciv\u2019in pe\u015finden ko\u015fabiliriz. <\/p>\n","protected":false},"excerpt":{"rendered":"<p>Merhaba, benim ad\u0131m G\u00fcliz.Ge\u00e7en yaz tatilinde annemle birlikte Ankara\u2019dan Cide\u2019ye gittik. Denizi, dalgalar\u0131n\u0131, hi\u00e7 g\u00f6rmedi\u011fim a\u011fa\u00e7lar\u0131, \u00e7i\u00e7ekleri, hayvanlar\u0131 burada g\u00f6rd\u00fcm. Kald\u0131\u011f\u0131m\u0131z pansiyonun sahipleri Niyazi Dede ve<span class=\"excerpt-hellip\"> [\u2026]<\/span><\/p>\n","protected":false},"featured_media":0,"template":"","meta":{"_monsterinsights_skip_tracking":false,"_monsterinsights_sitenote_active":false,"_monsterinsights_sitenote_note":"","_monsterinsights_sitenote_category":0},"product_brand":[],"product_cat":[12913,12274],"product_tag":[],"class_list":{"0":"post-709815","1":"product","2":"type-product","3":"status-publish","5":"product_cat-3-6-yas-kitaplari","6":"product_cat-cocuk-ve-genclik-kitaplari","7":"pa_cilt-ciltsiz","8":"pa_tur-kitap","9":"pa_yayinevi-cinar-yayinlari","10":"pa_yazar-rifat-ilgaz","12":"first","13":"instock","14":"sale","15":"shipping-taxable","16":"purchasable","17":"product-type-simple"},"_links":{"self":[{"href":"https:\/\/roveyayinevi.com.tr\/index.php\/wp-json\/wp\/v2\/product\/709815","targetHints":{"allow":["GET"]}}],"collection":[{"href":"https:\/\/roveyayinevi.com.tr\/index.php\/wp-json\/wp\/v2\/product"}],"about":[{"href":"https:\/\/roveyayinevi.com.tr\/index.php\/wp-json\/wp\/v2\/types\/product"}],"wp:attachment":[{"href":"https:\/\/roveyayinevi.com.tr\/index.php\/wp-json\/wp\/v2\/media?parent=709815"}],"wp:term":[{"taxonomy":"product_brand","embeddable":true,"href":"https:\/\/roveyayinevi.com.tr\/index.php\/wp-json\/wp\/v2\/product_brand?post=709815"},{"taxonomy":"product_cat","embeddable":true,"href":"https:\/\/roveyayinevi.com.tr\/index.php\/wp-json\/wp\/v2\/product_cat?post=709815"},{"taxonomy":"product_tag","embeddable":true,"href":"https:\/\/roveyayinevi.com.tr\/index.php\/wp-json\/wp\/v2\/product_tag?post=709815"}],"curies":[{"name":"wp","href":"https:\/\/api.w.org\/{rel}","templated":true}]}}