{"id":709813,"date":"2025-08-27T16:29:22","date_gmt":"2025-08-27T13:29:22","guid":{"rendered":"https:\/\/roveyayinevi.com.tr\/index.php\/urun\/anadolu-kulturu-uzerine-makaleler\/"},"modified":"2026-04-16T02:18:44","modified_gmt":"2026-04-15T23:18:44","slug":"anadolu-kulturu-uzerine-makaleler","status":"publish","type":"product","link":"https:\/\/roveyayinevi.com.tr\/index.php\/urun\/anadolu-kulturu-uzerine-makaleler\/","title":{"rendered":"Anadolu K\u00fclt\u00fcr\u00fc \u00dczerine Makaleler"},"content":{"rendered":"<p>T\u00fcrk k\u00fclt\u00fcr tarihinin olu\u015fumu ve geli\u015fimine dair yepyeni bir bak\u0131\u015f ilk kez Hilmi Ziya \u00dcl-ken\u2019in yorumlar\u0131yla g\u00fcndeme geldi.Anadolu k\u00fclt\u00fcr\u00fcn\u00fcn kaynaklar\u0131na indi\u011fi bu \u00e7al\u0131\u015fmas\u0131nda \u00dclken, Orta Asya\u2019dan Anadolu\u2019ya \u0130ran \u00fczerinden ge\u00e7en ve yerle\u015fen T\u00fcrk boylar\u0131n\u0131n, T\u00fcrkmen obalar\u0131n\u0131n bu yeni yurtlar\u0131nda binlerce y\u0131ll\u0131k k\u00fclt\u00fcr de\u011ferlerinden sa\u011flad\u0131klar\u0131 zengin \u00f6zleri birle\u015ftirip nas\u0131l yeni bir \u00f6z, yeni bir kimlik yaratt\u0131klar\u0131n\u0131 irdeledi ve bu yeni \u00f6z\u00fcn, yeni kimli\u011fin niteliklerini ara\u015ft\u0131rd\u0131.Mevl\u00e2na, Hac\u0131 Bekta\u015f Veli\u2026 Ahi Evran, G\u00fcl\u015fehr\u00ee, \u00c2\u015f\u0131k Pa\u015fa\u2026 Sadreddin Konev\u00ee, Davud Kayser\u00ee, Molla Fenar\u00ee\u2026 Geyikli Baba, Barak Baba, Sar\u0131 Saltuk\u2026 vd. Anadolu d\u00fc\u015f\u00fcncesine ruhunu, irfan\u0131n\u0131 veren, onu mayalayan \u201cAnadolu bilgelik denizinin\u201d erenleri, abdallar\u0131, gazi-leri \u00fczerinden inan\u00e7lar, gelenekler, \u00f6rf ve \u00e2detlerdeki eski k\u00fclt\u00fcrlerin izlerini arayan \u00dclken, 50 y\u0131ldan fazla s\u00fcren \u00e7al\u0131\u015fmalar\u0131nda bir c\u00fcmlede \u00f6zetledi\u011fi \u015fu d\u00fc\u015f\u00fcncesini derinlemesine i\u015fledi ve yaz\u0131lar\u0131nda ortaya koydu:\u201cAnadolu\u2019ya yerle\u015fen T\u00fcrkler buraya kendi geleneklerini getirdiler, bunlar\u0131 \u0130sl\u00e2m din\u00ee ku-rallar\u0131, medrese ve tekkenin verdi\u011fi Arap ve Fars k\u00fclt\u00fcr\u00fc unsurlar\u0131, yerli Anadolu k\u00fclt\u00fcr\u00fc <\/p>\n","protected":false},"excerpt":{"rendered":"<p>T\u00fcrk k\u00fclt\u00fcr tarihinin olu\u015fumu ve geli\u015fimine dair yepyeni bir bak\u0131\u015f ilk kez Hilmi Ziya \u00dcl-ken\u2019in yorumlar\u0131yla g\u00fcndeme geldi.Anadolu k\u00fclt\u00fcr\u00fcn\u00fcn kaynaklar\u0131na indi\u011fi bu \u00e7al\u0131\u015fmas\u0131nda \u00dclken, Orta Asya\u2019dan<span class=\"excerpt-hellip\"> [\u2026]<\/span><\/p>\n","protected":false},"featured_media":0,"template":"","meta":{"_monsterinsights_skip_tracking":false,"_monsterinsights_sitenote_active":false,"_monsterinsights_sitenote_note":"","_monsterinsights_sitenote_category":0},"product_brand":[],"product_cat":[13590,12337],"product_tag":[],"class_list":{"0":"post-709813","1":"product","2":"type-product","3":"status-publish","5":"product_cat-arastirma-inceleme-politika-siyaset","6":"product_cat-politika-siyaset","7":"pa_cilt-ciltsiz","8":"pa_tur-dergi","9":"pa_yayinevi-dogu-bati-yayinlari","10":"pa_yazar-hilmi-ziya-ulken","12":"first","13":"instock","14":"sale","15":"shipping-taxable","16":"purchasable","17":"product-type-simple"},"_links":{"self":[{"href":"https:\/\/roveyayinevi.com.tr\/index.php\/wp-json\/wp\/v2\/product\/709813","targetHints":{"allow":["GET"]}}],"collection":[{"href":"https:\/\/roveyayinevi.com.tr\/index.php\/wp-json\/wp\/v2\/product"}],"about":[{"href":"https:\/\/roveyayinevi.com.tr\/index.php\/wp-json\/wp\/v2\/types\/product"}],"wp:attachment":[{"href":"https:\/\/roveyayinevi.com.tr\/index.php\/wp-json\/wp\/v2\/media?parent=709813"}],"wp:term":[{"taxonomy":"product_brand","embeddable":true,"href":"https:\/\/roveyayinevi.com.tr\/index.php\/wp-json\/wp\/v2\/product_brand?post=709813"},{"taxonomy":"product_cat","embeddable":true,"href":"https:\/\/roveyayinevi.com.tr\/index.php\/wp-json\/wp\/v2\/product_cat?post=709813"},{"taxonomy":"product_tag","embeddable":true,"href":"https:\/\/roveyayinevi.com.tr\/index.php\/wp-json\/wp\/v2\/product_tag?post=709813"}],"curies":[{"name":"wp","href":"https:\/\/api.w.org\/{rel}","templated":true}]}}