{"id":709810,"date":"2025-08-27T16:29:21","date_gmt":"2025-08-27T13:29:21","guid":{"rendered":"https:\/\/roveyayinevi.com.tr\/index.php\/urun\/aristoteles-filozof-ve-bilme-meselesi\/"},"modified":"2026-04-16T02:18:44","modified_gmt":"2026-04-15T23:18:44","slug":"aristoteles-filozof-ve-bilme-meselesi","status":"publish","type":"product","link":"https:\/\/roveyayinevi.com.tr\/index.php\/urun\/aristoteles-filozof-ve-bilme-meselesi\/","title":{"rendered":"Aristoteles-Filozof ve Bilme Meselesi"},"content":{"rendered":"<p>G\u00fcn\u00fcm\u00fczde, bir\u00e7ok bi\u00e7imde Aristoteles\u00e7i olunabilir. Ger\u00e7i istesek de istemesek de zaten Aristoteles\u00e7iyiz. Bunun nedeni, Aristoteles\u2019in zihinsel ve entelekt\u00fcel manzaram\u0131zda sahip oldu\u011fu tarihsel a\u011f\u0131rl\u0131\u011f\u0131n, ba\u015fka hi\u00e7 kimseninkiyle k\u0131yas kabul etmiyor olmas\u0131d\u0131r. G\u00f6z\u00fcm\u00fcz\u00fcn \u00f6n\u00fcnde geli\u015fme kaydeden her disiplinin Aristoteles\u00e7i bir temeli vard\u0131r. Aristoteles\u00e7i olman\u0131n bir nedeni de Aristoteles\u00e7ili\u011fin bir tezler b\u00fct\u00fcn\u00fcnden ziyade bir felsefe yapma bi\u00e7imi olmas\u0131d\u0131r. Bir ba\u015fka deyi\u015fle, hem \u00f6zneyi bilinen nesneye ve bizatihi bilgiye g\u00f6re konumland\u0131rma, hem de kelimenin co\u011fraf\u00ee anlam\u0131yla bilmenin haritas\u0131n\u0131 \u00e7izme durumu s\u00f6z konusudur. Dolay\u0131s\u0131yla Aristoteles felsefesindeki k\u0131r\u0131lmalar\u0131 tespit etmek, birle\u015fme noktalar\u0131n\u0131 ve ge\u00e7i\u015fleri bulmak ve farkl\u0131 yerlerde bulunan ayn\u0131 \u015femalar\u0131 te\u015fhis etmek gerekir. Bu kitap da Aristoteles\u2019in eserlerinin b\u00fct\u00fcn\u00fcne \u201cbilme meselesi\u201d do\u011frultusunda bir g\u00fczerg\u00e2h \u00e7izmeyi \u00f6neriyor. <\/p>\n","protected":false},"excerpt":{"rendered":"<p>G\u00fcn\u00fcm\u00fczde, bir\u00e7ok bi\u00e7imde Aristoteles\u00e7i olunabilir. Ger\u00e7i istesek de istemesek de zaten Aristoteles\u00e7iyiz. Bunun nedeni, Aristoteles\u2019in zihinsel ve entelekt\u00fcel manzaram\u0131zda sahip oldu\u011fu tarihsel a\u011f\u0131rl\u0131\u011f\u0131n, ba\u015fka hi\u00e7 kimseninkiyle<span class=\"excerpt-hellip\"> [\u2026]<\/span><\/p>\n","protected":false},"featured_media":0,"template":"","meta":{"_monsterinsights_skip_tracking":false,"_monsterinsights_sitenote_active":false,"_monsterinsights_sitenote_note":"","_monsterinsights_sitenote_category":0},"product_brand":[],"product_cat":[12388,13555],"product_tag":[],"class_list":{"0":"post-709810","1":"product","2":"type-product","3":"status-publish","5":"product_cat-felsefe","6":"product_cat-genel-felsefe","7":"pa_cilt-ciltsiz","8":"pa_tur-kitap","9":"pa_yayinevi-yapi-kredi-yayinlari","10":"pa_yazar-michel-crubellier-pierre-pellegrin","12":"first","13":"instock","14":"sale","15":"shipping-taxable","16":"purchasable","17":"product-type-simple"},"_links":{"self":[{"href":"https:\/\/roveyayinevi.com.tr\/index.php\/wp-json\/wp\/v2\/product\/709810","targetHints":{"allow":["GET"]}}],"collection":[{"href":"https:\/\/roveyayinevi.com.tr\/index.php\/wp-json\/wp\/v2\/product"}],"about":[{"href":"https:\/\/roveyayinevi.com.tr\/index.php\/wp-json\/wp\/v2\/types\/product"}],"wp:attachment":[{"href":"https:\/\/roveyayinevi.com.tr\/index.php\/wp-json\/wp\/v2\/media?parent=709810"}],"wp:term":[{"taxonomy":"product_brand","embeddable":true,"href":"https:\/\/roveyayinevi.com.tr\/index.php\/wp-json\/wp\/v2\/product_brand?post=709810"},{"taxonomy":"product_cat","embeddable":true,"href":"https:\/\/roveyayinevi.com.tr\/index.php\/wp-json\/wp\/v2\/product_cat?post=709810"},{"taxonomy":"product_tag","embeddable":true,"href":"https:\/\/roveyayinevi.com.tr\/index.php\/wp-json\/wp\/v2\/product_tag?post=709810"}],"curies":[{"name":"wp","href":"https:\/\/api.w.org\/{rel}","templated":true}]}}