{"id":709809,"date":"2025-08-27T16:29:20","date_gmt":"2025-08-27T13:29:20","guid":{"rendered":"https:\/\/roveyayinevi.com.tr\/index.php\/urun\/dalgin-daglar-cizgili-sari-defter-golgenin-cani\/"},"modified":"2026-02-03T02:29:46","modified_gmt":"2026-02-02T23:29:46","slug":"dalgin-daglar-cizgili-sari-defter-golgenin-cani","status":"publish","type":"product","link":"https:\/\/roveyayinevi.com.tr\/index.php\/urun\/dalgin-daglar-cizgili-sari-defter-golgenin-cani\/","title":{"rendered":"Dalg\u0131n Da\u011flar-\u00c7izgili Sar\u0131 Defter-G\u00f6lgenin Can\u0131"},"content":{"rendered":"<p>\u201cYa\u015fam, d\u00fc\u015f gibiydi ger\u00e7ekten. Ama neden ger\u00e7eklik, insan\u0131 bu kadar derinden incitiyordu?\u201d Kadim zamanlarda, antik d\u00f6nemlerde ya da g\u00fcn\u00fcm\u00fczde ge\u00e7en; \u015fehirleri, \u00fclkeleri, k\u00fclt\u00fcrleri kateden, b\u00fct\u00fcn zamanlara ait \u00f6yk\u00fcler\u2026 Zaman\u0131n ve a\u015fk\u0131n derinliklerinde gezinen gizli bir el, ruhun katmanlar\u0131n\u0131 ustal\u0131kla harmanlay\u0131p seriyor \u00f6n\u00fcm\u00fcze\u2026 Dalg\u0131n Da\u011flar, G\u00fcrsel Korat\u2019\u0131n daha \u00f6nce yay\u0131mlanan \u00c7izgili Sar\u0131 Defter ve G\u00f6lgenin Can\u0131 adl\u0131 \u00f6yk\u00fc kitaplar\u0131n\u0131 bir araya getiriyor. \u201cEla g\u00f6zlerini d\u00fc\u015f\u00fcnd\u00fcm; bu g\u00f6zlerde kurumu\u015f nehir boylar\u0131, sazl\u0131klar, yaln\u0131zl\u0131klar, \u00e7ocuk ya\u015fta \u00f6lm\u00fc\u015f bir o\u011ful i\u00e7in d\u00f6k\u00fclen ya\u015flar, annesi i\u00e7in g\u00fclen, babas\u0131 i\u00e7in yakaran, kocas\u0131 i\u00e7in seven bak\u0131\u015flar sakl\u0131yd\u0131. Su ku\u015flar\u0131n\u0131n tedirgin ne\u015fesiyle bakm\u0131\u015ft\u0131 bu g\u00f6zler; otlar, uzun kavaklar g\u00f6rm\u00fc\u015ft\u00fc, sar\u0131 tarlalar\u0131n i\u00e7inde yitip giden \u00e7ocuklu\u011fu i\u00e7in a\u011flam\u0131\u015f, uzun bir nehre benzeyen tela\u015fl\u0131 \u00f6mr\u00fcn\u00fcn son \u00fcz\u00fcnt\u00fclerini de i\u00e7ine alarak, s\u0131ms\u0131k\u0131 kapanm\u0131\u015ft\u0131.\u201d <\/p>\n","protected":false},"excerpt":{"rendered":"<p>\u201cYa\u015fam, d\u00fc\u015f gibiydi ger\u00e7ekten. Ama neden ger\u00e7eklik, insan\u0131 bu kadar derinden incitiyordu?\u201d Kadim zamanlarda, antik d\u00f6nemlerde ya da g\u00fcn\u00fcm\u00fczde ge\u00e7en; \u015fehirleri, \u00fclkeleri, k\u00fclt\u00fcrleri kateden, b\u00fct\u00fcn zamanlara<span class=\"excerpt-hellip\"> [\u2026]<\/span><\/p>\n","protected":false},"featured_media":0,"template":"","meta":{"_monsterinsights_skip_tracking":false,"_monsterinsights_sitenote_active":false,"_monsterinsights_sitenote_note":"","_monsterinsights_sitenote_category":0},"product_brand":[],"product_cat":[12291,12711],"product_tag":[],"class_list":{"0":"post-709809","1":"product","2":"type-product","3":"status-publish","5":"product_cat-edebiyat","6":"product_cat-roman-oyku","7":"pa_cilt-ciltsiz","8":"pa_tur-kitap","9":"pa_yayinevi-yapi-kredi-yayinlari","10":"pa_yazar-gursel-korat","12":"first","13":"instock","14":"sale","15":"shipping-taxable","16":"purchasable","17":"product-type-simple"},"_links":{"self":[{"href":"https:\/\/roveyayinevi.com.tr\/index.php\/wp-json\/wp\/v2\/product\/709809","targetHints":{"allow":["GET"]}}],"collection":[{"href":"https:\/\/roveyayinevi.com.tr\/index.php\/wp-json\/wp\/v2\/product"}],"about":[{"href":"https:\/\/roveyayinevi.com.tr\/index.php\/wp-json\/wp\/v2\/types\/product"}],"wp:attachment":[{"href":"https:\/\/roveyayinevi.com.tr\/index.php\/wp-json\/wp\/v2\/media?parent=709809"}],"wp:term":[{"taxonomy":"product_brand","embeddable":true,"href":"https:\/\/roveyayinevi.com.tr\/index.php\/wp-json\/wp\/v2\/product_brand?post=709809"},{"taxonomy":"product_cat","embeddable":true,"href":"https:\/\/roveyayinevi.com.tr\/index.php\/wp-json\/wp\/v2\/product_cat?post=709809"},{"taxonomy":"product_tag","embeddable":true,"href":"https:\/\/roveyayinevi.com.tr\/index.php\/wp-json\/wp\/v2\/product_tag?post=709809"}],"curies":[{"name":"wp","href":"https:\/\/api.w.org\/{rel}","templated":true}]}}