{"id":709806,"date":"2025-08-27T16:29:18","date_gmt":"2025-08-27T13:29:18","guid":{"rendered":"https:\/\/roveyayinevi.com.tr\/index.php\/urun\/yaz-boz-tahtasi\/"},"modified":"2026-04-16T02:18:44","modified_gmt":"2026-04-15T23:18:44","slug":"yaz-boz-tahtasi","status":"publish","type":"product","link":"https:\/\/roveyayinevi.com.tr\/index.php\/urun\/yaz-boz-tahtasi\/","title":{"rendered":"Yaz Boz Tahtas\u0131"},"content":{"rendered":"<p>Yaz Boz Tahtas\u0131 Haldun Taner\u2019in Deveku\u015funa Mektuplar ba\u015fl\u0131kl\u0131 k\u00f6\u015fe yaz\u0131lar\u0131ndan olu\u015fan ikinci kitab\u0131. 1970\u2019li y\u0131llarda g\u00fcnl\u00fck olaylar, toplumsal, siyasal, k\u00fclt\u00fcrel geli\u015fmeler, de\u011fi\u015fmeler ve en \u00f6nemlisi tekrarlanan sorunlar \u00e7evresindeki g\u00f6r\u00fc\u015fleri ilgiyle izlenen, gazete yazarl\u0131\u011f\u0131na bir k\u00fclt\u00fcrel derinlik, edebi lezzet getiren bir yazard\u0131 Haldun Taner. O g\u00fcnlerde Haldun Taner gibi tiryakisi olan yazarlar\u0131n k\u00f6\u015fe yaz\u0131lar\u0131 okurlar\u0131nca kesilir, biriktirilir, saklan\u0131rd\u0131. O y\u00fczden de bu yaz\u0131lardan olu\u015fan kitaplar b\u00fcy\u00fck ilgi g\u00f6r\u00fcrd\u00fc. Haldun Taner, Yaz Boz Tahtas\u0131\u2019nda bir araya getirdi\u011fi, Milliyet gazetesinde yay\u0131mlanm\u0131\u015f, g\u00fcncelli\u011fini yitirmeyen yaz\u0131lar\u0131nda yine ele\u015ftirel akl\u0131n\u0131, ince zek\u00e2s\u0131n\u0131, k\u0131vrak dilini ustal\u0131kla kullan\u0131yor. Sa\u011flam d\u00fc\u015f\u00fcncenin durulu\u011fu, derinliklerdeki \u00e7eli\u015fkileri yakalayan \u00e7ok y\u00f6nl\u00fc bak\u0131\u015f a\u00e7\u0131s\u0131 bu kitab\u0131nda da dikkati \u00e7eken bir \u00f6zellik. Haldun Taner, \u201cyaz boz tahtas\u0131\u201d olmaktan kurtulamayan bu \u00fclkenin meselelerine kafa yoranlar\u0131n g\u00f6zard\u0131 edemeyecekleri bir yazar. <\/p>\n","protected":false},"excerpt":{"rendered":"<p>Yaz Boz Tahtas\u0131 Haldun Taner\u2019in Deveku\u015funa Mektuplar ba\u015fl\u0131kl\u0131 k\u00f6\u015fe yaz\u0131lar\u0131ndan olu\u015fan ikinci kitab\u0131. 1970\u2019li y\u0131llarda g\u00fcnl\u00fck olaylar, toplumsal, siyasal, k\u00fclt\u00fcrel geli\u015fmeler, de\u011fi\u015fmeler ve en \u00f6nemlisi tekrarlanan<span class=\"excerpt-hellip\"> [\u2026]<\/span><\/p>\n","protected":false},"featured_media":0,"template":"","meta":{"_monsterinsights_skip_tracking":false,"_monsterinsights_sitenote_active":false,"_monsterinsights_sitenote_note":"","_monsterinsights_sitenote_category":0},"product_brand":[],"product_cat":[12777,12291],"product_tag":[],"class_list":{"0":"post-709806","1":"product","2":"type-product","3":"status-publish","5":"product_cat-deneme","6":"product_cat-edebiyat","7":"pa_cilt-ciltsiz","8":"pa_tur-kitap","9":"pa_yayinevi-yapi-kredi-yayinlari","10":"pa_yazar-haldun-taner","12":"first","13":"instock","14":"sale","15":"shipping-taxable","16":"purchasable","17":"product-type-simple"},"_links":{"self":[{"href":"https:\/\/roveyayinevi.com.tr\/index.php\/wp-json\/wp\/v2\/product\/709806","targetHints":{"allow":["GET"]}}],"collection":[{"href":"https:\/\/roveyayinevi.com.tr\/index.php\/wp-json\/wp\/v2\/product"}],"about":[{"href":"https:\/\/roveyayinevi.com.tr\/index.php\/wp-json\/wp\/v2\/types\/product"}],"wp:attachment":[{"href":"https:\/\/roveyayinevi.com.tr\/index.php\/wp-json\/wp\/v2\/media?parent=709806"}],"wp:term":[{"taxonomy":"product_brand","embeddable":true,"href":"https:\/\/roveyayinevi.com.tr\/index.php\/wp-json\/wp\/v2\/product_brand?post=709806"},{"taxonomy":"product_cat","embeddable":true,"href":"https:\/\/roveyayinevi.com.tr\/index.php\/wp-json\/wp\/v2\/product_cat?post=709806"},{"taxonomy":"product_tag","embeddable":true,"href":"https:\/\/roveyayinevi.com.tr\/index.php\/wp-json\/wp\/v2\/product_tag?post=709806"}],"curies":[{"name":"wp","href":"https:\/\/api.w.org\/{rel}","templated":true}]}}