{"id":709802,"date":"2025-08-27T16:29:16","date_gmt":"2025-08-27T13:29:16","guid":{"rendered":"https:\/\/roveyayinevi.com.tr\/index.php\/urun\/bilim-felsefesi-4\/"},"modified":"2026-04-16T02:18:44","modified_gmt":"2026-04-15T23:18:44","slug":"bilim-felsefesi-4","status":"publish","type":"product","link":"https:\/\/roveyayinevi.com.tr\/index.php\/urun\/bilim-felsefesi-4\/","title":{"rendered":"Bilim Felsefesi"},"content":{"rendered":"<p>Bilim ile felsefe, birbirlerinden ba\u011f\u0131ms\u0131z alanlarm\u0131\u015f\u00e7as\u0131na varl\u0131klar\u0131n\u0131 s\u00fcrd\u00fcr\u00fcrler. \u00dcniversitelerdeki felsefe \u00f6\u011frencilerinden fizik veya matematik, fen bilimleri \u00f6\u011frencilerinden ise felsefe bilmeleri beklenmez. Peki, bilim ve felsefe ger\u00e7ekten birbirlerinden ba\u011f\u0131ms\u0131z alanlar m\u0131d\u0131r? Hep b\u00f6yle ayr\u0131 ayr\u0131 m\u0131 var olmu\u015flard\u0131r? Viyana \u00c7evresi ad\u0131yla \u00fcnlenen, tarihin \u00f6nemli bilim filozoflar\u0131n\u0131 bir araya getiren toplulu\u011fun \u00fcyelerinden olan Philipp Frank, bu kitab\u0131nda bize durumun hi\u00e7 de \u00f6yle olmad\u0131\u011f\u0131n\u0131 g\u00f6steriyor. Frank\u2019tan \u00f6\u011frendi\u011fimiz kadar\u0131yla, fizik veya geometri, k\u0131sacas\u0131 genel olarak bilim, felsefi olmayan bir u\u011fra\u015f de\u011fildir. Bilimin \u00e7e\u015fitli alanlar\u0131ndaki b\u00fcy\u00fck de\u011fi\u015fimleri de\u011ferlendirerek bize olduk\u00e7a ilgin\u00e7 tarihsel bilgiler sunan Frank, bilim ile felsefenin asl\u0131nda birbirleriyle i\u00e7 i\u00e7e ge\u00e7mi\u015f alanlar oldu\u011funu anlat\u0131yor. Bu iki b\u00fcy\u00fck alan, zamanla ayr\u0131 ayr\u0131 u\u011fra\u015flar gibi g\u00f6r\u00fcnmeye ba\u015flam\u0131\u015f olsa da aralar\u0131ndaki ba\u011f yok olmam\u0131\u015f, yaln\u0131zca g\u00f6r\u00fcnmez bir hal alm\u0131\u015ft\u0131r. Bilim ile felsefe aras\u0131ndaki ba\u011f\u0131 anlaman\u0131n yolu ise Bilim Felsefesinden ge\u00e7er.<\/p>\n","protected":false},"excerpt":{"rendered":"<p>Bilim ile felsefe, birbirlerinden ba\u011f\u0131ms\u0131z alanlarm\u0131\u015f\u00e7as\u0131na varl\u0131klar\u0131n\u0131 s\u00fcrd\u00fcr\u00fcrler. \u00dcniversitelerdeki felsefe \u00f6\u011frencilerinden fizik veya matematik, fen bilimleri \u00f6\u011frencilerinden ise felsefe bilmeleri beklenmez. Peki, bilim ve felsefe ger\u00e7ekten<span class=\"excerpt-hellip\"> [\u2026]<\/span><\/p>\n","protected":false},"featured_media":0,"template":"","meta":{"_monsterinsights_skip_tracking":false,"_monsterinsights_sitenote_active":false,"_monsterinsights_sitenote_note":"","_monsterinsights_sitenote_category":0},"product_brand":[],"product_cat":[12312,12304],"product_tag":[],"class_list":{"0":"post-709802","1":"product","2":"type-product","3":"status-publish","5":"product_cat-diger","6":"product_cat-tarih","7":"pa_cilt-ciltsiz","8":"pa_tur-kitap","9":"pa_yayinevi-say-yayinlari","10":"pa_yazar-philipp-frank","12":"first","13":"instock","14":"sale","15":"shipping-taxable","16":"purchasable","17":"product-type-simple"},"_links":{"self":[{"href":"https:\/\/roveyayinevi.com.tr\/index.php\/wp-json\/wp\/v2\/product\/709802","targetHints":{"allow":["GET"]}}],"collection":[{"href":"https:\/\/roveyayinevi.com.tr\/index.php\/wp-json\/wp\/v2\/product"}],"about":[{"href":"https:\/\/roveyayinevi.com.tr\/index.php\/wp-json\/wp\/v2\/types\/product"}],"wp:attachment":[{"href":"https:\/\/roveyayinevi.com.tr\/index.php\/wp-json\/wp\/v2\/media?parent=709802"}],"wp:term":[{"taxonomy":"product_brand","embeddable":true,"href":"https:\/\/roveyayinevi.com.tr\/index.php\/wp-json\/wp\/v2\/product_brand?post=709802"},{"taxonomy":"product_cat","embeddable":true,"href":"https:\/\/roveyayinevi.com.tr\/index.php\/wp-json\/wp\/v2\/product_cat?post=709802"},{"taxonomy":"product_tag","embeddable":true,"href":"https:\/\/roveyayinevi.com.tr\/index.php\/wp-json\/wp\/v2\/product_tag?post=709802"}],"curies":[{"name":"wp","href":"https:\/\/api.w.org\/{rel}","templated":true}]}}