{"id":709800,"date":"2025-08-27T16:29:15","date_gmt":"2025-08-27T13:29:15","guid":{"rendered":"https:\/\/roveyayinevi.com.tr\/index.php\/urun\/ugur-bocegi-uc-uc-lusi\/"},"modified":"2026-04-16T02:18:44","modified_gmt":"2026-04-15T23:18:44","slug":"ugur-bocegi-uc-uc-lusi","status":"publish","type":"product","link":"https:\/\/roveyayinevi.com.tr\/index.php\/urun\/ugur-bocegi-uc-uc-lusi\/","title":{"rendered":"U\u011fur B\u00f6ce\u011fi U\u00e7 U\u00e7 Lusi"},"content":{"rendered":"<p>U\u011fur b\u00f6cce\u011fi u\u00e7 u\u00e7 lusi&#8217;\u2019nin s\u0131rt\u0131nda hi\u00e7 benek yoktu! Ama k\u00fc\u00e7\u00fck Lusi de di\u011fer karde\u015fleri gibi olmak, s\u0131rt\u0131nda g\u00fczel benekleriyle u\u00e7mak istiyordu. Renkler ve mevsimleri anlat\u0131rken i\u00e7inizi \u0131s\u0131tacak bir kitap! \u00dcstelik sonunda da b\u00fcy\u00fck bir s\u00fcrpriz var! <\/p>\n","protected":false},"excerpt":{"rendered":"<p>U\u011fur b\u00f6cce\u011fi u\u00e7 u\u00e7 lusi&#8217;\u2019nin s\u0131rt\u0131nda hi\u00e7 benek yoktu! Ama k\u00fc\u00e7\u00fck Lusi de di\u011fer karde\u015fleri gibi olmak, s\u0131rt\u0131nda g\u00fczel benekleriyle u\u00e7mak istiyordu. Renkler ve mevsimleri anlat\u0131rken<span class=\"excerpt-hellip\"> [\u2026]<\/span><\/p>\n","protected":false},"featured_media":0,"template":"","meta":{"_monsterinsights_skip_tracking":false,"_monsterinsights_sitenote_active":false,"_monsterinsights_sitenote_note":"","_monsterinsights_sitenote_category":0},"product_brand":[],"product_cat":[12913,12274],"product_tag":[],"class_list":{"0":"post-709800","1":"product","2":"type-product","3":"status-publish","5":"product_cat-3-6-yas-kitaplari","6":"product_cat-cocuk-ve-genclik-kitaplari","7":"pa_cilt-ciltsiz","8":"pa_tur-kitap","9":"pa_yayinevi-is-bankasi-kultur-yayinlari","10":"pa_yazar-sharon-king-chai","12":"first","13":"instock","14":"sale","15":"shipping-taxable","16":"purchasable","17":"product-type-simple"},"_links":{"self":[{"href":"https:\/\/roveyayinevi.com.tr\/index.php\/wp-json\/wp\/v2\/product\/709800","targetHints":{"allow":["GET"]}}],"collection":[{"href":"https:\/\/roveyayinevi.com.tr\/index.php\/wp-json\/wp\/v2\/product"}],"about":[{"href":"https:\/\/roveyayinevi.com.tr\/index.php\/wp-json\/wp\/v2\/types\/product"}],"wp:attachment":[{"href":"https:\/\/roveyayinevi.com.tr\/index.php\/wp-json\/wp\/v2\/media?parent=709800"}],"wp:term":[{"taxonomy":"product_brand","embeddable":true,"href":"https:\/\/roveyayinevi.com.tr\/index.php\/wp-json\/wp\/v2\/product_brand?post=709800"},{"taxonomy":"product_cat","embeddable":true,"href":"https:\/\/roveyayinevi.com.tr\/index.php\/wp-json\/wp\/v2\/product_cat?post=709800"},{"taxonomy":"product_tag","embeddable":true,"href":"https:\/\/roveyayinevi.com.tr\/index.php\/wp-json\/wp\/v2\/product_tag?post=709800"}],"curies":[{"name":"wp","href":"https:\/\/api.w.org\/{rel}","templated":true}]}}