{"id":709796,"date":"2025-08-27T16:29:13","date_gmt":"2025-08-27T13:29:13","guid":{"rendered":"https:\/\/roveyayinevi.com.tr\/index.php\/urun\/kusaklararasi-catismaya-duygusal-ve-zihinsel-cozumler\/"},"modified":"2026-04-16T02:18:44","modified_gmt":"2026-04-15T23:18:44","slug":"kusaklararasi-catismaya-duygusal-ve-zihinsel-cozumler","status":"publish","type":"product","link":"https:\/\/roveyayinevi.com.tr\/index.php\/urun\/kusaklararasi-catismaya-duygusal-ve-zihinsel-cozumler\/","title":{"rendered":"Ku\u015faklararas\u0131 \u00c7at\u0131\u015fmaya Duygusal ve Zihinsel \u00c7\u00f6z\u00fcmler"},"content":{"rendered":"<p>\u0130\u00e7indekiler 1-Bilgi\/\u0130leti\u015fim \u00c7a\u011f\u0131 Ve Ku\u015fak \u00c7at\u0131\u015fmas\u0131 2-\u0130li\u015fkiler 3-Yeni\u00e7a\u011f \u00c7ocuklar\u0131 (Kuantum \u00c7ocuklar) 4-Alternatif Terapiler ve EFT  (Zihinsel ve Duygusal \u00d6zg\u00fcrl\u00fck Tekni\u011fi) 5- EFT Ve \u00c7ocuklar 6- Ba\u015fka EFT Teknikleri 7-Eft Terapisi Nas\u0131l Bulunur 8-Zihinsel Sa\u011fl\u0131k \u0130\u00e7in EFT 9- \u00d6rnek \u00c7al\u0131\u015fmalar <\/p>\n","protected":false},"excerpt":{"rendered":"<p>\u0130\u00e7indekiler 1-Bilgi\/\u0130leti\u015fim \u00c7a\u011f\u0131 Ve Ku\u015fak \u00c7at\u0131\u015fmas\u0131 2-\u0130li\u015fkiler 3-Yeni\u00e7a\u011f \u00c7ocuklar\u0131 (Kuantum \u00c7ocuklar) 4-Alternatif Terapiler ve EFT (Zihinsel ve Duygusal \u00d6zg\u00fcrl\u00fck Tekni\u011fi) 5- EFT Ve \u00c7ocuklar 6- Ba\u015fka<span class=\"excerpt-hellip\"> [\u2026]<\/span><\/p>\n","protected":false},"featured_media":0,"template":"","meta":{"_monsterinsights_skip_tracking":false,"_monsterinsights_sitenote_active":false,"_monsterinsights_sitenote_note":"","_monsterinsights_sitenote_category":0},"product_brand":[],"product_cat":[12573,12566],"product_tag":[],"class_list":{"0":"post-709796","1":"product","2":"type-product","3":"status-publish","5":"product_cat-akademik-kitaplar","6":"product_cat-egitim","7":"pa_cilt-ciltsiz","8":"pa_tur-kitap","9":"pa_yayinevi-gazi-kitabevi","10":"pa_yazar-umit-grace-samur","12":"first","13":"instock","14":"sale","15":"shipping-taxable","16":"purchasable","17":"product-type-simple"},"_links":{"self":[{"href":"https:\/\/roveyayinevi.com.tr\/index.php\/wp-json\/wp\/v2\/product\/709796","targetHints":{"allow":["GET"]}}],"collection":[{"href":"https:\/\/roveyayinevi.com.tr\/index.php\/wp-json\/wp\/v2\/product"}],"about":[{"href":"https:\/\/roveyayinevi.com.tr\/index.php\/wp-json\/wp\/v2\/types\/product"}],"wp:attachment":[{"href":"https:\/\/roveyayinevi.com.tr\/index.php\/wp-json\/wp\/v2\/media?parent=709796"}],"wp:term":[{"taxonomy":"product_brand","embeddable":true,"href":"https:\/\/roveyayinevi.com.tr\/index.php\/wp-json\/wp\/v2\/product_brand?post=709796"},{"taxonomy":"product_cat","embeddable":true,"href":"https:\/\/roveyayinevi.com.tr\/index.php\/wp-json\/wp\/v2\/product_cat?post=709796"},{"taxonomy":"product_tag","embeddable":true,"href":"https:\/\/roveyayinevi.com.tr\/index.php\/wp-json\/wp\/v2\/product_tag?post=709796"}],"curies":[{"name":"wp","href":"https:\/\/api.w.org\/{rel}","templated":true}]}}