{"id":709795,"date":"2025-08-27T16:29:13","date_gmt":"2025-08-27T13:29:13","guid":{"rendered":"https:\/\/roveyayinevi.com.tr\/index.php\/urun\/turk-hava-gucu-kurulusu-ilk-seferleri-ve-yukselisi-1911-1950\/"},"modified":"2026-04-16T02:18:44","modified_gmt":"2026-04-15T23:18:44","slug":"turk-hava-gucu-kurulusu-ilk-seferleri-ve-yukselisi-1911-1950","status":"publish","type":"product","link":"https:\/\/roveyayinevi.com.tr\/index.php\/urun\/turk-hava-gucu-kurulusu-ilk-seferleri-ve-yukselisi-1911-1950\/","title":{"rendered":"T\u00fcrk Hava G\u00fcc\u00fc &#8211; Kurulu\u015fu, \u0130lk Seferleri ve Y\u00fckseli\u015fi (1911-1950)"},"content":{"rendered":"<p>T\u00fcrk askeri havac\u0131l\u0131k tarihi, Harbiye Naz\u0131r\u0131 Mahmut \u015eevket Pa\u015fa\u2019n\u0131n Kurmay Yarbay S\u00fcreyya Bey\u2019i (\u0130lmen) g\u00f6revlendirmesinin ard\u0131ndan kurulan d\u00f6rt ki\u015filik komisyondan 33 y\u0131lda m\u00fcstakil orduya ge\u00e7i\u015fin tarihidir. T\u00fcrk ordusunun ilk u\u00e7aklar\u0131n\u0131 ald\u0131\u011f\u0131, ilk pilotlar\u0131n\u0131 yeti\u015ftirdi\u011fi, hava okulunu kurdu\u011fu ve hava te\u015fkilat\u0131n\u0131 olu\u015fturdu\u011fu s\u00fcre\u00e7ten hemen sonra girdi\u011fi Balkan Sava\u015flar\u0131\u2019nda T\u00fcrk askeri havac\u0131l\u0131\u011f\u0131 b\u00fcy\u00fck bir s\u0131nav vermi\u015f, K\u0131talararas\u0131 Hava Seferi\u2019nin ger\u00e7ekle\u015ftirilmesinin ard\u0131ndan Birinci D\u00fcnya Sava\u015f\u0131\u2019nda pek \u00e7ok cephede \u00f6nemli roller oynam\u0131\u015ft\u0131r. Osmanl\u0131 \u0130mparatorlu\u011fu d\u00f6neminde havac\u0131l\u0131k alan\u0131nda yap\u0131lan \u00e7al\u0131\u015fmalar ve edinilen tecr\u00fcbeler Milli M\u00fccadele y\u0131llar\u0131nda T\u00fcrk havac\u0131l\u0131\u011f\u0131n\u0131n Anadolu\u2019da yeniden kurulmas\u0131n\u0131 sa\u011flam\u0131\u015ft\u0131r. Hava g\u00fcc\u00fcn\u00fcn sava\u015flardaki etkisine \u015fahit olan Cumhuriyet\u2019in kurucular\u0131, milli imk\u00e2n ve kabiliyetleri de de\u011ferlendirerek askeri havac\u0131l\u0131\u011f\u0131n sa\u011flam temeller \u00fczerinde y\u00fckselmesine \u00f6zen g\u00f6stermi\u015flerdir. 1950 y\u0131l\u0131na gelindi\u011finde T\u00fcrk Hava Kuvvetleri, Hava Harp Akademisi d\u0131\u015f\u0131nda b\u00fct\u00fcn hava unsurlar\u0131n\u0131 b\u00fcnyesine alarak m\u00fcstakil ve modern bir kuvvet olmu\u015ftur. T\u00fcrk Hava G\u00fcc\u00fc, T\u00fcrk askeri havac\u0131l\u0131\u011f\u0131n\u0131n Milli M\u00fccadele y\u0131llar\u0131nda yeniden do\u011fu\u015fu, Cumhuriyet\u2019e giden s\u00fcre\u00e7teki k\u00f6\u015fe ta\u015flar\u0131 ile m\u00fcstakil kuvvet olma yolunda at\u0131lan ad\u0131mlar i\u00e7in bir ba\u015fvuru kayna\u011f\u0131. \ufffcTan\u0131t\u0131m Metni<\/p>\n","protected":false},"excerpt":{"rendered":"<p>T\u00fcrk askeri havac\u0131l\u0131k tarihi, Harbiye Naz\u0131r\u0131 Mahmut \u015eevket Pa\u015fa\u2019n\u0131n Kurmay Yarbay S\u00fcreyya Bey\u2019i (\u0130lmen) g\u00f6revlendirmesinin ard\u0131ndan kurulan d\u00f6rt ki\u015filik komisyondan 33 y\u0131lda m\u00fcstakil orduya ge\u00e7i\u015fin tarihidir.<span class=\"excerpt-hellip\"> [\u2026]<\/span><\/p>\n","protected":false},"featured_media":0,"template":"","meta":{"_monsterinsights_skip_tracking":false,"_monsterinsights_sitenote_active":false,"_monsterinsights_sitenote_note":"","_monsterinsights_sitenote_category":0},"product_brand":[],"product_cat":[13590,12337],"product_tag":[],"class_list":{"0":"post-709795","1":"product","2":"type-product","3":"status-publish","5":"product_cat-arastirma-inceleme-politika-siyaset","6":"product_cat-politika-siyaset","7":"pa_cilt-ciltsiz","8":"pa_tur-kitap","9":"pa_yayinevi-is-bankasi-kultur-yayinlari","10":"pa_yazar-osman-yalcin","12":"first","13":"instock","14":"sale","15":"shipping-taxable","16":"purchasable","17":"product-type-simple"},"_links":{"self":[{"href":"https:\/\/roveyayinevi.com.tr\/index.php\/wp-json\/wp\/v2\/product\/709795","targetHints":{"allow":["GET"]}}],"collection":[{"href":"https:\/\/roveyayinevi.com.tr\/index.php\/wp-json\/wp\/v2\/product"}],"about":[{"href":"https:\/\/roveyayinevi.com.tr\/index.php\/wp-json\/wp\/v2\/types\/product"}],"wp:attachment":[{"href":"https:\/\/roveyayinevi.com.tr\/index.php\/wp-json\/wp\/v2\/media?parent=709795"}],"wp:term":[{"taxonomy":"product_brand","embeddable":true,"href":"https:\/\/roveyayinevi.com.tr\/index.php\/wp-json\/wp\/v2\/product_brand?post=709795"},{"taxonomy":"product_cat","embeddable":true,"href":"https:\/\/roveyayinevi.com.tr\/index.php\/wp-json\/wp\/v2\/product_cat?post=709795"},{"taxonomy":"product_tag","embeddable":true,"href":"https:\/\/roveyayinevi.com.tr\/index.php\/wp-json\/wp\/v2\/product_tag?post=709795"}],"curies":[{"name":"wp","href":"https:\/\/api.w.org\/{rel}","templated":true}]}}