{"id":709794,"date":"2025-08-27T16:29:13","date_gmt":"2025-08-27T13:29:13","guid":{"rendered":"https:\/\/roveyayinevi.com.tr\/index.php\/urun\/resmi-istatistiklere-gore-osmanli-toplum-ve-ekonomisi\/"},"modified":"2026-04-16T02:18:44","modified_gmt":"2026-04-15T23:18:44","slug":"resmi-istatistiklere-gore-osmanli-toplum-ve-ekonomisi","status":"publish","type":"product","link":"https:\/\/roveyayinevi.com.tr\/index.php\/urun\/resmi-istatistiklere-gore-osmanli-toplum-ve-ekonomisi\/","title":{"rendered":"Resmi \u0130statistiklere G\u00f6re Osmanl\u0131 Toplum ve Ekonomisi"},"content":{"rendered":"<p>Osmanl\u0131 y\u00f6netiminin modern istatistik bilgi ve y\u00f6ntemlerden yararlanma \u00e7abalar\u0131, 19. y\u00fczy\u0131ldaki idari ve ekonomik reform s\u00fcreciyle birlikte ba\u015flad\u0131. Tanzimat reformlar\u0131n\u0131n sonucu olarak ortaya \u00e7\u0131kan toplumsal ve ekonomik yap\u0131lardaki \u00f6nemli de\u011fi\u015fim ve d\u00f6n\u00fc\u015f\u00fcmlerin, e\u011fitimden sa\u011fl\u0131k hizmetlerine, sosyal g\u00fcvenlikten k\u00fclt\u00fcrel hayata kadar uzanan \u00f6nemli yans\u0131malar\u0131 oldu. Giderek g\u00fc\u00e7lenen ve merkezile\u015fen Osmanl\u0131 y\u00f6netimi e\u011fitim, sa\u011fl\u0131k, ekonomi, haberle\u015fme, ula\u015f\u0131m ve benzeri alanlarda yeni sorumluluklar \u00fcstlendi. Bu yeni g\u00f6revler y\u00f6netime toplumu daha geni\u015f \u00f6l\u00e7\u00fcde etkileme imk\u00e2n\u0131 verirken, daha rasyonel, etkin ve verimli bir y\u00f6netim olu\u015fturabilmek i\u00e7in toplumu tan\u0131maya ve tahlil etmeye y\u00f6nelik sa\u011fl\u0131kl\u0131 ve \u00f6l\u00e7\u00fclebilir nitelikte bilgilere olan ihtiyac\u0131 da art\u0131rd\u0131. <\/p>\n","protected":false},"excerpt":{"rendered":"<p>Osmanl\u0131 y\u00f6netiminin modern istatistik bilgi ve y\u00f6ntemlerden yararlanma \u00e7abalar\u0131, 19. y\u00fczy\u0131ldaki idari ve ekonomik reform s\u00fcreciyle birlikte ba\u015flad\u0131. Tanzimat reformlar\u0131n\u0131n sonucu olarak ortaya \u00e7\u0131kan toplumsal ve<span class=\"excerpt-hellip\"> [\u2026]<\/span><\/p>\n","protected":false},"featured_media":0,"template":"","meta":{"_monsterinsights_skip_tracking":false,"_monsterinsights_sitenote_active":false,"_monsterinsights_sitenote_note":"","_monsterinsights_sitenote_category":0},"product_brand":[],"product_cat":[13590,12337],"product_tag":[],"class_list":{"0":"post-709794","1":"product","2":"type-product","3":"status-publish","5":"product_cat-arastirma-inceleme-politika-siyaset","6":"product_cat-politika-siyaset","7":"pa_cilt-ciltsiz","8":"pa_tur-kitap","9":"pa_yayinevi-is-bankasi-kultur-yayinlari","10":"pa_yazar-tevfik-guran","12":"first","13":"instock","14":"sale","15":"shipping-taxable","16":"purchasable","17":"product-type-simple"},"_links":{"self":[{"href":"https:\/\/roveyayinevi.com.tr\/index.php\/wp-json\/wp\/v2\/product\/709794","targetHints":{"allow":["GET"]}}],"collection":[{"href":"https:\/\/roveyayinevi.com.tr\/index.php\/wp-json\/wp\/v2\/product"}],"about":[{"href":"https:\/\/roveyayinevi.com.tr\/index.php\/wp-json\/wp\/v2\/types\/product"}],"wp:attachment":[{"href":"https:\/\/roveyayinevi.com.tr\/index.php\/wp-json\/wp\/v2\/media?parent=709794"}],"wp:term":[{"taxonomy":"product_brand","embeddable":true,"href":"https:\/\/roveyayinevi.com.tr\/index.php\/wp-json\/wp\/v2\/product_brand?post=709794"},{"taxonomy":"product_cat","embeddable":true,"href":"https:\/\/roveyayinevi.com.tr\/index.php\/wp-json\/wp\/v2\/product_cat?post=709794"},{"taxonomy":"product_tag","embeddable":true,"href":"https:\/\/roveyayinevi.com.tr\/index.php\/wp-json\/wp\/v2\/product_tag?post=709794"}],"curies":[{"name":"wp","href":"https:\/\/api.w.org\/{rel}","templated":true}]}}