{"id":709793,"date":"2025-08-27T16:29:12","date_gmt":"2025-08-27T13:29:12","guid":{"rendered":"https:\/\/roveyayinevi.com.tr\/index.php\/urun\/kizil-sefer\/"},"modified":"2026-04-16T02:18:44","modified_gmt":"2026-04-15T23:18:44","slug":"kizil-sefer","status":"publish","type":"product","link":"https:\/\/roveyayinevi.com.tr\/index.php\/urun\/kizil-sefer\/","title":{"rendered":"K\u0131z\u0131l Sefer"},"content":{"rendered":"<p>BARUT B\u00dcY\u00dcC\u00dcS\u00dc \u00dc\u00c7LEMESI IKINCI KITAP GALIBI BARUT VE KUR\u015eUNLAR BELIRLEYECEK\u2026 Beklenmedik bir Kez kar\u015f\u0131 sald\u0131r\u0131s\u0131, Adro\u2019nun Kez i\u015fgalinin fiyaskoyla sonu\u00e7lanmas\u0131na, Tamas\u2019\u0131n d\u00fc\u015fman hatt\u0131n\u0131n gerisinde, ordusuyla beraber s\u0131k\u0131\u015fmas\u0131na yol a\u00e7m\u0131\u015ft\u0131. Pe\u015finde bir d\u00fc\u015fman ordusuyla, Kez\u2019in kalbinden Adro\u2019ya zorlu bir d\u00f6n\u00fc\u015f yolculu\u011funa \u00e7\u0131kmas\u0131 gerekiyordu. Adro\u2019nun kaderi Tamas\u2019\u0131n zaman\u0131nda d\u00f6nmesine ba\u011fl\u0131yd\u0131. Bu s\u0131rada Tamas\u2019\u0131n generalleri m\u00fcnaka\u015fa i\u00e7erisindeydi, birlikleri Kez taarruzlar\u0131 alt\u0131nda her g\u00fcn a\u011f\u0131r kay\u0131plar veriyordu ve Kresimir, onu g\u00f6z\u00fcnden vuran adam\u0131n kellesini istiyordu. D\u00fc\u015fman ordusuna kar\u015f\u0131 son savunma hatt\u0131 \u00c7ift Atar Taniel\u2019di. BIR DE I\u015eIN I\u00c7INE TANR\u0130LAR GIRINCE&#8230; Brandon Sanderson\u2019\u0131n edebi v\u00e2risi McClellan\u2019\u0131n teknolojiyle b\u00fcy\u00fcy\u00fc birle\u015ftiren bu zengin d\u00fcnyas\u0131nda, barut ve mermileri kontrol edebilen b\u00fcy\u00fcc\u00fclerin ba\u015f\u0131nda kim durabilir ki? \u201cYarat\u0131c\u0131 bir b\u00fcy\u00fc sistemi, soluk solu\u011fa bir kurgu, ilgi \u00e7ekici bir d\u00fcnya. Okurken \u00e7ok e\u011flendim.\u201d \u2013Brandon Sanderson \u201cEpik fantaziye barut kokulu bir hava getiriyor.\u201d \u2013Anthony Ryan <\/p>\n","protected":false},"excerpt":{"rendered":"<p>BARUT B\u00dcY\u00dcC\u00dcS\u00dc \u00dc\u00c7LEMESI IKINCI KITAP GALIBI BARUT VE KUR\u015eUNLAR BELIRLEYECEK\u2026 Beklenmedik bir Kez kar\u015f\u0131 sald\u0131r\u0131s\u0131, Adro\u2019nun Kez i\u015fgalinin fiyaskoyla sonu\u00e7lanmas\u0131na, Tamas\u2019\u0131n d\u00fc\u015fman hatt\u0131n\u0131n gerisinde, ordusuyla beraber<span class=\"excerpt-hellip\"> [\u2026]<\/span><\/p>\n","protected":false},"featured_media":0,"template":"","meta":{"_monsterinsights_skip_tracking":false,"_monsterinsights_sitenote_active":false,"_monsterinsights_sitenote_note":"","_monsterinsights_sitenote_category":0},"product_brand":[],"product_cat":[12291,12711],"product_tag":[],"class_list":{"0":"post-709793","1":"product","2":"type-product","3":"status-publish","5":"product_cat-edebiyat","6":"product_cat-roman-oyku","7":"pa_cilt-ciltsiz","8":"pa_tur-kitap","9":"pa_yayinevi-ithaki-yayinlari","10":"pa_yazar-brian-mcclellan","12":"first","13":"instock","14":"sale","15":"shipping-taxable","16":"purchasable","17":"product-type-simple"},"_links":{"self":[{"href":"https:\/\/roveyayinevi.com.tr\/index.php\/wp-json\/wp\/v2\/product\/709793","targetHints":{"allow":["GET"]}}],"collection":[{"href":"https:\/\/roveyayinevi.com.tr\/index.php\/wp-json\/wp\/v2\/product"}],"about":[{"href":"https:\/\/roveyayinevi.com.tr\/index.php\/wp-json\/wp\/v2\/types\/product"}],"wp:attachment":[{"href":"https:\/\/roveyayinevi.com.tr\/index.php\/wp-json\/wp\/v2\/media?parent=709793"}],"wp:term":[{"taxonomy":"product_brand","embeddable":true,"href":"https:\/\/roveyayinevi.com.tr\/index.php\/wp-json\/wp\/v2\/product_brand?post=709793"},{"taxonomy":"product_cat","embeddable":true,"href":"https:\/\/roveyayinevi.com.tr\/index.php\/wp-json\/wp\/v2\/product_cat?post=709793"},{"taxonomy":"product_tag","embeddable":true,"href":"https:\/\/roveyayinevi.com.tr\/index.php\/wp-json\/wp\/v2\/product_tag?post=709793"}],"curies":[{"name":"wp","href":"https:\/\/api.w.org\/{rel}","templated":true}]}}