{"id":709792,"date":"2025-08-27T16:29:12","date_gmt":"2025-08-27T13:29:12","guid":{"rendered":"https:\/\/roveyayinevi.com.tr\/index.php\/urun\/krishnamurtinin-not-defteri\/"},"modified":"2026-04-16T02:18:44","modified_gmt":"2026-04-15T23:18:44","slug":"krishnamurtinin-not-defteri","status":"publish","type":"product","link":"https:\/\/roveyayinevi.com.tr\/index.php\/urun\/krishnamurtinin-not-defteri\/","title":{"rendered":"Krishnamurti\u2019nin Not Defteri"},"content":{"rendered":"<p>Krishnamurti\u2019nin Not Defteri ilk kez 1976 y\u0131l\u0131nda yay\u0131mland\u0131\u011f\u0131nda Krishnamurti\u2019nin kendi alg\u0131lar\u0131n\u0131, deneyimlerini ve bilin\u00e7 durumlar\u0131ndaki de\u011fi\u015fiklikleri aktard\u0131\u011f\u0131, sprit\u00fcel a\u00e7\u0131dan son derece \u00f6zg\u00fcn bir belgesel olarak kabul g\u00f6rd\u00fc. Bir \u00e7e\u015fit g\u00fcnce say\u0131labilecek bu eser, ya\u015fam\u0131n g\u00fcnl\u00fck gidi\u015fat\u0131yla pek ilgilenmezken dahi do\u011fada olup bitenlerin olduk\u00e7a fark\u0131nda olma durumunu ilk elden anlat\u0131yor. \u201cBu kitab\u0131 seyahat ederken bir g\u00fcnl\u00fck olarak yazd\u0131m, yay\u0131nlanmas\u0131 i\u00e7in yazmam\u0131\u015ft\u0131m. Benim \u2018s\u00fcre\u00e7\u2019 dedi\u011fim, d\u00fcnyada olman\u0131n bana ya\u015fatt\u0131\u011f\u0131 hisleri, t\u00fcm\u00fcyle huzur i\u00e7inde olmay\u0131 ve \u00e7at\u0131\u015fmadan uzak oldu\u011fum d\u00f6nemi anlatt\u0131m. Bu sadece zaman zaman oluyor ve a\u00e7\u0131k\u00e7as\u0131 bunu tecr\u00fcbe etmemi\u015f birine bunlar\u0131 a\u00e7\u0131klamak imk\u00e2ns\u0131z. Fakat ger\u00e7ek ac\u0131y\u0131 ve y\u00fcksek bilin\u00e7le birbirini tamamlayan hisleri kelimelere d\u00f6kmeye \u00e7al\u0131\u015ft\u0131m. Bu romantik bir \u015fekilde planlanmad\u0131; belli bir tarzda disiplinli ve sakin bir ya\u015fam s\u00fcrerseniz, bir t\u00fcr enerji yayars\u0131n\u0131z \u2013bu bilimsel bir ger\u00e7ektir\u2013 ve bu beyninizin mekanik olmayan par\u00e7as\u0131n\u0131 etkiler. B\u00f6ylece yeni bir boyuta ge\u00e7ersiniz. Fiziksel organizman\u0131n bununla tan\u0131\u015fma yetene\u011fi yoktur ve bu y\u00fczden ac\u0131 \u00e7ekersiniz. Herkesin buna eri\u015fmeye \u00e7al\u0131\u015fmas\u0131n\u0131 tavsiye etmiyorum. Ancak ki\u015fisel bir seviyede neler oldu\u011funu bilmek i\u00e7in d\u00fc\u015f\u00fcncelerimi ve fikirlerimi takip edenlere faydal\u0131 olabilir.\u201d \u2014J. Krishnamurti (The Guardian r\u00f6portaj\u0131ndan) \ufffcTan\u0131t\u0131m Metni<\/p>\n","protected":false},"excerpt":{"rendered":"<p>Krishnamurti\u2019nin Not Defteri ilk kez 1976 y\u0131l\u0131nda yay\u0131mland\u0131\u011f\u0131nda Krishnamurti\u2019nin kendi alg\u0131lar\u0131n\u0131, deneyimlerini ve bilin\u00e7 durumlar\u0131ndaki de\u011fi\u015fiklikleri aktard\u0131\u011f\u0131, sprit\u00fcel a\u00e7\u0131dan son derece \u00f6zg\u00fcn bir belgesel olarak kabul<span class=\"excerpt-hellip\"> [\u2026]<\/span><\/p>\n","protected":false},"featured_media":0,"template":"","meta":{"_monsterinsights_skip_tracking":false,"_monsterinsights_sitenote_active":false,"_monsterinsights_sitenote_note":"","_monsterinsights_sitenote_category":0},"product_brand":[],"product_cat":[12312,12304],"product_tag":[],"class_list":{"0":"post-709792","1":"product","2":"type-product","3":"status-publish","5":"product_cat-diger","6":"product_cat-tarih","7":"pa_cilt-ciltsiz","8":"pa_tur-kitap","9":"pa_yayinevi-ganj-yayinevi","10":"pa_yazar-jiddu-krishnamurti","12":"first","13":"instock","14":"sale","15":"shipping-taxable","16":"purchasable","17":"product-type-simple"},"_links":{"self":[{"href":"https:\/\/roveyayinevi.com.tr\/index.php\/wp-json\/wp\/v2\/product\/709792","targetHints":{"allow":["GET"]}}],"collection":[{"href":"https:\/\/roveyayinevi.com.tr\/index.php\/wp-json\/wp\/v2\/product"}],"about":[{"href":"https:\/\/roveyayinevi.com.tr\/index.php\/wp-json\/wp\/v2\/types\/product"}],"wp:attachment":[{"href":"https:\/\/roveyayinevi.com.tr\/index.php\/wp-json\/wp\/v2\/media?parent=709792"}],"wp:term":[{"taxonomy":"product_brand","embeddable":true,"href":"https:\/\/roveyayinevi.com.tr\/index.php\/wp-json\/wp\/v2\/product_brand?post=709792"},{"taxonomy":"product_cat","embeddable":true,"href":"https:\/\/roveyayinevi.com.tr\/index.php\/wp-json\/wp\/v2\/product_cat?post=709792"},{"taxonomy":"product_tag","embeddable":true,"href":"https:\/\/roveyayinevi.com.tr\/index.php\/wp-json\/wp\/v2\/product_tag?post=709792"}],"curies":[{"name":"wp","href":"https:\/\/api.w.org\/{rel}","templated":true}]}}