{"id":709791,"date":"2025-08-27T16:29:11","date_gmt":"2025-08-27T13:29:11","guid":{"rendered":"https:\/\/roveyayinevi.com.tr\/index.php\/urun\/ben-bir-kucuk-sanatciyim-gel-beraber-resim-yapalim\/"},"modified":"2026-04-16T02:18:44","modified_gmt":"2026-04-15T23:18:44","slug":"ben-bir-kucuk-sanatciyim-gel-beraber-resim-yapalim","status":"publish","type":"product","link":"https:\/\/roveyayinevi.com.tr\/index.php\/urun\/ben-bir-kucuk-sanatciyim-gel-beraber-resim-yapalim\/","title":{"rendered":"Ben Bir K\u00fc\u00e7\u00fck Sanat\u00e7\u0131y\u0131m &#8211; Gel Beraber Resim Yapal\u0131m"},"content":{"rendered":"<p>Gel Beraber Resim Yapal\u0131m\u2019da sanat\u0131n ne olabilece\u011fi, nas\u0131l yap\u0131labilece\u011fi, y\u0131llar i\u00e7inde insanl\u0131k i\u00e7in ne gibi anlamlar ifade etti\u011fi anlat\u0131l\u0131yor. Kendine \u00f6zg\u00fc tarz\u0131yla d\u00fcnya \u00e7ap\u0131nda tan\u0131nan Isko\u00e7 ill\u00fcstrat\u00f6r Marion Deuchars\u2019\u0131n haz\u0131rlad\u0131\u011f\u0131 kitapta sanat\u00e7\u0131lar hakk\u0131nda bilgilere yer veriliyor. Kitapta ayr\u0131ca ad\u0131m ad\u0131m ku\u015f, y\u00fcz ifadesi ve bisiklet \u00e7izme y\u00f6ntemleri de tarif ediliyor. Kitap, okurun resim konusunda kendi ke\u015fiflerini yapmas\u0131n\u0131 sa\u011flayan \u00e7izim, aktivite ve yarat\u0131c\u0131 fikirlerle dolu. Kitapta yer alan y\u00f6nergelerle okur Mona Lisa\u2019n\u0131n g\u00fcl\u00fc\u015f\u00fcn\u00fc tamamlayabilir ya da misket, tepsi, boya ve k\u00e2\u011f\u0131t kullanarak Jackson Pollock tarz\u0131 i\u015fler yapabilir. Marion Deuchars, bir\u00e7ok uluslararas\u0131 tasar\u0131m ve ill\u00fcstrasyon \u00f6d\u00fcl\u00fcne lay\u0131k g\u00f6r\u00fclm\u00fc\u015ft\u00fcr. <\/p>\n","protected":false},"excerpt":{"rendered":"<p>Gel Beraber Resim Yapal\u0131m\u2019da sanat\u0131n ne olabilece\u011fi, nas\u0131l yap\u0131labilece\u011fi, y\u0131llar i\u00e7inde insanl\u0131k i\u00e7in ne gibi anlamlar ifade etti\u011fi anlat\u0131l\u0131yor. Kendine \u00f6zg\u00fc tarz\u0131yla d\u00fcnya \u00e7ap\u0131nda tan\u0131nan Isko\u00e7<span class=\"excerpt-hellip\"> [\u2026]<\/span><\/p>\n","protected":false},"featured_media":0,"template":"","meta":{"_monsterinsights_skip_tracking":false,"_monsterinsights_sitenote_active":false,"_monsterinsights_sitenote_note":"","_monsterinsights_sitenote_category":0},"product_brand":[],"product_cat":[12689,12274],"product_tag":[],"class_list":{"0":"post-709791","1":"product","2":"type-product","3":"status-publish","5":"product_cat-cizgi-roman-cocuk-ve-genclik-kitaplari","6":"product_cat-cocuk-ve-genclik-kitaplari","7":"pa_cilt-ciltli","8":"pa_tur-kitap","9":"pa_yayinevi-hep-kitap","10":"pa_yazar-brendan-kearney","12":"first","13":"instock","14":"sale","15":"shipping-taxable","16":"purchasable","17":"product-type-simple"},"_links":{"self":[{"href":"https:\/\/roveyayinevi.com.tr\/index.php\/wp-json\/wp\/v2\/product\/709791","targetHints":{"allow":["GET"]}}],"collection":[{"href":"https:\/\/roveyayinevi.com.tr\/index.php\/wp-json\/wp\/v2\/product"}],"about":[{"href":"https:\/\/roveyayinevi.com.tr\/index.php\/wp-json\/wp\/v2\/types\/product"}],"wp:attachment":[{"href":"https:\/\/roveyayinevi.com.tr\/index.php\/wp-json\/wp\/v2\/media?parent=709791"}],"wp:term":[{"taxonomy":"product_brand","embeddable":true,"href":"https:\/\/roveyayinevi.com.tr\/index.php\/wp-json\/wp\/v2\/product_brand?post=709791"},{"taxonomy":"product_cat","embeddable":true,"href":"https:\/\/roveyayinevi.com.tr\/index.php\/wp-json\/wp\/v2\/product_cat?post=709791"},{"taxonomy":"product_tag","embeddable":true,"href":"https:\/\/roveyayinevi.com.tr\/index.php\/wp-json\/wp\/v2\/product_tag?post=709791"}],"curies":[{"name":"wp","href":"https:\/\/api.w.org\/{rel}","templated":true}]}}