{"id":709789,"date":"2025-08-27T16:29:10","date_gmt":"2025-08-27T13:29:10","guid":{"rendered":"https:\/\/roveyayinevi.com.tr\/index.php\/urun\/prens-2\/"},"modified":"2026-04-16T02:18:43","modified_gmt":"2026-04-15T23:18:43","slug":"prens-2","status":"publish","type":"product","link":"https:\/\/roveyayinevi.com.tr\/index.php\/urun\/prens-2\/","title":{"rendered":"Prens"},"content":{"rendered":"<p>R\u00f6nesans \u0130talyas\u0131\u2019n\u0131n \u00f6nemli siyaset kuramc\u0131s\u0131, yazar ve devlet adam\u0131 olan Niccol\u00f2 Machiavelli\u2019nin, devleti, g\u00fc\u00e7l\u00fcsiyasi ve ahlaki bir kurum olarak yeniden kurmak gibi bir arzusu vard\u0131. Hayattaki en b\u00fcy\u00fck amac\u0131 d\u00f6neminpar\u00e7alanm\u0131\u015f \u0130talyas\u0131\u2019n\u0131 birle\u015ftirmekti ve bu ama\u00e7la en tan\u0131nm\u0131\u015f kitab\u0131 olan Prens\u2019i (Il Principie) kaleme ald\u0131.Siyaset felsefesinin temel metinlerinden biri olarak kabul edilen Prens\u2019te, Machiavelli devlet y\u00f6netimi konusundayeni bir bak\u0131\u015f a\u00e7\u0131s\u0131 sunar. G\u00fc\u00e7l\u00fc bir iktidar\u0131n nas\u0131l kurulaca\u011f\u0131 ve s\u00fcrd\u00fcr\u00fclece\u011fi konusunda \u00f6nerilerde bulunur. \u0130dealbir prensin sahip olmas\u0131 gereken \u00f6zellikleri anlat\u0131r. Bug\u00fcn\u00fcn y\u00f6neticileri i\u00e7in de yol g\u00f6sterici nitelikteki \u00f6nerilerinis\u0131ralarken tarihteki \u00f6nemli \u015fahsiyetlerden de \u00f6rnekler verir.Makyavelist d\u00fc\u015f\u00fcncenin temelini olu\u015fturan Prens\u2019te Machiavelli, farkl\u0131 devlet tiplerini ve bunlar\u0131n kurulu\u015fbi\u00e7imlerini (k\u00f6t\u00fcl\u00fck, g\u00fc\u00e7 veya talih yoluyla) ele al\u0131r. Asker\u00ee g\u00fc\u00e7lerin t\u00fcrleri, sava\u015f sanat\u0131 konusunda bir prensinyapmas\u0131 gerekenler, prenslerin \u00f6v\u00fclmelerine ve yerilmelerine neden olan niteliklerin neler oldu\u011fu gibi konular\u0131inceler. Ayr\u0131ca bir prensin itibar g\u00f6rmek i\u00e7in nas\u0131l davranmas\u0131 gerekti\u011fi konusu \u00fczerinde durur; bu do\u011frultudaprensin, g\u00fcc\u00fc elde tutmak i\u00e7in ac\u0131mas\u0131zl\u0131k ve merhamet gibi \u00f6zelliklerden hangisine sahip olmas\u0131n\u0131n daha yararl\u0131olaca\u011f\u0131 sorununu irdeler. \u0130yilik ve k\u00f6t\u00fcl\u00fck kavramlar\u0131n\u0131n devlet \u00e7\u0131karlar\u0131na ba\u011fl\u0131 olarak anlamland\u0131\u011f\u0131n\u0131 belirtir.Y\u00f6neticiler i\u00e7in yol g\u00f6sterici bir kitap olarak yaz\u0131lan Prens, y\u00fczy\u0131llarca bu \u015fekilde kullan\u0131ld\u0131 ve yay\u0131mland\u0131\u011f\u0131 ilkg\u00fcnden bug\u00fcne hararetli tart\u0131\u015fmalara ve anla\u015fmazl\u0131klara neden oldu ve g\u00f6r\u00fcnen o ki, \u00f6yle olmaya da devamedecek. Machiavelli 1527\u2019de 58 ya\u015f\u0131nda \u00f6ld\u00fc, ama \u201cMakyavelizm\u201d hi\u00e7 \u00f6lmedi. <\/p>\n","protected":false},"excerpt":{"rendered":"<p>R\u00f6nesans \u0130talyas\u0131\u2019n\u0131n \u00f6nemli siyaset kuramc\u0131s\u0131, yazar ve devlet adam\u0131 olan Niccol\u00f2 Machiavelli\u2019nin, devleti, g\u00fc\u00e7l\u00fcsiyasi ve ahlaki bir kurum olarak yeniden kurmak gibi bir arzusu vard\u0131. Hayattaki<span class=\"excerpt-hellip\"> [\u2026]<\/span><\/p>\n","protected":false},"featured_media":0,"template":"","meta":{"_monsterinsights_skip_tracking":false,"_monsterinsights_sitenote_active":false,"_monsterinsights_sitenote_note":"","_monsterinsights_sitenote_category":0},"product_brand":[],"product_cat":[12777,12291],"product_tag":[],"class_list":{"0":"post-709789","1":"product","2":"type-product","3":"status-publish","5":"product_cat-deneme","6":"product_cat-edebiyat","7":"pa_cilt-ciltsiz","8":"pa_tur-kitap","9":"pa_yayinevi-akil-celen-kitaplar","10":"pa_yazar-machiavelli","12":"first","13":"instock","14":"sale","15":"shipping-taxable","16":"purchasable","17":"product-type-simple"},"_links":{"self":[{"href":"https:\/\/roveyayinevi.com.tr\/index.php\/wp-json\/wp\/v2\/product\/709789","targetHints":{"allow":["GET"]}}],"collection":[{"href":"https:\/\/roveyayinevi.com.tr\/index.php\/wp-json\/wp\/v2\/product"}],"about":[{"href":"https:\/\/roveyayinevi.com.tr\/index.php\/wp-json\/wp\/v2\/types\/product"}],"wp:attachment":[{"href":"https:\/\/roveyayinevi.com.tr\/index.php\/wp-json\/wp\/v2\/media?parent=709789"}],"wp:term":[{"taxonomy":"product_brand","embeddable":true,"href":"https:\/\/roveyayinevi.com.tr\/index.php\/wp-json\/wp\/v2\/product_brand?post=709789"},{"taxonomy":"product_cat","embeddable":true,"href":"https:\/\/roveyayinevi.com.tr\/index.php\/wp-json\/wp\/v2\/product_cat?post=709789"},{"taxonomy":"product_tag","embeddable":true,"href":"https:\/\/roveyayinevi.com.tr\/index.php\/wp-json\/wp\/v2\/product_tag?post=709789"}],"curies":[{"name":"wp","href":"https:\/\/api.w.org\/{rel}","templated":true}]}}