{"id":709785,"date":"2025-08-27T16:29:08","date_gmt":"2025-08-27T13:29:08","guid":{"rendered":"https:\/\/roveyayinevi.com.tr\/index.php\/urun\/origami-kuklalar\/"},"modified":"2026-04-16T02:18:43","modified_gmt":"2026-04-15T23:18:43","slug":"origami-kuklalar","status":"publish","type":"product","link":"https:\/\/roveyayinevi.com.tr\/index.php\/urun\/origami-kuklalar\/","title":{"rendered":"Origami &#8211; Kuklalar"},"content":{"rendered":"<p>Nazan Tacer\u2019in Origami &#8211; Kuklalar isimli kitab\u0131, hareketli anonim origami \u00f6rneklerine ve bu \u00f6rneklerden yola \u00e7\u0131karak kesme, yap\u0131\u015ft\u0131rma ve boyama tekniklerini kullanarak yap\u0131lan civciv, tilki veya y\u0131lan gibi \u00e7e\u015fitli kukla katlamalar\u0131na uzanan renkli bir se\u00e7ki sunuyor.   Origaminin ABC\u2019sinden, temel katlama tekniklerine; kolay anla\u015f\u0131l\u0131r tan\u0131mlar, p\u00fcf noktalar ve pratik \u00f6nerilerle zenginle\u015ftirilen bu kapsaml\u0131 kitap, origamiye merak saran herkesin ba\u015fvuruda bulunaca\u011f\u0131 detayl\u0131 bir k\u0131lavuz g\u00f6revi de \u00fcstleniyor.   K\u00e2\u011f\u0131d\u0131 hayallerinizle bulu\u015fturaca\u011f\u0131n\u0131z origami ser\u00fcveninizde, yarat\u0131c\u0131l\u0131\u011f\u0131n\u0131z\u0131 ve ellerinizi konu\u015fturma s\u0131ras\u0131 sizde! Bundan b\u00f6yle k\u00e2\u011f\u0131ttan kulak sallayan tav\u015fan, konu\u015fan bal\u0131k ya da g\u00f6steri\u015fli bir ejderha katlamak hi\u00e7 de zor olmayacak. Renkli k\u00e2\u011f\u0131tlar\u0131 katlay\u0131n, kesin, k\u0131v\u0131r\u0131n, yap\u0131\u015ft\u0131r\u0131n.   \u00dclkenin d\u00f6rt bir yan\u0131nda ger\u00e7ekle\u015ftirdi\u011fi at\u00f6lye \u00e7al\u0131\u015fmalar\u0131yla ad\u0131ndan \u00f6vg\u00fcyle bahsettiren Nazan Tacer\u2019in origami kitaplar\u0131, \u00e7ocuklar\u0131n analitik ve \u00fc\u00e7 boyutlu d\u00fc\u015f\u00fcnebilme yetilerini geli\u015ftirmelerine, dikkate ve odaklanmaya ba\u011fl\u0131 olarak kendi becerileriyle origamiden yeni \u00fcr\u00fcnler yaratmalar\u0131na olanak sa\u011fl\u0131yor. <\/p>\n","protected":false},"excerpt":{"rendered":"<p>Nazan Tacer\u2019in Origami &#8211; Kuklalar isimli kitab\u0131, hareketli anonim origami \u00f6rneklerine ve bu \u00f6rneklerden yola \u00e7\u0131karak kesme, yap\u0131\u015ft\u0131rma ve boyama tekniklerini kullanarak yap\u0131lan civciv, tilki veya<span class=\"excerpt-hellip\"> [\u2026]<\/span><\/p>\n","protected":false},"featured_media":0,"template":"","meta":{"_monsterinsights_skip_tracking":false,"_monsterinsights_sitenote_active":false,"_monsterinsights_sitenote_note":"","_monsterinsights_sitenote_category":0},"product_brand":[],"product_cat":[32165,15563],"product_tag":[],"class_list":{"0":"post-709785","1":"product","2":"type-product","3":"status-publish","5":"product_cat-el-sanatlari","6":"product_cat-hobi","7":"pa_cilt-ciltsiz","8":"pa_tur-kitap","9":"pa_yayinevi-tudem-yayinlari","10":"pa_yazar-nazan-tacer","12":"first","13":"instock","14":"sale","15":"shipping-taxable","16":"purchasable","17":"product-type-simple"},"_links":{"self":[{"href":"https:\/\/roveyayinevi.com.tr\/index.php\/wp-json\/wp\/v2\/product\/709785","targetHints":{"allow":["GET"]}}],"collection":[{"href":"https:\/\/roveyayinevi.com.tr\/index.php\/wp-json\/wp\/v2\/product"}],"about":[{"href":"https:\/\/roveyayinevi.com.tr\/index.php\/wp-json\/wp\/v2\/types\/product"}],"wp:attachment":[{"href":"https:\/\/roveyayinevi.com.tr\/index.php\/wp-json\/wp\/v2\/media?parent=709785"}],"wp:term":[{"taxonomy":"product_brand","embeddable":true,"href":"https:\/\/roveyayinevi.com.tr\/index.php\/wp-json\/wp\/v2\/product_brand?post=709785"},{"taxonomy":"product_cat","embeddable":true,"href":"https:\/\/roveyayinevi.com.tr\/index.php\/wp-json\/wp\/v2\/product_cat?post=709785"},{"taxonomy":"product_tag","embeddable":true,"href":"https:\/\/roveyayinevi.com.tr\/index.php\/wp-json\/wp\/v2\/product_tag?post=709785"}],"curies":[{"name":"wp","href":"https:\/\/api.w.org\/{rel}","templated":true}]}}