{"id":709782,"date":"2025-08-27T16:29:07","date_gmt":"2025-08-27T13:29:07","guid":{"rendered":"https:\/\/roveyayinevi.com.tr\/index.php\/urun\/maderzad-palas\/"},"modified":"2026-04-16T02:18:43","modified_gmt":"2026-04-15T23:18:43","slug":"maderzad-palas","status":"publish","type":"product","link":"https:\/\/roveyayinevi.com.tr\/index.php\/urun\/maderzad-palas\/","title":{"rendered":"Maderzad Palas"},"content":{"rendered":"<p>\u201cErbu\u011f Kaya, olay \u00f6rg\u00fcs\u00fc konusunda hi\u00e7 s\u0131k\u0131nt\u0131 \u00e7ekmeyen, hayal g\u00fcc\u00fc ile bar\u0131\u015f\u0131k bir yazard\u0131r. Maderzad Palas da bunu kan\u0131tl\u0131yor zaten. Zaman\u0131 ta ba\u015flang\u0131c\u0131ndan beri kucaklayan kitab\u0131n ba\u015fkarakteri Ali Kocaali ise, b\u00fct\u00fcn olup bitenler bir yana, sadece ki\u015fisel geli\u015fimiyle bile heyecan veriyor. \u201cMaderzad Palas\u201da gelince, do\u011frusu benim de yerle\u015fmek isteyece\u011fim bir yer. Bazen bir-iki tanesine \u015f\u00f6yle bir \u00e7akmak istesem de, Palas sakinleri sevdi\u011fim, \u00f6zenle derlenmi\u015f, antikan\u0131n antikas\u0131 bir grup. Ama favori mek\u00e2n\/karakterim k\u00fct\u00fcphane, yani Me\u015fruke. Kitaptan tek bir varl\u0131\u011f\u0131 se\u00e7mem gerekse onu se\u00e7er, hatta Ali gibi bir tohum versin diye ricac\u0131 olurdum. \u0130kinci bir \u015fans verilirse, tercihim Mesmerin. Erbu\u011f y\u0131llarla birlikte yazar olarak \u00e7ok farkl\u0131 bir yere geldi. \u015eimdiden bir sonraki kitab\u0131 bekliyorum. Maderzad Palas\u2019\u0131n d\u00fcnyas\u0131na, s\u0131rlar\u0131n\u0131 adlar\u0131nda saklayan Zulmat ile Tennur aras\u0131ndaki m\u00fccadeleye buyurun!\u201d Sevin Okyay \u201cErbu\u011f Kaya yakam\u0131zdan tutup bizi ba\u015fka bir d\u00fcnyaya g\u00f6t\u00fcrm\u00fcyor; her iyi edebiyat yap\u0131t\u0131nda oldu\u011fu gibi, bu d\u00fcnyan\u0131n ba\u015fka bir boyutuyla tan\u0131\u015ft\u0131r\u0131yor. Hatta y\u00fczle\u015ftiriyor. Maderzad Palas ger\u00e7ek\u00fcst\u00fc bir mek\u00e2n m\u0131? Asl\u0131nda de\u011fil. Kap\u0131 kom\u015fumuzun evinde bir me\u015fruke a\u011fac\u0131 olmad\u0131\u011f\u0131n\u0131 kim kan\u0131tlayabilir? Ya da ya\u015fad\u0131\u011f\u0131m\u0131z, daha do\u011frusu i\u00e7inde bocalad\u0131\u011f\u0131m\u0131z bu hayat Zulmat ile Tennur\u2019un sava\u015f alan\u0131 de\u011fil mi asl\u0131nda? \u0130yi ile k\u00f6t\u00fcn\u00fcn, cennet ile cehennemin, siyah ile beyaz\u0131n&#8230; Ama \u015funu da belirtmeliyim ki, hi\u00e7birimiz Mesmerin\u2019le kar\u015f\u0131la\u015fma f\u0131rsat\u0131n\u0131 bulamay\u0131z \u00f6yle kolay kolay. Roman boyunca o kad\u0131n\u0131n yabani g\u00fczelli\u011fine kap\u0131ld\u0131\u011f\u0131m\u0131 itiraf etmeliyim. Onun \u201cne\u201d oldu\u011funu \u00f6\u011frendikten sonra bile! Erbu\u011f Kaya sadece bir roman yazmakla kalmam\u0131\u015f; b\u00fcy\u00fc yapm\u0131\u015f bize. Okuduk\u00e7a kendimizle kar\u015f\u0131la\u015faca\u011f\u0131m\u0131z, yerimizi yad\u0131rgayaca\u011f\u0131m\u0131z bir b\u00fcy\u00fc. Gerisi sizin elinizde!\u201d Altay \u00d6ktem <\/p>\n","protected":false},"excerpt":{"rendered":"<p>\u201cErbu\u011f Kaya, olay \u00f6rg\u00fcs\u00fc konusunda hi\u00e7 s\u0131k\u0131nt\u0131 \u00e7ekmeyen, hayal g\u00fcc\u00fc ile bar\u0131\u015f\u0131k bir yazard\u0131r. Maderzad Palas da bunu kan\u0131tl\u0131yor zaten. Zaman\u0131 ta ba\u015flang\u0131c\u0131ndan beri kucaklayan kitab\u0131n<span class=\"excerpt-hellip\"> [\u2026]<\/span><\/p>\n","protected":false},"featured_media":0,"template":"","meta":{"_monsterinsights_skip_tracking":false,"_monsterinsights_sitenote_active":false,"_monsterinsights_sitenote_note":"","_monsterinsights_sitenote_category":0},"product_brand":[],"product_cat":[12291,12711],"product_tag":[],"class_list":{"0":"post-709782","1":"product","2":"type-product","3":"status-publish","5":"product_cat-edebiyat","6":"product_cat-roman-oyku","7":"pa_cilt-ciltsiz","8":"pa_tur-kitap","9":"pa_yayinevi-kirmizi-kedi-yayinevi","10":"pa_yazar-erbug-kaya","12":"first","13":"instock","14":"sale","15":"shipping-taxable","16":"purchasable","17":"product-type-simple"},"_links":{"self":[{"href":"https:\/\/roveyayinevi.com.tr\/index.php\/wp-json\/wp\/v2\/product\/709782","targetHints":{"allow":["GET"]}}],"collection":[{"href":"https:\/\/roveyayinevi.com.tr\/index.php\/wp-json\/wp\/v2\/product"}],"about":[{"href":"https:\/\/roveyayinevi.com.tr\/index.php\/wp-json\/wp\/v2\/types\/product"}],"wp:attachment":[{"href":"https:\/\/roveyayinevi.com.tr\/index.php\/wp-json\/wp\/v2\/media?parent=709782"}],"wp:term":[{"taxonomy":"product_brand","embeddable":true,"href":"https:\/\/roveyayinevi.com.tr\/index.php\/wp-json\/wp\/v2\/product_brand?post=709782"},{"taxonomy":"product_cat","embeddable":true,"href":"https:\/\/roveyayinevi.com.tr\/index.php\/wp-json\/wp\/v2\/product_cat?post=709782"},{"taxonomy":"product_tag","embeddable":true,"href":"https:\/\/roveyayinevi.com.tr\/index.php\/wp-json\/wp\/v2\/product_tag?post=709782"}],"curies":[{"name":"wp","href":"https:\/\/api.w.org\/{rel}","templated":true}]}}