{"id":709781,"date":"2025-08-27T16:29:06","date_gmt":"2025-08-27T13:29:06","guid":{"rendered":"https:\/\/roveyayinevi.com.tr\/index.php\/urun\/1-sinif-tum-dersler-tatil-gezegeni\/"},"modified":"2026-04-16T02:18:43","modified_gmt":"2026-04-15T23:18:43","slug":"1-sinif-tum-dersler-tatil-gezegeni","status":"publish","type":"product","link":"https:\/\/roveyayinevi.com.tr\/index.php\/urun\/1-sinif-tum-dersler-tatil-gezegeni\/","title":{"rendered":"1. S\u0131n\u0131f T\u00fcm Dersler Tatil Gezegeni"},"content":{"rendered":"<p>\u0130lk\u00f6\u011fretimde okuyan \u00f6\u011frencilerimizin geli\u015fimine b\u00fcy\u00fck katk\u0131 sa\u011flayaca\u011f\u0131na inand\u0131\u011f\u0131m\u0131z &#8220;T\u00fcm Dersler Tatil Gezegeni 1. S\u0131n\u0131f) 10 fasik\u00fclden olu\u015fmaktad\u0131r. ODT\u00dc Yay\u0131nc\u0131l\u0131k taraf\u0131ndan haz\u0131rlanan &#8220;T\u00fcm Dersler Tatil Gezegeni&#8221; kitaplar\u0131 serisi, 1. s\u0131n\u0131ftan ba\u015flay\u0131p 4. s\u0131n\u0131fa kadar gelen \u00e7a\u011fda\u015f bir e\u011fitim s\u00fcrecini kapsamaktad\u0131r. \u00c7ocuklar\u0131n geli\u015fim s\u00fcre\u00e7leri dikkate al\u0131narak \u00f6zenle haz\u0131rlanan bu dizi, \u00e7oklu zek\u00e2 kuram\u0131na g\u00f6re kurgulanm\u0131\u015f olup kavramlar\u0131n \u00f6\u011fretilmesine yard\u0131m ederken bir yandan da \u00e7ocuklar\u0131n sosyal, bedensel ve el becerilerinin geli\u015fmesine \u00f6nc\u00fcl\u00fck eder. &#8220;T\u00fcm Dersler Tatil Gezegeni&#8221; kitaplar\u0131m\u0131z, e\u011fitim alan\u0131na ili\u015fkin en son kuramsal ve pratik bilgilerle donat\u0131lm\u0131\u015ft\u0131r. Kitaplar\u0131m\u0131z soyut zek\u00e2n\u0131n geli\u015fimine katk\u0131da bulunurken, i\u00e7erdi\u011fi konular ile \u00e7ocuklar\u0131m\u0131z\u0131n d\u00fc\u015f\u00fcnce ve kavrama g\u00fcc\u00fcn\u00fc geli\u015ftirir, zenginle\u015ftirir.<\/p>\n","protected":false},"excerpt":{"rendered":"<p>\u0130lk\u00f6\u011fretimde okuyan \u00f6\u011frencilerimizin geli\u015fimine b\u00fcy\u00fck katk\u0131 sa\u011flayaca\u011f\u0131na inand\u0131\u011f\u0131m\u0131z &#8220;T\u00fcm Dersler Tatil Gezegeni 1. S\u0131n\u0131f) 10 fasik\u00fclden olu\u015fmaktad\u0131r. ODT\u00dc Yay\u0131nc\u0131l\u0131k taraf\u0131ndan haz\u0131rlanan &#8220;T\u00fcm Dersler Tatil Gezegeni&#8221; kitaplar\u0131<span class=\"excerpt-hellip\"> [\u2026]<\/span><\/p>\n","protected":false},"featured_media":0,"template":"","meta":{"_monsterinsights_skip_tracking":false,"_monsterinsights_sitenote_active":false,"_monsterinsights_sitenote_note":"","_monsterinsights_sitenote_category":0},"product_brand":[],"product_cat":[12567,12566],"product_tag":[],"class_list":{"0":"post-709781","1":"product","2":"type-product","3":"status-publish","5":"product_cat-diger-egitim","6":"product_cat-egitim","7":"pa_cilt-ciltsiz","8":"pa_tur-kitap","9":"pa_yayinevi-odtu-gelistirme-vakfi-yayincilik","10":"pa_yazar-komisyon","12":"first","13":"instock","14":"sale","15":"shipping-taxable","16":"purchasable","17":"product-type-simple"},"_links":{"self":[{"href":"https:\/\/roveyayinevi.com.tr\/index.php\/wp-json\/wp\/v2\/product\/709781","targetHints":{"allow":["GET"]}}],"collection":[{"href":"https:\/\/roveyayinevi.com.tr\/index.php\/wp-json\/wp\/v2\/product"}],"about":[{"href":"https:\/\/roveyayinevi.com.tr\/index.php\/wp-json\/wp\/v2\/types\/product"}],"wp:attachment":[{"href":"https:\/\/roveyayinevi.com.tr\/index.php\/wp-json\/wp\/v2\/media?parent=709781"}],"wp:term":[{"taxonomy":"product_brand","embeddable":true,"href":"https:\/\/roveyayinevi.com.tr\/index.php\/wp-json\/wp\/v2\/product_brand?post=709781"},{"taxonomy":"product_cat","embeddable":true,"href":"https:\/\/roveyayinevi.com.tr\/index.php\/wp-json\/wp\/v2\/product_cat?post=709781"},{"taxonomy":"product_tag","embeddable":true,"href":"https:\/\/roveyayinevi.com.tr\/index.php\/wp-json\/wp\/v2\/product_tag?post=709781"}],"curies":[{"name":"wp","href":"https:\/\/api.w.org\/{rel}","templated":true}]}}