{"id":709778,"date":"2025-08-27T16:29:05","date_gmt":"2025-08-27T13:29:05","guid":{"rendered":"https:\/\/roveyayinevi.com.tr\/index.php\/urun\/bir-gizli-hazine-idim\/"},"modified":"2026-04-16T02:18:43","modified_gmt":"2026-04-15T23:18:43","slug":"bir-gizli-hazine-idim","status":"publish","type":"product","link":"https:\/\/roveyayinevi.com.tr\/index.php\/urun\/bir-gizli-hazine-idim\/","title":{"rendered":"Bir Gizli Hazine \u0130dim"},"content":{"rendered":"<p>Bunlar eski diyarlar\u0131n haberleridir.Hepsi \u2018m\u00fch\u00fcrlenmi\u015f&#8217; bir kitapta\u2026  Karanl\u0131klar\u0131 delen y\u0131ld\u0131z\u2026 Yery\u00fcz\u00fcn\u00fc kaplayan tufan\u2026 Dumans\u0131z ate\u015ften yarat\u0131lan mahl\u00fbklar\u2026 Tap\u0131nak yapan cinler\u2026 Saba melikesi Belk\u0131s\u2026  Be\u015fi\u011finde konu\u015fan bebek\u2026 Diriltilen \u00f6l\u00fcler\u2026 Mektup ta\u015f\u0131yan H\u00fcdh\u00fcd ku\u015fu \u2026 \u0130nsan suretinde melekler\u2026 Yar\u0131l\u0131p yol veren deniz\u2026 H\u00fcnerli sihirbazlar\u2026 Z\u00fclkarneyn, Yec\u00fcc ve Mec\u00fcc\u2026 Kaderin s\u0131rlar\u0131n\u0131 bilen adam\u2026 Etkisi bir \u00f6m\u00fcr s\u00fcren r\u00fcyalar\u2026 Bal\u0131\u011f\u0131n karn\u0131nda yolculuk\u2026 Benzeri s\u00f6ylenemeyen s\u00f6zler\u2026 Cennetteki prolog\u2026 G\u00f6rkemli s\u00fctunlar sahibi \u0130rem, kayalar\u0131 yontan Semud, ehramlara g\u00f6m\u00fcl\u00fc Firavunlar\u2026 \u00dc\u00e7 y\u00fcz dokuz y\u0131l s\u00fcren uyku\u2026 Mucizeler ve nice ak\u0131l almaz olay\u2026 <\/p>\n","protected":false},"excerpt":{"rendered":"<p>Bunlar eski diyarlar\u0131n haberleridir.Hepsi \u2018m\u00fch\u00fcrlenmi\u015f&#8217; bir kitapta\u2026 Karanl\u0131klar\u0131 delen y\u0131ld\u0131z\u2026 Yery\u00fcz\u00fcn\u00fc kaplayan tufan\u2026 Dumans\u0131z ate\u015ften yarat\u0131lan mahl\u00fbklar\u2026 Tap\u0131nak yapan cinler\u2026 Saba melikesi Belk\u0131s\u2026 Be\u015fi\u011finde konu\u015fan bebek\u2026<span class=\"excerpt-hellip\"> [\u2026]<\/span><\/p>\n","protected":false},"featured_media":0,"template":"","meta":{"_monsterinsights_skip_tracking":false,"_monsterinsights_sitenote_active":false,"_monsterinsights_sitenote_note":"","_monsterinsights_sitenote_category":0},"product_brand":[],"product_cat":[12291,15117],"product_tag":[],"class_list":{"0":"post-709778","1":"product","2":"type-product","3":"status-publish","5":"product_cat-edebiyat","6":"product_cat-genclik-edebiyati","7":"pa_cilt-ciltsiz","8":"pa_tur-kitap","9":"pa_yayinevi-carpe-diem-kitaplari","10":"pa_yazar-omer-sevincgul","12":"first","13":"instock","14":"sale","15":"shipping-taxable","16":"purchasable","17":"product-type-simple"},"_links":{"self":[{"href":"https:\/\/roveyayinevi.com.tr\/index.php\/wp-json\/wp\/v2\/product\/709778","targetHints":{"allow":["GET"]}}],"collection":[{"href":"https:\/\/roveyayinevi.com.tr\/index.php\/wp-json\/wp\/v2\/product"}],"about":[{"href":"https:\/\/roveyayinevi.com.tr\/index.php\/wp-json\/wp\/v2\/types\/product"}],"wp:attachment":[{"href":"https:\/\/roveyayinevi.com.tr\/index.php\/wp-json\/wp\/v2\/media?parent=709778"}],"wp:term":[{"taxonomy":"product_brand","embeddable":true,"href":"https:\/\/roveyayinevi.com.tr\/index.php\/wp-json\/wp\/v2\/product_brand?post=709778"},{"taxonomy":"product_cat","embeddable":true,"href":"https:\/\/roveyayinevi.com.tr\/index.php\/wp-json\/wp\/v2\/product_cat?post=709778"},{"taxonomy":"product_tag","embeddable":true,"href":"https:\/\/roveyayinevi.com.tr\/index.php\/wp-json\/wp\/v2\/product_tag?post=709778"}],"curies":[{"name":"wp","href":"https:\/\/api.w.org\/{rel}","templated":true}]}}