{"id":709775,"date":"2025-08-27T16:29:03","date_gmt":"2025-08-27T13:29:03","guid":{"rendered":"https:\/\/roveyayinevi.com.tr\/index.php\/urun\/hayatim-roman\/"},"modified":"2026-04-16T02:18:43","modified_gmt":"2026-04-15T23:18:43","slug":"hayatim-roman","status":"publish","type":"product","link":"https:\/\/roveyayinevi.com.tr\/index.php\/urun\/hayatim-roman\/","title":{"rendered":"Hayat\u0131m Roman"},"content":{"rendered":"<p>Erdo\u011fan Tokmak\u00e7\u0131o\u011flu her \u015feyden \u00f6nce ustal\u0131\u011f\u0131 \u00f6d\u00fcllerle kan\u0131tl\u0131 bir \u00f6yk\u00fc yazar\u0131. Dili do\u011fru ve g\u00fczel kullanan i\u015flek kalemi, \u015fa\u015f\u0131rt\u0131c\u0131 temalar\u0131, ilgin\u00e7 karakterlerle, \u201c\u015fifreli lak\u0131rd\u0131lar\u201dla, ac\u0131mas\u0131z ama hakl\u0131 ele\u015ftirilerle ve tad\u0131nda mizahla i\u015fliyor; yar\u0131m kalan ya\u015famlar, onun kendine has \u00fcslubuyla soluk almaya devam ediyor. <\/p>\n","protected":false},"excerpt":{"rendered":"<p>Erdo\u011fan Tokmak\u00e7\u0131o\u011flu her \u015feyden \u00f6nce ustal\u0131\u011f\u0131 \u00f6d\u00fcllerle kan\u0131tl\u0131 bir \u00f6yk\u00fc yazar\u0131. Dili do\u011fru ve g\u00fczel kullanan i\u015flek kalemi, \u015fa\u015f\u0131rt\u0131c\u0131 temalar\u0131, ilgin\u00e7 karakterlerle, \u201c\u015fifreli lak\u0131rd\u0131lar\u201dla, ac\u0131mas\u0131z ama<span class=\"excerpt-hellip\"> [\u2026]<\/span><\/p>\n","protected":false},"featured_media":0,"template":"","meta":{"_monsterinsights_skip_tracking":false,"_monsterinsights_sitenote_active":false,"_monsterinsights_sitenote_note":"","_monsterinsights_sitenote_category":0},"product_brand":[],"product_cat":[12291,12711],"product_tag":[],"class_list":{"0":"post-709775","1":"product","2":"type-product","3":"status-publish","5":"product_cat-edebiyat","6":"product_cat-roman-oyku","7":"pa_cilt-ciltsiz","8":"pa_tur-kitap","9":"pa_yayinevi-bilgi-yayinevi","10":"pa_yazar-erdogan-tokmakcioglu","12":"first","13":"instock","14":"sale","15":"shipping-taxable","16":"purchasable","17":"product-type-simple"},"_links":{"self":[{"href":"https:\/\/roveyayinevi.com.tr\/index.php\/wp-json\/wp\/v2\/product\/709775","targetHints":{"allow":["GET"]}}],"collection":[{"href":"https:\/\/roveyayinevi.com.tr\/index.php\/wp-json\/wp\/v2\/product"}],"about":[{"href":"https:\/\/roveyayinevi.com.tr\/index.php\/wp-json\/wp\/v2\/types\/product"}],"wp:attachment":[{"href":"https:\/\/roveyayinevi.com.tr\/index.php\/wp-json\/wp\/v2\/media?parent=709775"}],"wp:term":[{"taxonomy":"product_brand","embeddable":true,"href":"https:\/\/roveyayinevi.com.tr\/index.php\/wp-json\/wp\/v2\/product_brand?post=709775"},{"taxonomy":"product_cat","embeddable":true,"href":"https:\/\/roveyayinevi.com.tr\/index.php\/wp-json\/wp\/v2\/product_cat?post=709775"},{"taxonomy":"product_tag","embeddable":true,"href":"https:\/\/roveyayinevi.com.tr\/index.php\/wp-json\/wp\/v2\/product_tag?post=709775"}],"curies":[{"name":"wp","href":"https:\/\/api.w.org\/{rel}","templated":true}]}}