{"id":709764,"date":"2025-08-27T16:28:57","date_gmt":"2025-08-27T13:28:57","guid":{"rendered":"https:\/\/roveyayinevi.com.tr\/index.php\/urun\/mutlak-mutluluk-bakanligi\/"},"modified":"2026-04-02T02:24:14","modified_gmt":"2026-04-01T23:24:14","slug":"mutlak-mutluluk-bakanligi","status":"publish","type":"product","link":"https:\/\/roveyayinevi.com.tr\/index.php\/urun\/mutlak-mutluluk-bakanligi\/","title":{"rendered":"Mutlak Mutluluk Bakanl\u0131\u011f\u0131"},"content":{"rendered":"<p>Booker \u00d6d\u00fcll\u00fc K\u00fc\u00e7\u00fck \u015eeylerin Tanr\u0131s\u0131&#8217;n\u0131n Yazar\u0131Par\u00e7alanm\u0131\u015f bir hik\u00e2ye nas\u0131l anlat\u0131l\u0131r? Yava\u015f yava\u015f hik\u00e2yedeki herkese,  Hay\u0131r,  hik\u00e2yedeki her \u015feye d\u00f6n\u00fc\u015ft\u00fcrerek <\/p>\n","protected":false},"excerpt":{"rendered":"<p>Booker \u00d6d\u00fcll\u00fc K\u00fc\u00e7\u00fck \u015eeylerin Tanr\u0131s\u0131&#8217;n\u0131n Yazar\u0131Par\u00e7alanm\u0131\u015f bir hik\u00e2ye nas\u0131l anlat\u0131l\u0131r? Yava\u015f yava\u015f hik\u00e2yedeki herkese, Hay\u0131r, hik\u00e2yedeki her \u015feye d\u00f6n\u00fc\u015ft\u00fcrerek<\/p>\n","protected":false},"featured_media":0,"template":"","meta":{"_monsterinsights_skip_tracking":false,"_monsterinsights_sitenote_active":false,"_monsterinsights_sitenote_note":"","_monsterinsights_sitenote_category":0},"product_brand":[],"product_cat":[12291,12711],"product_tag":[],"class_list":{"0":"post-709764","1":"product","2":"type-product","3":"status-publish","5":"product_cat-edebiyat","6":"product_cat-roman-oyku","7":"pa_cilt-ciltsiz","8":"pa_tur-kitap","9":"pa_yayinevi-can-yayinlari","10":"pa_yazar-arundhati-roy","12":"first","13":"instock","14":"sale","15":"shipping-taxable","16":"purchasable","17":"product-type-simple"},"_links":{"self":[{"href":"https:\/\/roveyayinevi.com.tr\/index.php\/wp-json\/wp\/v2\/product\/709764","targetHints":{"allow":["GET"]}}],"collection":[{"href":"https:\/\/roveyayinevi.com.tr\/index.php\/wp-json\/wp\/v2\/product"}],"about":[{"href":"https:\/\/roveyayinevi.com.tr\/index.php\/wp-json\/wp\/v2\/types\/product"}],"wp:attachment":[{"href":"https:\/\/roveyayinevi.com.tr\/index.php\/wp-json\/wp\/v2\/media?parent=709764"}],"wp:term":[{"taxonomy":"product_brand","embeddable":true,"href":"https:\/\/roveyayinevi.com.tr\/index.php\/wp-json\/wp\/v2\/product_brand?post=709764"},{"taxonomy":"product_cat","embeddable":true,"href":"https:\/\/roveyayinevi.com.tr\/index.php\/wp-json\/wp\/v2\/product_cat?post=709764"},{"taxonomy":"product_tag","embeddable":true,"href":"https:\/\/roveyayinevi.com.tr\/index.php\/wp-json\/wp\/v2\/product_tag?post=709764"}],"curies":[{"name":"wp","href":"https:\/\/api.w.org\/{rel}","templated":true}]}}