{"id":709760,"date":"2025-08-27T16:28:56","date_gmt":"2025-08-27T13:28:56","guid":{"rendered":"https:\/\/roveyayinevi.com.tr\/index.php\/urun\/hayat-gulumsersen-gulumser-sana\/"},"modified":"2026-04-16T02:18:43","modified_gmt":"2026-04-15T23:18:43","slug":"hayat-gulumsersen-gulumser-sana","status":"publish","type":"product","link":"https:\/\/roveyayinevi.com.tr\/index.php\/urun\/hayat-gulumsersen-gulumser-sana\/","title":{"rendered":"Hayat G\u00fcl\u00fcmsersen G\u00fcl\u00fcmser Sana"},"content":{"rendered":"<p>Hen\u00fcz bir bebekken Sh\u00e7ek yuvas\u0131\u2019na b\u0131rak\u0131ld\u0131\u011f\u0131nda hastal\u0131\u011f\u0131 bilinmiyordu. Celebral Palsy hastas\u0131 oldu\u011fu, yeni ailesi onu evlat edindikten sonra ortaya \u00e7\u0131kt\u0131. \u00c7evrelerindeki insanlar\u0131n \u201cBu \u00e7ocu\u011fu geri verin\u201d diyerek yapt\u0131klar\u0131 bask\u0131ya ra\u011fmen ana babas\u0131 onu b\u0131rakmad\u0131. Doktorlara g\u00f6re d\u00fczelmesi pek m\u00fcmk\u00fcn olmayan %90 engelli \u201cG\u00f6zde Bebek\u201d \u015fu anda %90 sa\u011fl\u0131kl\u0131 \u201cGen\u00e7 K\u0131z G\u00f6zde\u201d dir.Bu kitap engelli bir gen\u00e7 k\u0131z\u0131n ailesiyle birlikte y\u0131llarca verdi\u011fi ya\u015fam m\u00fccadelesi sonucunda \u201cbedensel \u201c ve \u201ctoplumsal\u201d engelleri a\u015fmadaki ba\u015far\u0131s\u0131n\u0131n hikayesidir.<\/p>\n","protected":false},"excerpt":{"rendered":"<p>Hen\u00fcz bir bebekken Sh\u00e7ek yuvas\u0131\u2019na b\u0131rak\u0131ld\u0131\u011f\u0131nda hastal\u0131\u011f\u0131 bilinmiyordu. Celebral Palsy hastas\u0131 oldu\u011fu, yeni ailesi onu evlat edindikten sonra ortaya \u00e7\u0131kt\u0131. \u00c7evrelerindeki insanlar\u0131n \u201cBu \u00e7ocu\u011fu geri verin\u201d<span class=\"excerpt-hellip\"> [\u2026]<\/span><\/p>\n","protected":false},"featured_media":0,"template":"","meta":{"_monsterinsights_skip_tracking":false,"_monsterinsights_sitenote_active":false,"_monsterinsights_sitenote_note":"","_monsterinsights_sitenote_category":0},"product_brand":[],"product_cat":[12291,12711],"product_tag":[],"class_list":{"0":"post-709760","1":"product","2":"type-product","3":"status-publish","5":"product_cat-edebiyat","6":"product_cat-roman-oyku","7":"pa_cilt-ciltsiz","8":"pa_tur-kitap","9":"pa_yayinevi-baris-kitap","10":"pa_yazar-gozde-akkilic","12":"first","13":"instock","14":"sale","15":"shipping-taxable","16":"purchasable","17":"product-type-simple"},"_links":{"self":[{"href":"https:\/\/roveyayinevi.com.tr\/index.php\/wp-json\/wp\/v2\/product\/709760","targetHints":{"allow":["GET"]}}],"collection":[{"href":"https:\/\/roveyayinevi.com.tr\/index.php\/wp-json\/wp\/v2\/product"}],"about":[{"href":"https:\/\/roveyayinevi.com.tr\/index.php\/wp-json\/wp\/v2\/types\/product"}],"wp:attachment":[{"href":"https:\/\/roveyayinevi.com.tr\/index.php\/wp-json\/wp\/v2\/media?parent=709760"}],"wp:term":[{"taxonomy":"product_brand","embeddable":true,"href":"https:\/\/roveyayinevi.com.tr\/index.php\/wp-json\/wp\/v2\/product_brand?post=709760"},{"taxonomy":"product_cat","embeddable":true,"href":"https:\/\/roveyayinevi.com.tr\/index.php\/wp-json\/wp\/v2\/product_cat?post=709760"},{"taxonomy":"product_tag","embeddable":true,"href":"https:\/\/roveyayinevi.com.tr\/index.php\/wp-json\/wp\/v2\/product_tag?post=709760"}],"curies":[{"name":"wp","href":"https:\/\/api.w.org\/{rel}","templated":true}]}}