{"id":709759,"date":"2025-08-27T16:28:55","date_gmt":"2025-08-27T13:28:55","guid":{"rendered":"https:\/\/roveyayinevi.com.tr\/index.php\/urun\/herkese-her-istediginizi-yaptirin\/"},"modified":"2026-04-08T02:24:19","modified_gmt":"2026-04-07T23:24:19","slug":"herkese-her-istediginizi-yaptirin","status":"publish","type":"product","link":"https:\/\/roveyayinevi.com.tr\/index.php\/urun\/herkese-her-istediginizi-yaptirin\/","title":{"rendered":"Herkese Her \u0130stedi\u011finizi Yapt\u0131r\u0131n"},"content":{"rendered":"<p>\u0130nsan davran\u0131\u015f\u0131 alan\u0131ndaki efsanevi lider, kurallar\u0131 de\u011fi\u015ftiren, mutlaka okunmas\u0131 gereken ve en \u00e7ok satan kitab\u0131n\u0131 sunuyor. \u0130nsan davran\u0131\u015f\u0131ndaki en son geli\u015fmeleri kullanarak Dr. Lieberman, her ko\u015fulda avantaj\u0131 sa\u011flaman\u0131z i\u00e7in size ad\u0131m ad\u0131m teknikler sunuyor. Birinin sizi \u00e7ekici bulmas\u0131n\u0131 sa\u011flay\u0131n. Her ili\u015fkide ilk avantaj\u0131 yakalay\u0131n. Tavsiyelerinizi dinletin. \u0130nat\u00e7\u0131 bir insan\u0131n herhangi bir konuda fikrini de\u011fi\u015ftirin. Birinin sizin i\u00e7in bir iyilik yapmas\u0131n\u0131 sa\u011flay\u0131n. Telefon etti\u011finiz ki\u015finin size hemen geri d\u00f6nmesini sa\u011flay\u0131n. S\u00f6zl\u00fc sald\u0131r\u0131ya an\u0131nda son verin. \u0130nsanlar\u0131n size g\u00fcvenmelerini ve itiraf etmelerini sa\u011flay\u0131n. Basit, \u00f6z teknikler sunarak hedefi tam ortadan vuruyor&#8230; ve temel insan psikolojisine dayanan faydal\u0131 stratejiler ve say\u0131s\u0131z ara\u015ft\u0131rmalarla destekleniyor. Publishers Weekly<\/p>\n","protected":false},"excerpt":{"rendered":"<p>\u0130nsan davran\u0131\u015f\u0131 alan\u0131ndaki efsanevi lider, kurallar\u0131 de\u011fi\u015ftiren, mutlaka okunmas\u0131 gereken ve en \u00e7ok satan kitab\u0131n\u0131 sunuyor. \u0130nsan davran\u0131\u015f\u0131ndaki en son geli\u015fmeleri kullanarak Dr. Lieberman, her ko\u015fulda<span class=\"excerpt-hellip\"> [\u2026]<\/span><\/p>\n","protected":false},"featured_media":0,"template":"","meta":{"_monsterinsights_skip_tracking":false,"_monsterinsights_sitenote_active":false,"_monsterinsights_sitenote_note":"","_monsterinsights_sitenote_category":0},"product_brand":[],"product_cat":[12364,12376],"product_tag":[],"class_list":{"0":"post-709759","1":"product","2":"type-product","3":"status-publish","5":"product_cat-genel-konular","6":"product_cat-kisisel-gelisim","7":"pa_cilt-ciltsiz","8":"pa_tur-kitap","9":"pa_yayinevi-butik-yayinlari","10":"pa_yazar-david-j-lieberman","12":"first","13":"instock","14":"sale","15":"shipping-taxable","16":"purchasable","17":"product-type-simple"},"_links":{"self":[{"href":"https:\/\/roveyayinevi.com.tr\/index.php\/wp-json\/wp\/v2\/product\/709759","targetHints":{"allow":["GET"]}}],"collection":[{"href":"https:\/\/roveyayinevi.com.tr\/index.php\/wp-json\/wp\/v2\/product"}],"about":[{"href":"https:\/\/roveyayinevi.com.tr\/index.php\/wp-json\/wp\/v2\/types\/product"}],"wp:attachment":[{"href":"https:\/\/roveyayinevi.com.tr\/index.php\/wp-json\/wp\/v2\/media?parent=709759"}],"wp:term":[{"taxonomy":"product_brand","embeddable":true,"href":"https:\/\/roveyayinevi.com.tr\/index.php\/wp-json\/wp\/v2\/product_brand?post=709759"},{"taxonomy":"product_cat","embeddable":true,"href":"https:\/\/roveyayinevi.com.tr\/index.php\/wp-json\/wp\/v2\/product_cat?post=709759"},{"taxonomy":"product_tag","embeddable":true,"href":"https:\/\/roveyayinevi.com.tr\/index.php\/wp-json\/wp\/v2\/product_tag?post=709759"}],"curies":[{"name":"wp","href":"https:\/\/api.w.org\/{rel}","templated":true}]}}