{"id":709755,"date":"2025-08-27T16:28:53","date_gmt":"2025-08-27T13:28:53","guid":{"rendered":"https:\/\/roveyayinevi.com.tr\/index.php\/urun\/herkes-kagit-sanati-yapabilir-temel-kagit-becerileri-icin-adim-adim-rehberlik\/"},"modified":"2026-04-16T02:18:43","modified_gmt":"2026-04-15T23:18:43","slug":"herkes-kagit-sanati-yapabilir-temel-kagit-becerileri-icin-adim-adim-rehberlik","status":"publish","type":"product","link":"https:\/\/roveyayinevi.com.tr\/index.php\/urun\/herkes-kagit-sanati-yapabilir-temel-kagit-becerileri-icin-adim-adim-rehberlik\/","title":{"rendered":"Herkes Ka\u011f\u0131t Sanat\u0131 Yapabilir &#8211; Temel Ka\u011f\u0131t Becerileri \u0130\u00e7in Ad\u0131m Ad\u0131m Rehberlik"},"content":{"rendered":"<p>Ki\u015fiye \u00f6zel yap\u0131lm\u0131\u015f el yap\u0131m\u0131 bir hediye, hediyeyi veren i\u00e7in de alan i\u00e7in de ma\u011fazadan al\u0131nan bir hediyeden \u00e7ok daha fazla anlam ta\u015f\u0131r. Birka\u00e7 basit teknikle sadece benzersiz de\u011fil ayn\u0131 zamanda profesyonel ve g\u00f6z al\u0131c\u0131 bir kart, bir hediye ya da s\u00fcsleme haz\u0131rlaman\u0131z m\u00fcmk\u00fcn!Herkes K\u00e2\u011f\u0131t Sanat\u0131 Yapabilir pop\u00fcler ve ileriye d\u00f6n\u00fck bir sanata y\u00f6nelik sunulmu\u015f g\u00fczel ve kullan\u0131\u015fl\u0131 bir k\u0131lavuzdur.\u00d6n plana \u00e7\u0131kan \u00f6zellikleri:*Ara\u00e7-gere\u00e7, malzeme ve temel tekniklerle ilgili b\u00f6l\u00fcmler*Kart ve etiketlerden hediye ve s\u00fcslemelere kadar, yeti\u015fkinler ve \u00e7ocuklar i\u00e7in 45 orijinal proje*Ad\u0131m ad\u0131m foto\u011fraflar, k\u0131sa a\u00e7\u0131klamalar ve \u015fablonlar. <\/p>\n","protected":false},"excerpt":{"rendered":"<p>Ki\u015fiye \u00f6zel yap\u0131lm\u0131\u015f el yap\u0131m\u0131 bir hediye, hediyeyi veren i\u00e7in de alan i\u00e7in de ma\u011fazadan al\u0131nan bir hediyeden \u00e7ok daha fazla anlam ta\u015f\u0131r. Birka\u00e7 basit teknikle<span class=\"excerpt-hellip\"> [\u2026]<\/span><\/p>\n","protected":false},"featured_media":0,"template":"","meta":{"_monsterinsights_skip_tracking":false,"_monsterinsights_sitenote_active":false,"_monsterinsights_sitenote_note":"","_monsterinsights_sitenote_category":0},"product_brand":[],"product_cat":[12312,12304],"product_tag":[],"class_list":{"0":"post-709755","1":"product","2":"type-product","3":"status-publish","5":"product_cat-diger","6":"product_cat-tarih","7":"pa_cilt-ciltsiz","8":"pa_tur-kitap","9":"pa_yayinevi-profil-kitap","10":"pa_yazar-elizabeth-moad","12":"first","13":"instock","14":"sale","15":"shipping-taxable","16":"purchasable","17":"product-type-simple"},"_links":{"self":[{"href":"https:\/\/roveyayinevi.com.tr\/index.php\/wp-json\/wp\/v2\/product\/709755","targetHints":{"allow":["GET"]}}],"collection":[{"href":"https:\/\/roveyayinevi.com.tr\/index.php\/wp-json\/wp\/v2\/product"}],"about":[{"href":"https:\/\/roveyayinevi.com.tr\/index.php\/wp-json\/wp\/v2\/types\/product"}],"wp:attachment":[{"href":"https:\/\/roveyayinevi.com.tr\/index.php\/wp-json\/wp\/v2\/media?parent=709755"}],"wp:term":[{"taxonomy":"product_brand","embeddable":true,"href":"https:\/\/roveyayinevi.com.tr\/index.php\/wp-json\/wp\/v2\/product_brand?post=709755"},{"taxonomy":"product_cat","embeddable":true,"href":"https:\/\/roveyayinevi.com.tr\/index.php\/wp-json\/wp\/v2\/product_cat?post=709755"},{"taxonomy":"product_tag","embeddable":true,"href":"https:\/\/roveyayinevi.com.tr\/index.php\/wp-json\/wp\/v2\/product_tag?post=709755"}],"curies":[{"name":"wp","href":"https:\/\/api.w.org\/{rel}","templated":true}]}}