{"id":709754,"date":"2025-08-27T16:28:53","date_gmt":"2025-08-27T13:28:53","guid":{"rendered":"https:\/\/roveyayinevi.com.tr\/index.php\/urun\/yol-bitmeden\/"},"modified":"2026-04-16T02:18:43","modified_gmt":"2026-04-15T23:18:43","slug":"yol-bitmeden","status":"publish","type":"product","link":"https:\/\/roveyayinevi.com.tr\/index.php\/urun\/yol-bitmeden\/","title":{"rendered":"Yol Bitmeden"},"content":{"rendered":"<p>\u015eimdi \u00e7ok uzaklarda, hat\u0131ralarda kalm\u0131\u015f olan eski bir mahalleye yolum d\u00fc\u015ft\u00fc, seneler sonra karl\u0131 bir k\u0131\u015f sabah\u0131nda! Eskilerden bir \u015feyler, bir a\u015final\u0131k, bir tan\u0131d\u0131k y\u00fcz, bir tan\u0131d\u0131k sokak, bir tan\u0131d\u0131k ev ar\u0131yordu g\u00f6zlerim ama bulmak \u00e7ok kolay olmayacak gibiydi.Zira mahalle diye bir \u015fey kalmam\u0131\u015ft\u0131; devasa siteler, bloklar d\u00fcmd\u00fcz edip ge\u00e7mi\u015fti o g\u00fczelim mahalleyi, sokaklar\u0131 ve bizleri yeni bir ya\u015fama bi\u00e7imiyle kar\u015f\u0131 kar\u015f\u0131ya b\u0131rakm\u0131\u015ft\u0131!Bir taraftan da mahallenin s\u0131cakl\u0131\u011f\u0131n\u0131, kom\u015fuluk ili\u015fkilerini, sabah\u0131n ve ak\u015fam\u0131n ayr\u0131 ayr\u0131 ve tatl\u0131 tela\u015f\u0131n\u0131, sat\u0131c\u0131lar\u0131n\u0131, sevin\u00e7lerini, h\u00fcz\u00fcnlerini d\u00fc\u015f\u00fcn\u00fcyordum. Sonra birden kar\u015f\u0131ma \u00e7\u0131k\u0131verdi, birisi! Seneler \u00f6ncesindeki gibi ba\u015f\u0131nda simit tepsisi, yine ayn\u0131 h\u0131zl\u0131 ad\u0131mlarla ve yine sa\u011fa sola h\u0131zl\u0131 bak\u0131\u015flarla \u201csimit, simit\u00e7i\u201d diye ba\u011f\u0131rarak y\u00fcr\u00fcy\u00fcp gidiyordu. Halinde, tavr\u0131nda, enerjisinde hi\u00e7bir de\u011fi\u015fiklik yoktu. Sanki seneler kendisinden hi\u00e7bir \u015fey g\u00f6t\u00fcrmemi\u015f gibiydi ve yine ayn\u0131 gayret ve heyecanla r\u0131zk\u0131n\u0131n pe\u015findeydi.Yaz k\u0131\u015f, s\u0131cak so\u011fuk demeden yapt\u0131\u011f\u0131 i\u015f buydu ve h\u00e2l\u00e2 ayn\u0131 i\u015fine devam ediyordu. Selamla\u015f\u0131p hat\u0131rla\u015ft\u0131k, bir simit ald\u0131m ve ayr\u0131ld\u0131k. O r\u0131zk\u0131n\u0131n pe\u015fine d\u00fc\u015ft\u00fc, biz de i\u015fimizin!\u201d <\/p>\n","protected":false},"excerpt":{"rendered":"<p>\u015eimdi \u00e7ok uzaklarda, hat\u0131ralarda kalm\u0131\u015f olan eski bir mahalleye yolum d\u00fc\u015ft\u00fc, seneler sonra karl\u0131 bir k\u0131\u015f sabah\u0131nda! Eskilerden bir \u015feyler, bir a\u015final\u0131k, bir tan\u0131d\u0131k y\u00fcz, bir<span class=\"excerpt-hellip\"> [\u2026]<\/span><\/p>\n","protected":false},"featured_media":0,"template":"","meta":{"_monsterinsights_skip_tracking":false,"_monsterinsights_sitenote_active":false,"_monsterinsights_sitenote_note":"","_monsterinsights_sitenote_category":0},"product_brand":[],"product_cat":[12777,12291],"product_tag":[],"class_list":{"0":"post-709754","1":"product","2":"type-product","3":"status-publish","5":"product_cat-deneme","6":"product_cat-edebiyat","7":"pa_cilt-ciltsiz","8":"pa_tur-kitap","9":"pa_yayinevi-profil-kitap","10":"pa_yazar-kazim-arslan","12":"first","13":"instock","14":"sale","15":"shipping-taxable","16":"purchasable","17":"product-type-simple"},"_links":{"self":[{"href":"https:\/\/roveyayinevi.com.tr\/index.php\/wp-json\/wp\/v2\/product\/709754","targetHints":{"allow":["GET"]}}],"collection":[{"href":"https:\/\/roveyayinevi.com.tr\/index.php\/wp-json\/wp\/v2\/product"}],"about":[{"href":"https:\/\/roveyayinevi.com.tr\/index.php\/wp-json\/wp\/v2\/types\/product"}],"wp:attachment":[{"href":"https:\/\/roveyayinevi.com.tr\/index.php\/wp-json\/wp\/v2\/media?parent=709754"}],"wp:term":[{"taxonomy":"product_brand","embeddable":true,"href":"https:\/\/roveyayinevi.com.tr\/index.php\/wp-json\/wp\/v2\/product_brand?post=709754"},{"taxonomy":"product_cat","embeddable":true,"href":"https:\/\/roveyayinevi.com.tr\/index.php\/wp-json\/wp\/v2\/product_cat?post=709754"},{"taxonomy":"product_tag","embeddable":true,"href":"https:\/\/roveyayinevi.com.tr\/index.php\/wp-json\/wp\/v2\/product_tag?post=709754"}],"curies":[{"name":"wp","href":"https:\/\/api.w.org\/{rel}","templated":true}]}}