{"id":709753,"date":"2025-08-27T16:28:52","date_gmt":"2025-08-27T13:28:52","guid":{"rendered":"https:\/\/roveyayinevi.com.tr\/index.php\/urun\/kalkuta\/"},"modified":"2026-04-16T02:18:43","modified_gmt":"2026-04-15T23:18:43","slug":"kalkuta","status":"publish","type":"product","link":"https:\/\/roveyayinevi.com.tr\/index.php\/urun\/kalkuta\/","title":{"rendered":"Kalk\u00fcta"},"content":{"rendered":"<p>\u00d6l\u00fc bayku\u015f dirildiTap\u0131na\u011f\u0131n t\u00fcm be\u015fikleri \u0131sland\u0131Gri elmalarla mumyalad\u0131lar prensiB\u00f6\u011fr\u00fcndeki d\u00f6vmeyi \u00f6p\u00fcp, ok\u015fad\u0131larG\u00f6vdesinden yemi\u015fler d\u00f6ken a\u011fac\u0131n,Tepesine uzatt\u0131lar.Sar\u0131 sarn\u0131\u00e7tan su i\u00e7en her kad\u0131n\u0131Kaplanlara att\u0131lar.\u00d6l\u00fc bayku\u015f u\u00e7tu.\u0130ki at girdi avluyaKi\u015fnemeleri be\u015fikleri kuruttu.Samanalar y\u00fcr\u00fcd\u00fc \u00f6ndenBellerinde mandarin kemerleri.Ellerinde; \u015fankha, tanpura, \u015fehnayi, sitar\u2026Kanatlar\u0131na inci dizilmi\u015f turnay\u0131 vurdular,\u015eekere, safrana bulad\u0131lar.\u0130ki \u00e7ocuk yoka \u00e7ekildi.A\u011fa\u00e7 yalazlara teslim etti, kendini.Kalk\u00fcta\u2019y\u0131 yan\u0131k sedef kokusu ku\u015fatt\u0131.\u00d6l\u00fc bayku\u015f, d\u00fc\u015ft\u00fc. <\/p>\n","protected":false},"excerpt":{"rendered":"<p>\u00d6l\u00fc bayku\u015f dirildiTap\u0131na\u011f\u0131n t\u00fcm be\u015fikleri \u0131sland\u0131Gri elmalarla mumyalad\u0131lar prensiB\u00f6\u011fr\u00fcndeki d\u00f6vmeyi \u00f6p\u00fcp, ok\u015fad\u0131larG\u00f6vdesinden yemi\u015fler d\u00f6ken a\u011fac\u0131n,Tepesine uzatt\u0131lar.Sar\u0131 sarn\u0131\u00e7tan su i\u00e7en her kad\u0131n\u0131Kaplanlara att\u0131lar.\u00d6l\u00fc bayku\u015f u\u00e7tu.\u0130ki at girdi<span class=\"excerpt-hellip\"> [\u2026]<\/span><\/p>\n","protected":false},"featured_media":0,"template":"","meta":{"_monsterinsights_skip_tracking":false,"_monsterinsights_sitenote_active":false,"_monsterinsights_sitenote_note":"","_monsterinsights_sitenote_category":0},"product_brand":[],"product_cat":[12291,12509],"product_tag":[],"class_list":{"0":"post-709753","1":"product","2":"type-product","3":"status-publish","5":"product_cat-edebiyat","6":"product_cat-siir","7":"pa_cilt-ciltsiz","8":"pa_tur-kitap","9":"pa_yayinevi-profil-kitap","10":"pa_yazar-kaan-murat-yanik","12":"first","13":"instock","14":"sale","15":"shipping-taxable","16":"purchasable","17":"product-type-simple"},"_links":{"self":[{"href":"https:\/\/roveyayinevi.com.tr\/index.php\/wp-json\/wp\/v2\/product\/709753","targetHints":{"allow":["GET"]}}],"collection":[{"href":"https:\/\/roveyayinevi.com.tr\/index.php\/wp-json\/wp\/v2\/product"}],"about":[{"href":"https:\/\/roveyayinevi.com.tr\/index.php\/wp-json\/wp\/v2\/types\/product"}],"wp:attachment":[{"href":"https:\/\/roveyayinevi.com.tr\/index.php\/wp-json\/wp\/v2\/media?parent=709753"}],"wp:term":[{"taxonomy":"product_brand","embeddable":true,"href":"https:\/\/roveyayinevi.com.tr\/index.php\/wp-json\/wp\/v2\/product_brand?post=709753"},{"taxonomy":"product_cat","embeddable":true,"href":"https:\/\/roveyayinevi.com.tr\/index.php\/wp-json\/wp\/v2\/product_cat?post=709753"},{"taxonomy":"product_tag","embeddable":true,"href":"https:\/\/roveyayinevi.com.tr\/index.php\/wp-json\/wp\/v2\/product_tag?post=709753"}],"curies":[{"name":"wp","href":"https:\/\/api.w.org\/{rel}","templated":true}]}}