{"id":709752,"date":"2025-08-27T16:28:52","date_gmt":"2025-08-27T13:28:52","guid":{"rendered":"https:\/\/roveyayinevi.com.tr\/index.php\/urun\/deneyler-ve-hayaletler\/"},"modified":"2026-04-16T02:18:43","modified_gmt":"2026-04-15T23:18:43","slug":"deneyler-ve-hayaletler","status":"publish","type":"product","link":"https:\/\/roveyayinevi.com.tr\/index.php\/urun\/deneyler-ve-hayaletler\/","title":{"rendered":"Deneyler ve Hayaletler"},"content":{"rendered":"<p>Hi\u00e7 d\u00fc\u015f\u00fcnd\u00fcn\u00fcz m\u00fc?\u201cNeden?\u201d diye sormak, neden \u00f6nemlidir?\u00d6\u011fretmenin o g\u00fcn verdi\u011fi ev \u00f6devini d\u00fc\u015f\u00fcn\u00fcnce Beste bir an i\u00e7in \u00fcrperir. \u00d6dev \u201cg\u00f6r\u00fcnmezi g\u00f6rmek\u201d \u00fczerine bir deneydir. Ruhlar ya da hayaletler gelmesin akl\u0131n\u0131za. Bu ses dalgalar\u0131yla ilgili \u00e7ok ilgin\u00e7 bir deney ve ihtiyac\u0131n\u0131z olan sadece bo\u015f bir kavanoz, makas, torba, lastik bant, bir \u00e7ay ka\u015f\u0131\u011f\u0131 toz\u015feker ve iki tencere kapa\u011f\u0131.Bilimsel ve ku\u015fkucu d\u00fc\u015f\u00fcnmeye ili\u015fkin bu e\u011flenceli hik\u00e2yede evde ailenizle yapabilece\u011finiz deneyler de var.\u201c\u00d6yle ho\u015fuma gitmi\u015fti ki, tencere kapaklar\u0131n\u0131 birbirine daha da h\u0131zl\u0131 vurmaya ba\u015flad\u0131m (bu arada kendimi de cesaretlendirmeye \u00e7al\u0131\u015f\u0131yordum, ne de olsa evdeki o sessizlik hi\u00e7 ho\u015fuma gitmiyordu). Art\u0131k denizdeki k\u00fc\u00e7\u00fck dalgalar, f\u0131rt\u0131nadaki dev dalgalara d\u00f6n\u00fc\u015fm\u00fc\u015ft\u00fc: Dalga <\/p>\n","protected":false},"excerpt":{"rendered":"<p>Hi\u00e7 d\u00fc\u015f\u00fcnd\u00fcn\u00fcz m\u00fc?\u201cNeden?\u201d diye sormak, neden \u00f6nemlidir?\u00d6\u011fretmenin o g\u00fcn verdi\u011fi ev \u00f6devini d\u00fc\u015f\u00fcn\u00fcnce Beste bir an i\u00e7in \u00fcrperir. \u00d6dev \u201cg\u00f6r\u00fcnmezi g\u00f6rmek\u201d \u00fczerine bir deneydir. Ruhlar ya<span class=\"excerpt-hellip\"> [\u2026]<\/span><\/p>\n","protected":false},"featured_media":0,"template":"","meta":{"_monsterinsights_skip_tracking":false,"_monsterinsights_sitenote_active":false,"_monsterinsights_sitenote_note":"","_monsterinsights_sitenote_category":0},"product_brand":[],"product_cat":[12274,12284],"product_tag":[],"class_list":{"0":"post-709752","1":"product","2":"type-product","3":"status-publish","5":"product_cat-cocuk-ve-genclik-kitaplari","6":"product_cat-hikayeler","7":"pa_cilt-ciltsiz","8":"pa_tur-kitap","9":"pa_yayinevi-yapi-kredi-yayinlari","10":"pa_yazar-mario-sala-gallini","12":"first","13":"instock","14":"sale","15":"shipping-taxable","16":"purchasable","17":"product-type-simple"},"_links":{"self":[{"href":"https:\/\/roveyayinevi.com.tr\/index.php\/wp-json\/wp\/v2\/product\/709752","targetHints":{"allow":["GET"]}}],"collection":[{"href":"https:\/\/roveyayinevi.com.tr\/index.php\/wp-json\/wp\/v2\/product"}],"about":[{"href":"https:\/\/roveyayinevi.com.tr\/index.php\/wp-json\/wp\/v2\/types\/product"}],"wp:attachment":[{"href":"https:\/\/roveyayinevi.com.tr\/index.php\/wp-json\/wp\/v2\/media?parent=709752"}],"wp:term":[{"taxonomy":"product_brand","embeddable":true,"href":"https:\/\/roveyayinevi.com.tr\/index.php\/wp-json\/wp\/v2\/product_brand?post=709752"},{"taxonomy":"product_cat","embeddable":true,"href":"https:\/\/roveyayinevi.com.tr\/index.php\/wp-json\/wp\/v2\/product_cat?post=709752"},{"taxonomy":"product_tag","embeddable":true,"href":"https:\/\/roveyayinevi.com.tr\/index.php\/wp-json\/wp\/v2\/product_tag?post=709752"}],"curies":[{"name":"wp","href":"https:\/\/api.w.org\/{rel}","templated":true}]}}