{"id":709751,"date":"2025-08-27T16:28:51","date_gmt":"2025-08-27T13:28:51","guid":{"rendered":"https:\/\/roveyayinevi.com.tr\/index.php\/urun\/ozgur-ve-bedava-internet-caginda-bilgi\/"},"modified":"2026-04-16T02:18:43","modified_gmt":"2026-04-15T23:18:43","slug":"ozgur-ve-bedava-internet-caginda-bilgi","status":"publish","type":"product","link":"https:\/\/roveyayinevi.com.tr\/index.php\/urun\/ozgur-ve-bedava-internet-caginda-bilgi\/","title":{"rendered":"\u00d6zg\u00fcr ve Bedava &#8211; \u0130nternet \u00c7a\u011f\u0131nda Bilgi"},"content":{"rendered":"<p>G\u00fcn\u00fcm\u00fczde bir sanat\u00e7\u0131n\u0131n ge\u00e7imini yap\u0131tlar\u0131yla sa\u011flamas\u0131 m\u00fcmk\u00fcn m\u00fc? \u0130nternet her t\u00fcrl\u00fc yarat\u0131c\u0131 \u00fcr\u00fcn\u00fc bu derece ula\u015f\u0131labilir ve \u00fccretsiz hale getirmi\u015fken sanattan maddi bir kar\u015f\u0131l\u0131k beklemek ger\u00e7ek\u00e7i mi? Telif haklar\u0131, internet \u00e7a\u011f\u0131nda \u00f6nemini ne kadar koruyor?Cory Doctorow, \u00d6zg\u00fcr ve Bedava\u2019da telif haklar\u0131n\u0131n ya\u015fad\u0131\u011f\u0131 de\u011fi\u015fime, sekt\u00f6rel kurnazl\u0131klara ve internetin ger\u00e7eklerine de\u011finerek t\u00fcm yarat\u0131c\u0131lara bili\u015fim \u00e7a\u011f\u0131na ayak uydurabilmeleri i\u00e7in bir yol haritas\u0131 \u00e7iziyor. Sanatsal \u00fcretimi diri tutmak ve bu \u00fcretimin devam\u0131n\u0131 sa\u011flayacak maddi kazan\u0131m\u0131 elde edebilmek i\u00e7in stratejiler \u00f6neriyor \u2013 \u00fcstelik hem yarat\u0131c\u0131lar hem de yat\u0131r\u0131mc\u0131lar i\u00e7in.\u00d6zg\u00fcr ve Bedava, yarat\u0131c\u0131l\u0131\u011f\u0131n ve internetin birlikte nas\u0131l var olabilece\u011fine ve y\u00fczy\u0131llard\u0131r s\u00fcregelen telif sava\u015flar\u0131nda sanat\u00e7\u0131lar\u0131 ileride nelerin bekledi\u011fine dair kullan\u0131\u015fl\u0131 bir rehber.Neil Gaiman ve Amanda Palmer\u2019\u0131n \u00f6ns\u00f6z\u00fcyle. <\/p>\n","protected":false},"excerpt":{"rendered":"<p>G\u00fcn\u00fcm\u00fczde bir sanat\u00e7\u0131n\u0131n ge\u00e7imini yap\u0131tlar\u0131yla sa\u011flamas\u0131 m\u00fcmk\u00fcn m\u00fc? \u0130nternet her t\u00fcrl\u00fc yarat\u0131c\u0131 \u00fcr\u00fcn\u00fc bu derece ula\u015f\u0131labilir ve \u00fccretsiz hale getirmi\u015fken sanattan maddi bir kar\u015f\u0131l\u0131k beklemek ger\u00e7ek\u00e7i<span class=\"excerpt-hellip\"> [\u2026]<\/span><\/p>\n","protected":false},"featured_media":0,"template":"","meta":{"_monsterinsights_skip_tracking":false,"_monsterinsights_sitenote_active":false,"_monsterinsights_sitenote_note":"","_monsterinsights_sitenote_category":0},"product_brand":[],"product_cat":[15983,13488],"product_tag":[],"class_list":{"0":"post-709751","1":"product","2":"type-product","3":"status-publish","5":"product_cat-iletisim-ve-medya","6":"product_cat-toplum-ve-insan","7":"pa_cilt-ciltsiz","8":"pa_tur-kitap","9":"pa_yayinevi-koc-universitesi-yayinlari","10":"pa_yazar-cory-dostorow","12":"first","13":"instock","14":"sale","15":"shipping-taxable","16":"purchasable","17":"product-type-simple"},"_links":{"self":[{"href":"https:\/\/roveyayinevi.com.tr\/index.php\/wp-json\/wp\/v2\/product\/709751","targetHints":{"allow":["GET"]}}],"collection":[{"href":"https:\/\/roveyayinevi.com.tr\/index.php\/wp-json\/wp\/v2\/product"}],"about":[{"href":"https:\/\/roveyayinevi.com.tr\/index.php\/wp-json\/wp\/v2\/types\/product"}],"wp:attachment":[{"href":"https:\/\/roveyayinevi.com.tr\/index.php\/wp-json\/wp\/v2\/media?parent=709751"}],"wp:term":[{"taxonomy":"product_brand","embeddable":true,"href":"https:\/\/roveyayinevi.com.tr\/index.php\/wp-json\/wp\/v2\/product_brand?post=709751"},{"taxonomy":"product_cat","embeddable":true,"href":"https:\/\/roveyayinevi.com.tr\/index.php\/wp-json\/wp\/v2\/product_cat?post=709751"},{"taxonomy":"product_tag","embeddable":true,"href":"https:\/\/roveyayinevi.com.tr\/index.php\/wp-json\/wp\/v2\/product_tag?post=709751"}],"curies":[{"name":"wp","href":"https:\/\/api.w.org\/{rel}","templated":true}]}}