{"id":709749,"date":"2025-08-27T16:28:50","date_gmt":"2025-08-27T13:28:50","guid":{"rendered":"https:\/\/roveyayinevi.com.tr\/index.php\/urun\/haldun-tanerin-timsahi\/"},"modified":"2026-04-16T02:18:42","modified_gmt":"2026-04-15T23:18:42","slug":"haldun-tanerin-timsahi","status":"publish","type":"product","link":"https:\/\/roveyayinevi.com.tr\/index.php\/urun\/haldun-tanerin-timsahi\/","title":{"rendered":"Haldun Taner&#8217;in Timsah\u0131"},"content":{"rendered":"<p>Haldun Taner\u2019in bir radyo oyunu \u00fcst\u00fcne g\u00fcncel bir kitap: Haldun Taner\u2019in Timsah\u0131Haldun Taner\u2019in 1960\u2019l\u0131 y\u0131llar\u0131n ba\u015f\u0131nda radyoda yay\u0131mlanan oyunu \u201cTimsah\u201d ilk kez 2008 y\u0131l\u0131nda ortaya \u00e7\u0131km\u0131\u015f, Sel\u00e7uk Erez ve Demet Taner\u2019in inceleme yaz\u0131lar\u0131yla birlikte okura sunulmu\u015ftu.1960 sonbahar\u0131nda 147 \u00f6\u011fretim \u00fcyesi Milli Birlik Komitesi karar\u0131yla \u00fcniversiteden uzakla\u015ft\u0131r\u0131ld\u0131. Haldun Taner, siyasi tarihimize \u201c147\u2019ler\u201d olarak ge\u00e7en bu olaya yak\u0131ndan tan\u0131k oldu ve Dostoyevski\u2019nin \u201cTimsah\u201d adl\u0131 \u00f6yk\u00fcs\u00fcnden hareketle yazd\u0131\u011f\u0131 bir radyo oyunuyla yap\u0131lan hukuksuzlu\u011fa dikkat \u00e7ekti.Haldun Taner\u2019in Timsah\u0131, \u201cMizah haks\u0131zl\u0131\u011fa kar\u015f\u0131 en etkili silahlardan biridir\u201d diyen Haldun Taner\u2019in \u201cTi <\/p>\n","protected":false},"excerpt":{"rendered":"<p>Haldun Taner\u2019in bir radyo oyunu \u00fcst\u00fcne g\u00fcncel bir kitap: Haldun Taner\u2019in Timsah\u0131Haldun Taner\u2019in 1960\u2019l\u0131 y\u0131llar\u0131n ba\u015f\u0131nda radyoda yay\u0131mlanan oyunu \u201cTimsah\u201d ilk kez 2008 y\u0131l\u0131nda ortaya \u00e7\u0131km\u0131\u015f,<span class=\"excerpt-hellip\"> [\u2026]<\/span><\/p>\n","protected":false},"featured_media":0,"template":"","meta":{"_monsterinsights_skip_tracking":false,"_monsterinsights_sitenote_active":false,"_monsterinsights_sitenote_note":"","_monsterinsights_sitenote_category":0},"product_brand":[],"product_cat":[12291,14272],"product_tag":[],"class_list":{"0":"post-709749","1":"product","2":"type-product","3":"status-publish","5":"product_cat-edebiyat","6":"product_cat-tiyatro","7":"pa_cilt-ciltsiz","8":"pa_tur-kitap","9":"pa_yayinevi-yapi-kredi-yayinlari","10":"pa_yazar-haldun-taner","12":"first","13":"instock","14":"sale","15":"shipping-taxable","16":"purchasable","17":"product-type-simple"},"_links":{"self":[{"href":"https:\/\/roveyayinevi.com.tr\/index.php\/wp-json\/wp\/v2\/product\/709749","targetHints":{"allow":["GET"]}}],"collection":[{"href":"https:\/\/roveyayinevi.com.tr\/index.php\/wp-json\/wp\/v2\/product"}],"about":[{"href":"https:\/\/roveyayinevi.com.tr\/index.php\/wp-json\/wp\/v2\/types\/product"}],"wp:attachment":[{"href":"https:\/\/roveyayinevi.com.tr\/index.php\/wp-json\/wp\/v2\/media?parent=709749"}],"wp:term":[{"taxonomy":"product_brand","embeddable":true,"href":"https:\/\/roveyayinevi.com.tr\/index.php\/wp-json\/wp\/v2\/product_brand?post=709749"},{"taxonomy":"product_cat","embeddable":true,"href":"https:\/\/roveyayinevi.com.tr\/index.php\/wp-json\/wp\/v2\/product_cat?post=709749"},{"taxonomy":"product_tag","embeddable":true,"href":"https:\/\/roveyayinevi.com.tr\/index.php\/wp-json\/wp\/v2\/product_tag?post=709749"}],"curies":[{"name":"wp","href":"https:\/\/api.w.org\/{rel}","templated":true}]}}