{"id":709748,"date":"2025-08-27T16:28:50","date_gmt":"2025-08-27T13:28:50","guid":{"rendered":"https:\/\/roveyayinevi.com.tr\/index.php\/urun\/turkiye-ekonomisi-1838-2010\/"},"modified":"2026-04-16T02:18:40","modified_gmt":"2026-04-15T23:18:40","slug":"turkiye-ekonomisi-1838-2010","status":"publish","type":"product","link":"https:\/\/roveyayinevi.com.tr\/index.php\/urun\/turkiye-ekonomisi-1838-2010\/","title":{"rendered":"T\u00fcrkiye Ekonomisi (1838-2010)"},"content":{"rendered":"<p>T\u00fcrkiye\u2019nin ekonomik kalk\u0131nma faaliyeti son iki y\u00fcz y\u0131ll\u0131k bir macerad\u0131r. Osmanl\u0131 T\u00fcrkiyesi 1838\u2019den itibaren serbest ticaret, d\u0131\u015f bor\u00e7 ve yabanc\u0131 sermayeyle kalk\u0131nmay\u0131 denemi\u015f, ancak ba\u015far\u0131l\u0131 olamam\u0131\u015ft\u0131r. \u00dcstelik \u00fclke 1911-1922 y\u0131llar\u0131 aras\u0131nda devaml\u0131 harp halinde kalm\u0131\u015ft\u0131r. Daha \u00f6nce de i\u00e7 karga\u015fal\u0131klar, gayrim\u00fcslim az\u0131nl\u0131klar sebebiyle s\u00fcrd\u00fcr\u00fclebilir bir ekonomik b\u00fcy\u00fcmeyi yakalayamam\u0131\u015ft\u0131r. T\u00fcrkiye\u2019nin iki y\u00fcz y\u0131ll\u0131k kalk\u0131nma s\u00fcrecinde \u00fclkemiz hangi a\u015famada ve seviyededir? Bir ba\u015fka ifadeyle, sanayile\u015fme ve kalk\u0131nman\u0131n neresindeyiz? Yahut kalk\u0131nma yolunda ald\u0131\u011f\u0131m\u0131z mesafe nedir? Bu akademik \u00e7al\u0131\u015fma, bu soruya tarihi s\u00fcre\u00e7 i\u00e7inde cevap aramak, hi\u00e7 de\u011filse T\u00fcrkiye\u2019nin kalk\u0131nma, b\u00fcy\u00fcme ve istihdam sa\u011flama gayretleri ve onun a\u015famal\u0131 dereceleri hakk\u0131nda h\u00fckme varmak isteyenlere, akademisyenlere, siyaset yap\u0131c\u0131lara gerekli malzemeyi vermek gayesiyle olduk\u00e7a detayl\u0131 tutulmu\u015f, mukayeseli analizlere yer verilmi\u015ftir. \u00c7al\u0131\u015fma, T\u00fcrkiye\u2019nin a\u011f\u0131r bir ekonomi, reel sekt\u00f6r ve i\u015fsizlik bunal\u0131m\u0131ndan ge\u00e7mekte oldu\u011fu bir s\u0131rada yap\u0131lm\u0131\u015ft\u0131r. Bu bunal\u0131m\u0131n ve daha \u00f6nce de ge\u00e7irilmi\u015f olan krizlerin sebepleri, \u00e7al\u0131\u015fman\u0131n muhtelif b\u00f6l\u00fcmlerinde 1838-2010 y\u0131llar\u0131n\u0131 kapsayacak bir 172 y\u0131ll\u0131k d\u00f6nem i\u00e7inde \u00fc\u00e7 ana b\u00f6l\u00fcm halinde ele al\u0131nm\u0131\u015ft\u0131r. D\u00f6rd\u00fcnc\u00fc b\u00f6l\u00fcmde ise 1838-2010 d\u00f6nemi politik iktisat ba\u011flam\u0131nda, ithal ikamesi (1923-1979) ile neoliberal d\u00f6nem (1980-2010) b\u00fcy\u00fcme-i\u015fsizlik-bor\u00e7 stoku bak\u0131m\u0131ndan mukayese edilmi\u015ftir. Yine d\u00f6rd\u00fcnc\u00fc b\u00f6l\u00fcmde 1838-1914 d\u00f6nemi ile 1980-2010 d\u00f6nemi sebep-sonu\u00e7 ili\u015fkisi ba\u011flam\u0131nda kar\u015f\u0131la\u015ft\u0131r\u0131lm\u0131\u015ft\u0131r. <\/p>\n","protected":false},"excerpt":{"rendered":"<p>T\u00fcrkiye\u2019nin ekonomik kalk\u0131nma faaliyeti son iki y\u00fcz y\u0131ll\u0131k bir macerad\u0131r. Osmanl\u0131 T\u00fcrkiyesi 1838\u2019den itibaren serbest ticaret, d\u0131\u015f bor\u00e7 ve yabanc\u0131 sermayeyle kalk\u0131nmay\u0131 denemi\u015f, ancak ba\u015far\u0131l\u0131 olamam\u0131\u015ft\u0131r.<span class=\"excerpt-hellip\"> [\u2026]<\/span><\/p>\n","protected":false},"featured_media":0,"template":"","meta":{"_monsterinsights_skip_tracking":false,"_monsterinsights_sitenote_active":false,"_monsterinsights_sitenote_note":"","_monsterinsights_sitenote_category":0},"product_brand":[],"product_cat":[13590,12337],"product_tag":[],"class_list":{"0":"post-709748","1":"product","2":"type-product","3":"status-publish","5":"product_cat-arastirma-inceleme-politika-siyaset","6":"product_cat-politika-siyaset","7":"pa_cilt-ciltsiz","8":"pa_tur-kitap","9":"pa_yayinevi-destek-yayinlari","10":"pa_yazar-ramazan-kurtoglu","12":"first","13":"instock","14":"sale","15":"shipping-taxable","16":"purchasable","17":"product-type-simple"},"_links":{"self":[{"href":"https:\/\/roveyayinevi.com.tr\/index.php\/wp-json\/wp\/v2\/product\/709748","targetHints":{"allow":["GET"]}}],"collection":[{"href":"https:\/\/roveyayinevi.com.tr\/index.php\/wp-json\/wp\/v2\/product"}],"about":[{"href":"https:\/\/roveyayinevi.com.tr\/index.php\/wp-json\/wp\/v2\/types\/product"}],"wp:attachment":[{"href":"https:\/\/roveyayinevi.com.tr\/index.php\/wp-json\/wp\/v2\/media?parent=709748"}],"wp:term":[{"taxonomy":"product_brand","embeddable":true,"href":"https:\/\/roveyayinevi.com.tr\/index.php\/wp-json\/wp\/v2\/product_brand?post=709748"},{"taxonomy":"product_cat","embeddable":true,"href":"https:\/\/roveyayinevi.com.tr\/index.php\/wp-json\/wp\/v2\/product_cat?post=709748"},{"taxonomy":"product_tag","embeddable":true,"href":"https:\/\/roveyayinevi.com.tr\/index.php\/wp-json\/wp\/v2\/product_tag?post=709748"}],"curies":[{"name":"wp","href":"https:\/\/api.w.org\/{rel}","templated":true}]}}