{"id":709745,"date":"2025-08-27T16:28:48","date_gmt":"2025-08-27T13:28:48","guid":{"rendered":"https:\/\/roveyayinevi.com.tr\/index.php\/urun\/oyunu-degistiren-felsefe-pep-guardiola\/"},"modified":"2026-04-16T02:18:40","modified_gmt":"2026-04-15T23:18:40","slug":"oyunu-degistiren-felsefe-pep-guardiola","status":"publish","type":"product","link":"https:\/\/roveyayinevi.com.tr\/index.php\/urun\/oyunu-degistiren-felsefe-pep-guardiola\/","title":{"rendered":"Oyunu De\u011fi\u015ftiren Felsefe Pep Guardiola"},"content":{"rendered":"<p>\u201cBarcelona\u2019dan ayr\u0131lmam\u0131n tek sebebi; m\u00fckemmel oynuyorduk ve yapaca\u011f\u0131m\u0131z yeni hi\u00e7 bir \u015fey kalmam\u0131\u015ft\u0131.\u201d- Pep GuardiolaModern futbolun bir efsanesi haline genel Pep Guardiola\u2019y\u0131 anlamak i\u00e7in yapmak gereken tek \u015fey perdenin arkas\u0131na ge\u00e7erek Guardiola Sistemini incelemek. Guardiola\u2019n\u0131n karakteri, liderlik vas\u0131flar\u0131, ili\u015fkileri ve bir\u00e7ok detay\u0131 bar\u0131nd\u0131ran bu sayfalarda as\u0131l cevaplanmas\u0131 gereken sorunun da tatmin edici bir kar\u015f\u0131l\u0131\u011f\u0131 bulunuyor: S\u00fcrekli evrim ge\u00e7iren ve \u00e7a\u011fda\u015f futbola y\u00f6n veren Pep Guardiola\u2019dan ne \u00f6\u011frenebiliriz?Barcelona\u2019da y\u0131ld\u0131z\u0131 parlayan Pep Guardiola\u2019n\u0131n sa\u011flam ad\u0131mlarla nas\u0131l zirveye y\u00fcr\u00fcd\u00fc\u011f\u00fcn\u00fc, istisnai bir tak\u0131mda, s\u0131ra d\u0131\u015f\u0131 futbolcularla nas\u0131l ileti\u015fim sa\u011flad\u0131\u011f\u0131n\u0131 ve ayn\u0131 zamanda kul\u00fcpten d\u0131\u015far\u0131 \u00e7\u0131kt\u0131\u011f\u0131nda nas\u0131l bir hayat\u0131 oldu\u011funu, modern futbolda rol model olacak kadar b\u00fcy\u00fck ba\u015far\u0131s\u0131n\u0131 nas\u0131l yakalad\u0131\u011f\u0131n\u0131 t\u00fcm samimiyetiyle anlat\u0131yor.\u201cS\u0131ra d\u0131\u015f\u0131!\u201d &#8211; Herald\u201cModern Futbolun i\u00e7y\u00fcz\u00fcn\u00fc okuyacaks\u0131n\u0131z.\u201d- Guardian\u201cSon y\u0131llarda yaz\u0131lm\u0131\u015f en ilham verici spor kitaplar\u0131ndan birisi.\u201d &#8211; Scotland Now\u201c\u00d6nyarg\u0131lardan ar\u0131nm\u0131\u015f, elinden geldi\u011fi kadar \u00f6\u011fretici olmu\u015f bir menajer.\u201d- Sandro Rossell F.C. Barcelona Ba\u015fkan\u0131\u201cFutbol hayat\u0131mda rakibim olan en g\u00fc\u00e7l\u00fc <\/p>\n","protected":false},"excerpt":{"rendered":"<p>\u201cBarcelona\u2019dan ayr\u0131lmam\u0131n tek sebebi; m\u00fckemmel oynuyorduk ve yapaca\u011f\u0131m\u0131z yeni hi\u00e7 bir \u015fey kalmam\u0131\u015ft\u0131.\u201d- Pep GuardiolaModern futbolun bir efsanesi haline genel Pep Guardiola\u2019y\u0131 anlamak i\u00e7in yapmak gereken<span class=\"excerpt-hellip\"> [\u2026]<\/span><\/p>\n","protected":false},"featured_media":0,"template":"","meta":{"_monsterinsights_skip_tracking":false,"_monsterinsights_sitenote_active":false,"_monsterinsights_sitenote_note":"","_monsterinsights_sitenote_category":0},"product_brand":[],"product_cat":[15563,15564],"product_tag":[],"class_list":{"0":"post-709745","1":"product","2":"type-product","3":"status-publish","5":"product_cat-hobi","6":"product_cat-spor","7":"pa_cilt-ciltsiz","8":"pa_tur-kitap","9":"pa_yayinevi-indigo-kitap","10":"pa_yazar-miguel-angel-violan","12":"first","13":"instock","14":"sale","15":"shipping-taxable","16":"purchasable","17":"product-type-simple"},"_links":{"self":[{"href":"https:\/\/roveyayinevi.com.tr\/index.php\/wp-json\/wp\/v2\/product\/709745","targetHints":{"allow":["GET"]}}],"collection":[{"href":"https:\/\/roveyayinevi.com.tr\/index.php\/wp-json\/wp\/v2\/product"}],"about":[{"href":"https:\/\/roveyayinevi.com.tr\/index.php\/wp-json\/wp\/v2\/types\/product"}],"wp:attachment":[{"href":"https:\/\/roveyayinevi.com.tr\/index.php\/wp-json\/wp\/v2\/media?parent=709745"}],"wp:term":[{"taxonomy":"product_brand","embeddable":true,"href":"https:\/\/roveyayinevi.com.tr\/index.php\/wp-json\/wp\/v2\/product_brand?post=709745"},{"taxonomy":"product_cat","embeddable":true,"href":"https:\/\/roveyayinevi.com.tr\/index.php\/wp-json\/wp\/v2\/product_cat?post=709745"},{"taxonomy":"product_tag","embeddable":true,"href":"https:\/\/roveyayinevi.com.tr\/index.php\/wp-json\/wp\/v2\/product_tag?post=709745"}],"curies":[{"name":"wp","href":"https:\/\/api.w.org\/{rel}","templated":true}]}}