{"id":709744,"date":"2025-08-27T16:28:48","date_gmt":"2025-08-27T13:28:48","guid":{"rendered":"https:\/\/roveyayinevi.com.tr\/index.php\/urun\/hareketli-resimler\/"},"modified":"2026-04-16T02:18:40","modified_gmt":"2026-04-15T23:18:40","slug":"hareketli-resimler","status":"publish","type":"product","link":"https:\/\/roveyayinevi.com.tr\/index.php\/urun\/hareketli-resimler\/","title":{"rendered":"Hareketli Resimler"},"content":{"rendered":"<p>\u201cHoly Wood\u2019da b\u00fcy\u00fc falan yok!\u201d dedi Ginger.\u201cBence var,\u201d dedi Victor. \u201cFarkl\u0131 bir b\u00fcy\u00fc. Onu hissettik. B\u00fcy\u00fc, onu buldu\u011fun yerdedir.\u201d K\u00fclt yazar S\u00f6r Terry Pratchett\u2019\u0131n, d\u00fcnya \u00e7ap\u0131nda 85 milyonun \u00fczerinde satan 41 kitapl\u0131k \u201cDiskD\u00fcnya\u201d serisi Hareketli Resimler ile devam ediyor.Dizinin buram buram nostalji kokan onuncu kitab\u0131; siyah-beyaz filmlerden kopup gelen e\u011flenceli \u00f6yk\u00fcs\u00fc ve s\u0131ra d\u0131\u015f\u0131 karakterleriyle insan\u0131 k\u0131p\u0131r k\u0131p\u0131r, hatta t\u0131k\u0131r t\u0131k\u0131r bir Holy Wood d\u00fc\u015f\u00fcne s\u00fcr\u00fckl\u00fcyor.Simyac\u0131lar\u0131n kudretli ellerinde hayat bulan Holy Wood b\u00fcy\u00fcs\u00fc, say\u0131s\u0131z sihirli g\u00fc\u00e7le donat\u0131lm\u0131\u015f DiskD\u00fcnya evreninin kadim b\u00fcy\u00fcc\u00fclerini bile \u00e7aresiz b\u0131rak\u0131yor. \u0130nsanlar\u0131n i\u00e7ine girerek onlar\u0131 bamba\u015fka bireylere \u00e7eviren bu tekinsiz b\u00fcy\u00fcy\u00fc harekete ge\u00e7irmek i\u00e7inse sadece d\u00f6rt kelime yeterli: \u201cI\u015f\u0131klar! Resim kutusu! Oyun!\u201d  Holy Wood\u2019daki parlak \u0131\u015f\u0131klar\u0131n ve \u015fa\u015faal\u0131 ya\u015famlar\u0131n b\u00fcy\u00fcs\u00fcne kap\u0131lan insanlar i\u00e7in art\u0131k en \u00f6nemli \u015fey, \u00f6nemli olmak. Tanr\u0131lar, s\u0131\u011f\u0131rlar ya da para kimin umurunda!? Peki ya Holly Wood tepesinde sakl\u0131 duran karanl\u0131k s\u0131r\u0131n ak\u0131beti ne olacak? \u0130\u015fte tam da bu noktada iki yeni Holy Wood y\u0131ld\u0131z\u0131 devreye giriyor: \u015fark\u0131 s\u00f6yleyemeyen, dans edemeyen, sadece az\u0131c\u0131k k\u0131l\u0131\u00e7 kullanmas\u0131n\u0131 becerebilen muhte\u015fem Victor Tugelbend ve \u00fcnl\u00fc olmak u\u011fruna ad\u0131n\u0131 daha \u00f6nce hi\u00e7 duymad\u0131\u011f\u0131n\u0131za iddiaya girebilece\u011fimiz bir kasabadan gelen \u00e7i\u00e7e\u011fi burnunda aktris Theda Withel, yani Ginger.Niran El\u00e7i\u2019nin p\u00fcr\u00fczs\u00fcz T\u00fcrk\u00e7esi ve Delidolu\u2019nun \u00f6zenli bask\u0131s\u0131yla okurlar\u0131n\u0131n be\u011fenisine sunulan Hareketli Resimler, siyah-beyaz filmlerin, k\u0131l\u0131\u00e7la d\u00f6v\u00fc\u015fen yi\u011fitlerin, \u015fehvetle yatan g\u00fczellerin ve konu\u015fan k\u00f6peklerin arz-\u0131 endam eyledi\u011fi, kinematografik ve son derece e\u011flenceli bir macera. &#8230;\u00fcstelik bin tane fille birlikte!!! <\/p>\n","protected":false},"excerpt":{"rendered":"<p>\u201cHoly Wood\u2019da b\u00fcy\u00fc falan yok!\u201d dedi Ginger.\u201cBence var,\u201d dedi Victor. \u201cFarkl\u0131 bir b\u00fcy\u00fc. Onu hissettik. B\u00fcy\u00fc, onu buldu\u011fun yerdedir.\u201d K\u00fclt yazar S\u00f6r Terry Pratchett\u2019\u0131n, d\u00fcnya \u00e7ap\u0131nda<span class=\"excerpt-hellip\"> [\u2026]<\/span><\/p>\n","protected":false},"featured_media":0,"template":"","meta":{"_monsterinsights_skip_tracking":false,"_monsterinsights_sitenote_active":false,"_monsterinsights_sitenote_note":"","_monsterinsights_sitenote_category":0},"product_brand":[],"product_cat":[12291,12711],"product_tag":[],"class_list":{"0":"post-709744","1":"product","2":"type-product","3":"status-publish","5":"product_cat-edebiyat","6":"product_cat-roman-oyku","7":"pa_cilt-ciltsiz","8":"pa_tur-kitap","9":"pa_yayinevi-delidolu","10":"pa_yazar-terry-pratchett","12":"first","13":"instock","14":"sale","15":"shipping-taxable","16":"purchasable","17":"product-type-simple"},"_links":{"self":[{"href":"https:\/\/roveyayinevi.com.tr\/index.php\/wp-json\/wp\/v2\/product\/709744","targetHints":{"allow":["GET"]}}],"collection":[{"href":"https:\/\/roveyayinevi.com.tr\/index.php\/wp-json\/wp\/v2\/product"}],"about":[{"href":"https:\/\/roveyayinevi.com.tr\/index.php\/wp-json\/wp\/v2\/types\/product"}],"wp:attachment":[{"href":"https:\/\/roveyayinevi.com.tr\/index.php\/wp-json\/wp\/v2\/media?parent=709744"}],"wp:term":[{"taxonomy":"product_brand","embeddable":true,"href":"https:\/\/roveyayinevi.com.tr\/index.php\/wp-json\/wp\/v2\/product_brand?post=709744"},{"taxonomy":"product_cat","embeddable":true,"href":"https:\/\/roveyayinevi.com.tr\/index.php\/wp-json\/wp\/v2\/product_cat?post=709744"},{"taxonomy":"product_tag","embeddable":true,"href":"https:\/\/roveyayinevi.com.tr\/index.php\/wp-json\/wp\/v2\/product_tag?post=709744"}],"curies":[{"name":"wp","href":"https:\/\/api.w.org\/{rel}","templated":true}]}}