{"id":709743,"date":"2025-08-27T16:28:47","date_gmt":"2025-08-27T13:28:47","guid":{"rendered":"https:\/\/roveyayinevi.com.tr\/index.php\/urun\/ayurveda\/"},"modified":"2026-02-23T11:08:53","modified_gmt":"2026-02-23T08:08:53","slug":"ayurveda","status":"publish","type":"product","link":"https:\/\/roveyayinevi.com.tr\/index.php\/urun\/ayurveda\/","title":{"rendered":"Ayurveda"},"content":{"rendered":"<p>Beslenmenin kadim felsefesi Ayurveda ile do\u011fru beslen, gen\u00e7 kal, uzun ya\u015fa!Ayurvedik beslenme ve bitki uzman\u0131 Ulli Allmendinger yazd\u0131.Bu kitapla:V\u00fccut tipinize ve mevsimlere g\u00f6re beslenmeyiBesinleri e\u015fle\u015ftirmeyiToksinlerden nas\u0131l ar\u0131naca\u011f\u0131n\u0131z\u0131 veAyurvedik yemekleri nas\u0131l yapaca\u011f\u0131n\u0131z\u0131 \u00f6\u011freneceksiniz\u2026Yazar Hakk\u0131ndaUlli Allmendinger, Ayurvedik beslenme ve bitki uzman\u0131d\u0131r. 2003 y\u0131l\u0131ndan beri ABD ve Hindistan\u2019da Ayurveda\u2019yla ilgili \u00e7al\u0131\u015fmalar\u0131n\u0131 Dr. VasantLad gibi tan\u0131nm\u0131\u015f \u00f6\u011fretmenlerin yan\u0131nda s\u00fcrd\u00fcren Allmendinger ABD, Florida\u2019daki International Vedic Hindu \u00dcniversitesi\u2019nde (IVHU) Ayurvedik Bilimler alan\u0131nda y\u00fcksek lisans yapt\u0131.\u00dcnl\u00fc bitki ustas\u0131 ve yazar Karta Purkh Singh Khalsa\u2019dan Bat\u0131\u2019da kullan\u0131lan bitkisel tedaviler konusunda e\u011fitim ald\u0131. 2007 y\u0131l\u0131nda Seattle\u2019da Profesyonel Bitkisel Tedavi Kursu\u2019ndan mezun olan Allmendinger Amerikan Botanik Konseyi\u2019ne \u00fcyedir.New York\u2019ta gazeteci olarak ba\u015far\u0131l\u0131 bir kariyeri olan Allmendinger, AyurvedaJournal of Health ve Yoga Journal T\u00fcrkiye gibi yay\u0131nlara d\u00fczenli olarak katk\u0131da bulunuyor. \u015eu anda \u0130stanbul\u2019da ya\u015f\u0131yor, Ayurveda\u2019yla ilgili e\u011fitimler veriyor ve rehberli detoks programlar\u0131 ile inzivalar d\u00fczenliyor. <\/p>\n","protected":false},"excerpt":{"rendered":"<p>Beslenmenin kadim felsefesi Ayurveda ile do\u011fru beslen, gen\u00e7 kal, uzun ya\u015fa!Ayurvedik beslenme ve bitki uzman\u0131 Ulli Allmendinger yazd\u0131.Bu kitapla:V\u00fccut tipinize ve mevsimlere g\u00f6re beslenmeyiBesinleri e\u015fle\u015ftirmeyiToksinlerden nas\u0131l<span class=\"excerpt-hellip\"> [\u2026]<\/span><\/p>\n","protected":false},"featured_media":0,"template":"","meta":{"_monsterinsights_skip_tracking":false,"_monsterinsights_sitenote_active":false,"_monsterinsights_sitenote_note":"","_monsterinsights_sitenote_category":0},"product_brand":[],"product_cat":[13402,13365],"product_tag":[],"class_list":{"0":"post-709743","1":"product","2":"type-product","3":"status-publish","5":"product_cat-beslenme-ve-diyet","6":"product_cat-saglik","7":"pa_cilt-ciltsiz","8":"pa_tur-kitap","9":"pa_yayinevi-dogan-novus","10":"pa_yazar-ulli-allmendinger","12":"first","13":"instock","14":"sale","15":"shipping-taxable","16":"purchasable","17":"product-type-simple"},"_links":{"self":[{"href":"https:\/\/roveyayinevi.com.tr\/index.php\/wp-json\/wp\/v2\/product\/709743","targetHints":{"allow":["GET"]}}],"collection":[{"href":"https:\/\/roveyayinevi.com.tr\/index.php\/wp-json\/wp\/v2\/product"}],"about":[{"href":"https:\/\/roveyayinevi.com.tr\/index.php\/wp-json\/wp\/v2\/types\/product"}],"wp:attachment":[{"href":"https:\/\/roveyayinevi.com.tr\/index.php\/wp-json\/wp\/v2\/media?parent=709743"}],"wp:term":[{"taxonomy":"product_brand","embeddable":true,"href":"https:\/\/roveyayinevi.com.tr\/index.php\/wp-json\/wp\/v2\/product_brand?post=709743"},{"taxonomy":"product_cat","embeddable":true,"href":"https:\/\/roveyayinevi.com.tr\/index.php\/wp-json\/wp\/v2\/product_cat?post=709743"},{"taxonomy":"product_tag","embeddable":true,"href":"https:\/\/roveyayinevi.com.tr\/index.php\/wp-json\/wp\/v2\/product_tag?post=709743"}],"curies":[{"name":"wp","href":"https:\/\/api.w.org\/{rel}","templated":true}]}}