{"id":709742,"date":"2025-08-27T16:28:47","date_gmt":"2025-08-27T13:28:47","guid":{"rendered":"https:\/\/roveyayinevi.com.tr\/index.php\/urun\/iste-pollock\/"},"modified":"2026-04-16T02:18:40","modified_gmt":"2026-04-15T23:18:40","slug":"iste-pollock","status":"publish","type":"product","link":"https:\/\/roveyayinevi.com.tr\/index.php\/urun\/iste-pollock\/","title":{"rendered":"\u0130\u015fte Pollock"},"content":{"rendered":"<p>Bacon, Caravaggio, C\u00e9zanne, Dal\u00ed, Gaudi, Gauguin, Goya, Kandinsky, Leonardo da Vinci, Magritte, Matisse, Monet, Pollock, Rembrandt, Van Gogh, Warhol, Frank Lloyd Wright. Farkl\u0131 \u00fclkelerden, farkl\u0131 ak\u0131mlardan, sanat d\u00fcnyas\u0131nda iz b\u0131rakm\u0131\u015f on yedi sanat\u00e7\u0131. \u00d6d\u00fcll\u00fc \u00e7izerlerin kitaplara \u00f6zel \u00e7izdikleri ill\u00fcstrasyonlarla her biri kendi ba\u015f\u0131na da bir sanat eseri aday\u0131 olan on yedi kitap. hep kitap \u201cI\u015fte\u201d dizisiyle sanatseverleri keyifli bir yolculu\u011fa \u00e7\u0131kar\u0131yor. Dizinin bu ayki kitab\u0131 I\u015fte Pollock. Al\u0131\u015f\u0131lagelmi\u015fin d\u0131\u015f\u0131nda bir resim tekni\u011fi. Yere sa\u00e7\u0131lan boyalar, gerilmemi\u015f tuvaller, resme ili\u015ftirilmi\u015f \u00e7iviler, raptiyeler, d\u00fc\u011fmeler, anahtarlar, bozuk paralar. Kimsenin ak\u0131l s\u0131r erdiremedi\u011fi ama kar\u015f\u0131s\u0131nda b\u00fcy\u00fclendi\u011fi muazzam sanat eserleri\u2026 Ve onlar\u0131n \u201ctuhaf\u201d yarat\u0131c\u0131s\u0131\u2026 I\u015fte Pollock! Sanat tarih\u00e7isi Catherine \u0130ngram\u2019\u0131n bilgi birikimi ve \u00e7izer Peter Arkle\u2019\u0131n bu kitaba \u00f6zel yapt\u0131\u011f\u0131 ill\u00fcstrasyonlar birle\u015fiyor, eserleriyle oldu\u011fu kadar \u201ctuhaf\u201d davran\u0131\u015flar\u0131yla da ad\u0131ndan s\u0131k\u00e7a bahsettirmi\u015f Jackson Pollock\u2019un hayat\u0131na mercek tutuyor. <\/p>\n","protected":false},"excerpt":{"rendered":"<p>Bacon, Caravaggio, C\u00e9zanne, Dal\u00ed, Gaudi, Gauguin, Goya, Kandinsky, Leonardo da Vinci, Magritte, Matisse, Monet, Pollock, Rembrandt, Van Gogh, Warhol, Frank Lloyd Wright. Farkl\u0131 \u00fclkelerden, farkl\u0131 ak\u0131mlardan,<span class=\"excerpt-hellip\"> [\u2026]<\/span><\/p>\n","protected":false},"featured_media":0,"template":"","meta":{"_monsterinsights_skip_tracking":false,"_monsterinsights_sitenote_active":false,"_monsterinsights_sitenote_note":"","_monsterinsights_sitenote_category":0},"product_brand":[],"product_cat":[13946,12304],"product_tag":[],"class_list":{"0":"post-709742","1":"product","2":"type-product","3":"status-publish","5":"product_cat-biyografi-otobiyografi","6":"product_cat-tarih","7":"pa_cilt-ciltsiz","8":"pa_tur-kitap","9":"pa_yayinevi-hep-kitap","10":"pa_yazar-catherine-ingram","12":"first","13":"instock","14":"sale","15":"shipping-taxable","16":"purchasable","17":"product-type-simple"},"_links":{"self":[{"href":"https:\/\/roveyayinevi.com.tr\/index.php\/wp-json\/wp\/v2\/product\/709742","targetHints":{"allow":["GET"]}}],"collection":[{"href":"https:\/\/roveyayinevi.com.tr\/index.php\/wp-json\/wp\/v2\/product"}],"about":[{"href":"https:\/\/roveyayinevi.com.tr\/index.php\/wp-json\/wp\/v2\/types\/product"}],"wp:attachment":[{"href":"https:\/\/roveyayinevi.com.tr\/index.php\/wp-json\/wp\/v2\/media?parent=709742"}],"wp:term":[{"taxonomy":"product_brand","embeddable":true,"href":"https:\/\/roveyayinevi.com.tr\/index.php\/wp-json\/wp\/v2\/product_brand?post=709742"},{"taxonomy":"product_cat","embeddable":true,"href":"https:\/\/roveyayinevi.com.tr\/index.php\/wp-json\/wp\/v2\/product_cat?post=709742"},{"taxonomy":"product_tag","embeddable":true,"href":"https:\/\/roveyayinevi.com.tr\/index.php\/wp-json\/wp\/v2\/product_tag?post=709742"}],"curies":[{"name":"wp","href":"https:\/\/api.w.org\/{rel}","templated":true}]}}