{"id":709741,"date":"2025-08-27T16:28:46","date_gmt":"2025-08-27T13:28:46","guid":{"rendered":"https:\/\/roveyayinevi.com.tr\/index.php\/urun\/has-kiz-hazal\/"},"modified":"2026-04-16T02:18:40","modified_gmt":"2026-04-15T23:18:40","slug":"has-kiz-hazal","status":"publish","type":"product","link":"https:\/\/roveyayinevi.com.tr\/index.php\/urun\/has-kiz-hazal\/","title":{"rendered":"Has K\u0131z Hazal"},"content":{"rendered":"<p>Bir veda m\u0131yd\u0131 ya\u015fananlar, yoksa yeni bir ba\u015flang\u0131\u00e7 m\u0131? Ge\u00e7mi\u015fe mi d\u00f6n\u00fcyoruz, yoksa gelece\u011fe mi bu yolculuk? Bir k\u00e2\u011f\u0131t par\u00e7as\u0131 neleri de\u011fi\u015ftirebilir? I\u00e7eriden kahkahalar\u0131n y\u00fckseldi\u011fi bir evin kap\u0131s\u0131, \u00f6mre bedel ka\u00e7 dakikada a\u00e7\u0131l\u0131r? T\u00fcm sorular\u0131n cevab\u0131 alt\u0131n g\u00fcn\u00fcn\u00fc b\u00f6len kap\u0131 zilinde sakl\u0131\u2026 Gelen mi? Has K\u0131z Hazal\u2026 I\u00e7indeki intikam ate\u015fini s\u00f6nd\u00fcrmeye ve bir pipo duman\u0131yla son verilen nefeslerin sava\u015f\u0131na ortak olmaya geliyor. Sahte g\u00fcl\u00fcc\u00fcklerin ard\u0131nda ac\u0131 \u00e7eken binlerce dene\u011fi hapsolduklar\u0131 adadan kurtarmaya ve sisteme kar\u015f\u0131 sava\u015f\u0131n\u0131 kazanmaya geliyor Has K\u0131z\u2026 S\u0131rt\u0131nda dededen yadigar Yata\u011fan k\u0131l\u0131c\u0131, bir taraf\u0131 keskin, bir taraf\u0131 k\u00f6r&#8230; \u00d6ld\u00fcrecek mi? D\u00f6vecek mi? Ev K\u0131z\u0131 Evren ile sonlanmayan macera \u015fimdi yeniden ba\u015fl\u0131yor! &#8220;\u2018Ben giri\u015fsem, o sonu\u00e7tu. Ben karma\u015faysam, o \u00e7\u00f6z\u00fcmd\u00fc. Ben zorsam, o kolayd\u0131. Ben cehaletsem, o bilgelikti. O, benim hi\u00e7 yapamad\u0131klar\u0131m, hi\u00e7 olamad\u0131klar\u0131md\u0131. Benim eksik yan\u0131md\u0131.\u2019 diye tan\u0131tm\u0131\u015ft\u0131 bize Evren onu. Kimden bahsetti\u011fimi biliyorsunuz. Hazal&#8217;dan! Has K\u0131z Hazal&#8217;dan bahsediyorum! Bir yan karakterden \u00e7ok, her daim sahip olmak istedi\u011fimiz, al\u0131p ba\u011fr\u0131m\u0131za bas\u0131p, sar\u0131p sarmalak istedi\u011fimiz bir dost olarak girdi hayat\u0131m\u0131za. Ve bo\u011faz\u0131m\u0131zda kocaman bir yumru b\u0131rak\u0131p gitti. Peki gitti mi ger\u00e7ekten? Hadi ama? Ondan bu kadar kolay vazge\u00e7ebilece\u011fimizi d\u00fc\u015f\u00fcnmediniz de\u011fil mi? Ev K\u0131z\u0131 Evren ile ba\u015flayan Alt\u0131n G\u00fcn\u00fc Serisi, Has K\u0131z Hazal ile kald\u0131\u011f\u0131 yerden devam ediyor. E\u011fer haz\u0131rsan\u0131z ba\u015fl\u0131yoruz. Yine \u00e7ok ama \u00e7ok e\u011flenece\u011fiz.\u201d \u2013 Eren Nadir Ak\u015famo\u011flu, Saklama Kab\u0131 blo\u011funun sahibi\ufffcTan\u0131t\u0131m Metni<\/p>\n","protected":false},"excerpt":{"rendered":"<p>Bir veda m\u0131yd\u0131 ya\u015fananlar, yoksa yeni bir ba\u015flang\u0131\u00e7 m\u0131? Ge\u00e7mi\u015fe mi d\u00f6n\u00fcyoruz, yoksa gelece\u011fe mi bu yolculuk? Bir k\u00e2\u011f\u0131t par\u00e7as\u0131 neleri de\u011fi\u015ftirebilir? I\u00e7eriden kahkahalar\u0131n y\u00fckseldi\u011fi bir<span class=\"excerpt-hellip\"> [\u2026]<\/span><\/p>\n","protected":false},"featured_media":0,"template":"","meta":{"_monsterinsights_skip_tracking":false,"_monsterinsights_sitenote_active":false,"_monsterinsights_sitenote_note":"","_monsterinsights_sitenote_category":0},"product_brand":[],"product_cat":[12291,12711],"product_tag":[],"class_list":{"0":"post-709741","1":"product","2":"type-product","3":"status-publish","5":"product_cat-edebiyat","6":"product_cat-roman-oyku","7":"pa_cilt-ciltsiz","8":"pa_tur-kitap","9":"pa_yayinevi-muptela-yayinevi","10":"pa_yazar-filiz-sakar","12":"first","13":"instock","14":"sale","15":"shipping-taxable","16":"purchasable","17":"product-type-simple"},"_links":{"self":[{"href":"https:\/\/roveyayinevi.com.tr\/index.php\/wp-json\/wp\/v2\/product\/709741","targetHints":{"allow":["GET"]}}],"collection":[{"href":"https:\/\/roveyayinevi.com.tr\/index.php\/wp-json\/wp\/v2\/product"}],"about":[{"href":"https:\/\/roveyayinevi.com.tr\/index.php\/wp-json\/wp\/v2\/types\/product"}],"wp:attachment":[{"href":"https:\/\/roveyayinevi.com.tr\/index.php\/wp-json\/wp\/v2\/media?parent=709741"}],"wp:term":[{"taxonomy":"product_brand","embeddable":true,"href":"https:\/\/roveyayinevi.com.tr\/index.php\/wp-json\/wp\/v2\/product_brand?post=709741"},{"taxonomy":"product_cat","embeddable":true,"href":"https:\/\/roveyayinevi.com.tr\/index.php\/wp-json\/wp\/v2\/product_cat?post=709741"},{"taxonomy":"product_tag","embeddable":true,"href":"https:\/\/roveyayinevi.com.tr\/index.php\/wp-json\/wp\/v2\/product_tag?post=709741"}],"curies":[{"name":"wp","href":"https:\/\/api.w.org\/{rel}","templated":true}]}}