{"id":709735,"date":"2025-08-27T16:28:43","date_gmt":"2025-08-27T13:28:43","guid":{"rendered":"https:\/\/roveyayinevi.com.tr\/index.php\/urun\/halname-2016\/"},"modified":"2026-01-29T02:33:21","modified_gmt":"2026-01-28T23:33:21","slug":"halname-2016","status":"publish","type":"product","link":"https:\/\/roveyayinevi.com.tr\/index.php\/urun\/halname-2016\/","title":{"rendered":"Halname 2016"},"content":{"rendered":"<p>\u201cVicdan\u0131 olan delirir,\u201d dedi Recep. Sakindi. Semavere s\u0131\u011fmayan odunlara ula\u015fm\u0131\u015ft\u0131 ate\u015f. Kalk\u0131p ma\u015fayla toparlad\u0131. \u0130n\u015faata inen dimdik bay\u0131r\u0131n ba\u015f\u0131na g\u00f6z att\u0131ktan sonra kar\u015f\u0131ma, sand\u0131\u011f\u0131n \u00fcst\u00fcne oturdu gene.  \u201cDinlemiyorlar zaten, deli diyorlar bana,\u201d diye f\u0131s\u0131ldam\u0131\u015ft\u0131 kula\u011f\u0131ma. \u201cDepremde Van\u2019dayd\u0131m. Yerle yeksan olmu\u015ftu memleketim tastamam. Hi\u00e7 d\u00fc\u015f\u00fcnmeden ko\u015ftum kurtarma \u00e7al\u0131\u015fmalar\u0131na kat\u0131lmak i\u00e7in ben de.\u201d G\u00fc\u00e7 kuvvet yetmiyordu beton y\u0131\u011f\u0131nlar\u0131n\u0131 kald\u0131rmaya. Ufak ufak beton da\u011flar\u0131yd\u0131 binalar. Sesler duyduk. \u0130lk g\u00fcnler g\u00fcrd\u00fc, c\u0131l\u0131zla\u015ft\u0131, sustu en sonunda. Greyder getirdiler, beton da\u011flar\u0131ndaki ma\u011faralara ula\u015fmak i\u00e7in. Ula\u015ft\u0131 da mendebur. Enkaz\u0131 oradan al\u0131p \u00f6teye b\u0131rakt\u0131. Kollar\u0131n, bacaklar\u0131n, g\u00f6vde par\u00e7alar\u0131n\u0131n beton art\u0131klar\u0131n\u0131n \u00fczerinde rozet misali tak\u0131l\u0131 oldu\u011funu g\u00f6rd\u00fc\u011f\u00fcmde bitti. Ben bittim. Oraya kadarm\u0131\u015f. Akl\u0131m da enkaza as\u0131l\u0131 kald\u0131 bir ba\u015fka rozet gibi. Vicdan\u0131 olan delirmez de ne eder?\u201d (&#8230;) Gerisi hik\u00e2ye: Kitap sayfalar\u0131nda. Yere \u00fcfledi sigara duman\u0131n\u0131 Deli Recep; t\u00fck\u00fcr\u00fcrcesine. \u201cMemlekette bir kedim vard\u0131, biliyor musun? Bir g\u00f6z\u00fc \u00e7am bal\u0131 rengi di\u011feri \u00e7a\u011fla bademi.\u201d \u201cBenim de var kedim,\u201d dedim. \u201cBir g\u00f6z\u00fc yosun ye\u015fili, di\u011feri yok!\u201d Deli Recep\u2019e evvela mahsus selam ederim. Mehmet Ali, Harun, Hurdac\u0131 Ramazan, Deli Musa, Marsl\u0131 I\u011faluk, denizde bo\u011fulan m\u00fclteci \u00e7ocuklar\u0131 k\u0131y\u0131p yiyemeyen bal\u0131k, avc\u0131lar\u0131n elin-den kurtulan fil, sirkten ka\u00e7an aslan, atl\u0131kar\u0131ncadan firar eden at, Midilli\u2019de kaybolan s\u0131\u011f\u0131nmac\u0131 kedi Kunku\u015f, \u00e7itlembik a\u011fac\u0131, tilki Nazl\u0131can, \u00dcmraniyeli kanguru Saffet ve ayn\u0131 kubbe alt\u0131nda ya\u015fad\u0131\u011f\u0131m\u0131z nice canl\u0131n\u0131n tan\u0131\u015ft\u0131rd\u0131\u011f\u0131, tan\u0131\u015fmam\u0131za vesile oldu\u011fu di\u011fer ete kemi\u011fe b\u00fcr\u00fcnen t\u00fcm kahramanlar\u0131ma te\u015fekk\u00fcrlerimle\u2026 <\/p>\n","protected":false},"excerpt":{"rendered":"<p>\u201cVicdan\u0131 olan delirir,\u201d dedi Recep. Sakindi. Semavere s\u0131\u011fmayan odunlara ula\u015fm\u0131\u015ft\u0131 ate\u015f. Kalk\u0131p ma\u015fayla toparlad\u0131. \u0130n\u015faata inen dimdik bay\u0131r\u0131n ba\u015f\u0131na g\u00f6z att\u0131ktan sonra kar\u015f\u0131ma, sand\u0131\u011f\u0131n \u00fcst\u00fcne oturdu<span class=\"excerpt-hellip\"> [\u2026]<\/span><\/p>\n","protected":false},"featured_media":0,"template":"","meta":{"_monsterinsights_skip_tracking":false,"_monsterinsights_sitenote_active":false,"_monsterinsights_sitenote_note":"","_monsterinsights_sitenote_category":0},"product_brand":[],"product_cat":[12291,12711],"product_tag":[],"class_list":{"0":"post-709735","1":"product","2":"type-product","3":"status-publish","5":"product_cat-edebiyat","6":"product_cat-roman-oyku","7":"pa_cilt-ciltsiz","8":"pa_tur-kitap","9":"pa_yayinevi-utopya-yayinevi","10":"pa_yazar-umran-dusunsel","12":"first","13":"instock","14":"sale","15":"shipping-taxable","16":"purchasable","17":"product-type-simple"},"_links":{"self":[{"href":"https:\/\/roveyayinevi.com.tr\/index.php\/wp-json\/wp\/v2\/product\/709735","targetHints":{"allow":["GET"]}}],"collection":[{"href":"https:\/\/roveyayinevi.com.tr\/index.php\/wp-json\/wp\/v2\/product"}],"about":[{"href":"https:\/\/roveyayinevi.com.tr\/index.php\/wp-json\/wp\/v2\/types\/product"}],"wp:attachment":[{"href":"https:\/\/roveyayinevi.com.tr\/index.php\/wp-json\/wp\/v2\/media?parent=709735"}],"wp:term":[{"taxonomy":"product_brand","embeddable":true,"href":"https:\/\/roveyayinevi.com.tr\/index.php\/wp-json\/wp\/v2\/product_brand?post=709735"},{"taxonomy":"product_cat","embeddable":true,"href":"https:\/\/roveyayinevi.com.tr\/index.php\/wp-json\/wp\/v2\/product_cat?post=709735"},{"taxonomy":"product_tag","embeddable":true,"href":"https:\/\/roveyayinevi.com.tr\/index.php\/wp-json\/wp\/v2\/product_tag?post=709735"}],"curies":[{"name":"wp","href":"https:\/\/api.w.org\/{rel}","templated":true}]}}