{"id":709734,"date":"2025-08-27T16:28:43","date_gmt":"2025-08-27T13:28:43","guid":{"rendered":"https:\/\/roveyayinevi.com.tr\/index.php\/urun\/insan-vucuduna-seyahat\/"},"modified":"2026-04-16T02:18:40","modified_gmt":"2026-04-15T23:18:40","slug":"insan-vucuduna-seyahat","status":"publish","type":"product","link":"https:\/\/roveyayinevi.com.tr\/index.php\/urun\/insan-vucuduna-seyahat\/","title":{"rendered":"\u0130nsan V\u00fccuduna Seyahat"},"content":{"rendered":"<p>\u201cMuhte\u015fem&#8230; Bunun gibi bir kitap okumad\u0131m.\u201dJohn Berger\u201c&#8230;sinir kasa, kas kiri\u015fe, kiri\u015f ise sa\u011fduyuya uyar.Ve sa\u011fduyu, ruhun makam\u0131d\u0131r.\u201dLeonardo da VinciV\u00fccudumuzu yak\u0131ndan tan\u0131d\u0131\u011f\u0131m\u0131z\u0131 zannederiz ama insan bedeni asl\u0131nda \u00e7o\u011fumuz i\u00e7in ke\u015ffedilmemi\u015f topraklard\u0131r. Ka\u00e7\u0131m\u0131z kalbin in-san refah\u0131yla nas\u0131l bir ba\u011flant\u0131s\u0131 oldu\u011funu biliyor? Ya da epilepsi n\u00f6-betlerinin beyni nas\u0131l etkiledi\u011fini? Veya aya\u011f\u0131n insanl\u0131k a\u00e7\u0131s\u0131ndan neden belirleyici rol \u00fcstlendi\u011fini? \u00d6d\u00fcll\u00fc yazar Gavin Francis \u0130nsan V\u00fccuduna Seyahat\u2019te okurlar\u0131 bedenin sakl\u0131 kalm\u0131\u015f patikalar\u0131nda gi-zemli bir yolculu\u011fa \u00e7\u0131kar\u0131rken organlar\u0131m\u0131z\u0131n mucizevi i\u015fleyi\u015fini an-lamam\u0131zda bize rehberlik ediyor.Cerrah, acil t\u0131p uzman\u0131 ve aile hekimi olarak edindi\u011fi tecr\u00fcbelerden yola \u00e7\u0131kan Francis hastalar\u0131n\u0131n \u00f6yk\u00fclerini, t\u0131p tarihi, felsefe ve edebi-yatla harmanlayarak insan v\u00fccudunu hastal\u0131kta ve sa\u011fl\u0131kta, ya\u015farken ve \u00f6l\u00fcrken anlat\u0131yor. \u0130nsan V\u00fccuduna Seyahat \u00f6z\u00fcnde insan olma-n\u0131n anlam\u0131na dair derin d\u00fc\u015f\u00fcnceler bar\u0131nd\u0131ran, v\u00fccudunuza bak\u0131\u015f a\u00e7\u0131n\u0131z\u0131 de\u011fi\u015ftirecek \u015fiirsel ve dokunakl\u0131 bir kitap.\u201cYILIN K\u0130TABI\u201dObserver \u2013 Sunday Times \u2013 Economist \u2013 Sunday Herald <\/p>\n","protected":false},"excerpt":{"rendered":"<p>\u201cMuhte\u015fem&#8230; Bunun gibi bir kitap okumad\u0131m.\u201dJohn Berger\u201c&#8230;sinir kasa, kas kiri\u015fe, kiri\u015f ise sa\u011fduyuya uyar.Ve sa\u011fduyu, ruhun makam\u0131d\u0131r.\u201dLeonardo da VinciV\u00fccudumuzu yak\u0131ndan tan\u0131d\u0131\u011f\u0131m\u0131z\u0131 zannederiz ama insan bedeni asl\u0131nda<span class=\"excerpt-hellip\"> [\u2026]<\/span><\/p>\n","protected":false},"featured_media":0,"template":"","meta":{"_monsterinsights_skip_tracking":false,"_monsterinsights_sitenote_active":false,"_monsterinsights_sitenote_note":"","_monsterinsights_sitenote_category":0},"product_brand":[],"product_cat":[13005,13006],"product_tag":[],"class_list":{"0":"post-709734","1":"product","2":"type-product","3":"status-publish","5":"product_cat-bilim-muhendislik","6":"product_cat-populer-bilim","7":"pa_cilt-ciltsiz","8":"pa_tur-kitap","9":"pa_yayinevi-domingo-yayinevi","10":"pa_yazar-gavin-francis","12":"first","13":"instock","14":"sale","15":"shipping-taxable","16":"purchasable","17":"product-type-simple"},"_links":{"self":[{"href":"https:\/\/roveyayinevi.com.tr\/index.php\/wp-json\/wp\/v2\/product\/709734","targetHints":{"allow":["GET"]}}],"collection":[{"href":"https:\/\/roveyayinevi.com.tr\/index.php\/wp-json\/wp\/v2\/product"}],"about":[{"href":"https:\/\/roveyayinevi.com.tr\/index.php\/wp-json\/wp\/v2\/types\/product"}],"wp:attachment":[{"href":"https:\/\/roveyayinevi.com.tr\/index.php\/wp-json\/wp\/v2\/media?parent=709734"}],"wp:term":[{"taxonomy":"product_brand","embeddable":true,"href":"https:\/\/roveyayinevi.com.tr\/index.php\/wp-json\/wp\/v2\/product_brand?post=709734"},{"taxonomy":"product_cat","embeddable":true,"href":"https:\/\/roveyayinevi.com.tr\/index.php\/wp-json\/wp\/v2\/product_cat?post=709734"},{"taxonomy":"product_tag","embeddable":true,"href":"https:\/\/roveyayinevi.com.tr\/index.php\/wp-json\/wp\/v2\/product_tag?post=709734"}],"curies":[{"name":"wp","href":"https:\/\/api.w.org\/{rel}","templated":true}]}}