{"id":709733,"date":"2025-08-27T16:28:42","date_gmt":"2025-08-27T13:28:42","guid":{"rendered":"https:\/\/roveyayinevi.com.tr\/index.php\/urun\/efendisiz-halklar-bir-anarsi-antropolojisi\/"},"modified":"2026-04-16T02:18:40","modified_gmt":"2026-04-15T23:18:40","slug":"efendisiz-halklar-bir-anarsi-antropolojisi","status":"publish","type":"product","link":"https:\/\/roveyayinevi.com.tr\/index.php\/urun\/efendisiz-halklar-bir-anarsi-antropolojisi\/","title":{"rendered":"Efendisiz Halklar &#8211; Bir Anar\u015fi Antropolojisi"},"content":{"rendered":"<p>Bu kitab\u0131n m\u00fchim bir amac\u0131, anar\u015finin uygulamada nas\u0131l bir \u015fey oldu\u011funa dair fikir vermektedir. Bu ba\u011flamda, anar\u015fi i\u00e7inde d\u00fczeni s\u00fcrd\u00fcrmenin \u00e7e\u015fitli yollar\u0131 \u00fczerinde d\u00fc\u015f\u00fcnmeliyiz. Bu, sonu\u00e7ta, daha genel bir sorunla, insan toplumunu belirleyen \u00f6zg\u00fcrl\u00fck ve otorite aras\u0131ndaki dinamik kar\u015f\u0131l\u0131kl\u0131 etkile\u015fim sorunuyla ba\u011flant\u0131l\u0131d\u0131r.Yine buna ba\u011fl\u0131 olarak, anar\u015finin yozla\u015farak despotizme d\u00f6n\u00fc\u015ft\u00fc\u011f\u00fc, d\u00f6n\u00fc\u015febildi\u011fi durumlar\u0131 g\u00f6zlemlemeliyiz;bunun devletin k\u00f6kenine dair de d\u00fc\u015f\u00fcnmemizi gerektiren bir s\u00fcre\u00e7 oldu\u011funu g\u00f6rebilmeliyiz. O halde, genel olarak \u015fu soruya yan\u0131t vermeye \u00e7al\u0131\u015faca\u011f\u0131z: Bu anar\u015fik rejimlerden \u00f6\u011frenilecek bi \u015fey var m\u0131?Belki de, nihayetinde, bu makale anar\u015fist teoriye bir  ele\u015ftiri getirecek  ve buna ba\u011fl\u0131 olarak, toplumdaki \u00f6zg\u00fcrl\u00fck sorunlar\u0131na dair daha ileri bir kavray\u0131\u015f sunacakt\u0131r.<\/p>\n","protected":false},"excerpt":{"rendered":"<p>Bu kitab\u0131n m\u00fchim bir amac\u0131, anar\u015finin uygulamada nas\u0131l bir \u015fey oldu\u011funa dair fikir vermektedir. Bu ba\u011flamda, anar\u015fi i\u00e7inde d\u00fczeni s\u00fcrd\u00fcrmenin \u00e7e\u015fitli yollar\u0131 \u00fczerinde d\u00fc\u015f\u00fcnmeliyiz. Bu, sonu\u00e7ta,<span class=\"excerpt-hellip\"> [\u2026]<\/span><\/p>\n","protected":false},"featured_media":0,"template":"","meta":{"_monsterinsights_skip_tracking":false,"_monsterinsights_sitenote_active":false,"_monsterinsights_sitenote_note":"","_monsterinsights_sitenote_category":0},"product_brand":[],"product_cat":[13590,12337],"product_tag":[],"class_list":{"0":"post-709733","1":"product","2":"type-product","3":"status-publish","5":"product_cat-arastirma-inceleme-politika-siyaset","6":"product_cat-politika-siyaset","7":"pa_cilt-ciltsiz","8":"pa_tur-kitap","9":"pa_yayinevi-sumer-yayin","10":"pa_yazar-kolektif","12":"first","13":"instock","14":"sale","15":"shipping-taxable","16":"purchasable","17":"product-type-simple"},"_links":{"self":[{"href":"https:\/\/roveyayinevi.com.tr\/index.php\/wp-json\/wp\/v2\/product\/709733","targetHints":{"allow":["GET"]}}],"collection":[{"href":"https:\/\/roveyayinevi.com.tr\/index.php\/wp-json\/wp\/v2\/product"}],"about":[{"href":"https:\/\/roveyayinevi.com.tr\/index.php\/wp-json\/wp\/v2\/types\/product"}],"wp:attachment":[{"href":"https:\/\/roveyayinevi.com.tr\/index.php\/wp-json\/wp\/v2\/media?parent=709733"}],"wp:term":[{"taxonomy":"product_brand","embeddable":true,"href":"https:\/\/roveyayinevi.com.tr\/index.php\/wp-json\/wp\/v2\/product_brand?post=709733"},{"taxonomy":"product_cat","embeddable":true,"href":"https:\/\/roveyayinevi.com.tr\/index.php\/wp-json\/wp\/v2\/product_cat?post=709733"},{"taxonomy":"product_tag","embeddable":true,"href":"https:\/\/roveyayinevi.com.tr\/index.php\/wp-json\/wp\/v2\/product_tag?post=709733"}],"curies":[{"name":"wp","href":"https:\/\/api.w.org\/{rel}","templated":true}]}}