{"id":709729,"date":"2025-08-27T16:28:40","date_gmt":"2025-08-27T13:28:40","guid":{"rendered":"https:\/\/roveyayinevi.com.tr\/index.php\/urun\/makedonca-gezi-ve-konusma-rehberi\/"},"modified":"2026-04-16T02:18:40","modified_gmt":"2026-04-15T23:18:40","slug":"makedonca-gezi-ve-konusma-rehberi","status":"publish","type":"product","link":"https:\/\/roveyayinevi.com.tr\/index.php\/urun\/makedonca-gezi-ve-konusma-rehberi\/","title":{"rendered":"Makedonca Gezi ve Konu\u015fma Rehberi"},"content":{"rendered":"<p>Yay\u0131mlanm\u0131\u015f en geni\u015f kapsaml\u0131 T\u00fcrk\u00e7e-Makedonca Gezi ve Konu\u015fma Rehberi&#8217;niinceliyorsunuz.Bu kitap, Makedonya&#8217;ya yapaca\u011f\u0131n\u0131z turizm veya i\u015f seyahatlerinizde, seyahat \u00f6ncesi ves\u00fcresince yan\u0131n\u0131zdan ay\u0131ramayaca\u011f\u0131n\u0131z bir ba\u015fucu kitab\u0131d\u0131r.Rehber, hen\u00fcz hi\u00e7 Makedonca bilmeyen ve Makedonya&#8217;da bulunmam\u0131\u015f okuyucuya hizmetedebilecek bi\u00e7imde tasarlanm\u0131\u015ft\u0131r. Ki\u015finin, kendini en h\u0131zl\u0131, kolay ve do\u011fru ifade edebilece\u011fibir kurguya sahiptir.Tematik kurgu i\u00e7erisinde konulara g\u00f6re tipik c\u00fcmleler ve bu c\u00fcmleler i\u00e7erisinde ge\u00e7ebilecekkelimeler, okunu\u015flar\u0131 ile birlikte verilmi\u015ftir. Yine bu konular\u0131n gereken b\u00f6l\u00fcmlerindeMakedonya ve Makedonlarla ilgili k\u00fclt\u00fcrel ipu\u00e7lar\u0131 verilmi\u015f, sizi bekleyen olumlu ya daolumsuz durumlara ili\u015fkin uyar\u0131lar yap\u0131lm\u0131\u015ft\u0131r.Makedon k\u00fclt\u00fcr\u00fc, gelenekleri ile ilgili ipu\u00e7lar\u0131, \u00dcsk\u00fcp ve Ohri gezi rehberini de i\u00e7eren burehberde, Makedon mutfa\u011f\u0131ndan farkl\u0131 \u00f6rneklerinin bulundu\u011fu a\u00e7\u0131klamal\u0131 bir men\u00fc yeralmaktad\u0131r.Seyahatiniz boyunca size yard\u0131mc\u0131 olacak bu rehberden h\u0131zl\u0131 ve kolay yararlanabilmeniz i\u00e7in\u201cNASIL KULLANACAKSINIZ?\u201d b\u00f6l\u00fcm\u00fcn\u00fc dikkatlice okuyunuz! <\/p>\n","protected":false},"excerpt":{"rendered":"<p>Yay\u0131mlanm\u0131\u015f en geni\u015f kapsaml\u0131 T\u00fcrk\u00e7e-Makedonca Gezi ve Konu\u015fma Rehberi&#8217;niinceliyorsunuz.Bu kitap, Makedonya&#8217;ya yapaca\u011f\u0131n\u0131z turizm veya i\u015f seyahatlerinizde, seyahat \u00f6ncesi ves\u00fcresince yan\u0131n\u0131zdan ay\u0131ramayaca\u011f\u0131n\u0131z bir ba\u015fucu kitab\u0131d\u0131r.Rehber, hen\u00fcz hi\u00e7<span class=\"excerpt-hellip\"> [\u2026]<\/span><\/p>\n","protected":false},"featured_media":0,"template":"","meta":{"_monsterinsights_skip_tracking":false,"_monsterinsights_sitenote_active":false,"_monsterinsights_sitenote_note":"","_monsterinsights_sitenote_category":0},"product_brand":[],"product_cat":[13054,40836],"product_tag":[],"class_list":{"0":"post-709729","1":"product","2":"type-product","3":"status-publish","5":"product_cat-gezi-ve-rehber-kitaplari","6":"product_cat-referans-kitaplar-gezi-ve-rehber-kitaplari","7":"pa_cilt-ciltsiz","8":"pa_tur-kitap","9":"pa_yayinevi-delta-kultur-yayinevi","10":"pa_yazar-svetlana-angeleska-tuncay-gulsen","12":"first","13":"instock","14":"sale","15":"shipping-taxable","16":"purchasable","17":"product-type-simple"},"_links":{"self":[{"href":"https:\/\/roveyayinevi.com.tr\/index.php\/wp-json\/wp\/v2\/product\/709729","targetHints":{"allow":["GET"]}}],"collection":[{"href":"https:\/\/roveyayinevi.com.tr\/index.php\/wp-json\/wp\/v2\/product"}],"about":[{"href":"https:\/\/roveyayinevi.com.tr\/index.php\/wp-json\/wp\/v2\/types\/product"}],"wp:attachment":[{"href":"https:\/\/roveyayinevi.com.tr\/index.php\/wp-json\/wp\/v2\/media?parent=709729"}],"wp:term":[{"taxonomy":"product_brand","embeddable":true,"href":"https:\/\/roveyayinevi.com.tr\/index.php\/wp-json\/wp\/v2\/product_brand?post=709729"},{"taxonomy":"product_cat","embeddable":true,"href":"https:\/\/roveyayinevi.com.tr\/index.php\/wp-json\/wp\/v2\/product_cat?post=709729"},{"taxonomy":"product_tag","embeddable":true,"href":"https:\/\/roveyayinevi.com.tr\/index.php\/wp-json\/wp\/v2\/product_tag?post=709729"}],"curies":[{"name":"wp","href":"https:\/\/api.w.org\/{rel}","templated":true}]}}