{"id":709728,"date":"2025-08-27T16:28:40","date_gmt":"2025-08-27T13:28:40","guid":{"rendered":"https:\/\/roveyayinevi.com.tr\/index.php\/urun\/paris-dunyanin-en-romantik-kenti\/"},"modified":"2026-04-16T02:18:40","modified_gmt":"2026-04-15T23:18:40","slug":"paris-dunyanin-en-romantik-kenti","status":"publish","type":"product","link":"https:\/\/roveyayinevi.com.tr\/index.php\/urun\/paris-dunyanin-en-romantik-kenti\/","title":{"rendered":"Paris D\u00fcnyan\u0131n En Romantik Kenti"},"content":{"rendered":"<p>\u201cB\u00fcy\u00fck kentler insan gibidir. Mangal gibi y\u00fcrek ister onlar\u0131 sevmek i\u00e7in. \u0130\u011fren\u00e7lik ve g\u00fczellikleri, c\u00fccelik ve y\u00fccelikleriyle kucaklamak gerekir. Sabahlar\u0131 Paris\u2019te uyanmak heyecan vericidir. G\u00f6z\u00fcn\u00fcz\u00fcn kucaklamaya yetmedi\u011fi koca kent, dev bir dizelin muhte\u015fem temposuyla homurdanmaktad\u0131r. Gece d\u00fc\u015fen nab\u0131z, sabah be\u015fe do\u011fru g\u00fc\u00e7lenir. Yatt\u0131\u011f\u0131n\u0131z yerde k\u0131p\u0131rt\u0131s\u0131z, g\u00f6zlerinizi s\u0131k\u0131 s\u0131k\u0131 yumup d\u0131\u015far\u0131da olan biteni dinlersiniz: Binlerce metrosu, treni, arabas\u0131, otob\u00fcs\u00fc ve \u201cSeine\u201d \u00fczerinde hizmete giren h\u0131zl\u0131 nehir otob\u00fcsleriyle, kentin kan dola\u015f\u0131m\u0131 \u00e7oktan ba\u015flam\u0131\u015ft\u0131r.\u201d Mine G. K\u0131r\u0131kkanat d\u00fcnyan\u0131n en romantik kentini, Paris\u2019i anlat\u0131yor. Kafelerinden kiliselerine, tarihinden siyasi ge\u00e7mi\u015fine, \u015fehre dair ne varsa payla\u015f\u0131yor. Ya\u015fad\u0131klar\u0131n\u0131 ve g\u00f6rd\u00fcklerini keyifli bir dille, Paris\u2019in havas\u0131n\u0131 ta\u015f\u0131yan kalemiyle k\u00e2\u011f\u0131da d\u00f6k\u00fcyor. <\/p>\n","protected":false},"excerpt":{"rendered":"<p>\u201cB\u00fcy\u00fck kentler insan gibidir. Mangal gibi y\u00fcrek ister onlar\u0131 sevmek i\u00e7in. \u0130\u011fren\u00e7lik ve g\u00fczellikleri, c\u00fccelik ve y\u00fccelikleriyle kucaklamak gerekir. Sabahlar\u0131 Paris\u2019te uyanmak heyecan vericidir. G\u00f6z\u00fcn\u00fcz\u00fcn kucaklamaya<span class=\"excerpt-hellip\"> [\u2026]<\/span><\/p>\n","protected":false},"featured_media":0,"template":"","meta":{"_monsterinsights_skip_tracking":false,"_monsterinsights_sitenote_active":false,"_monsterinsights_sitenote_note":"","_monsterinsights_sitenote_category":0},"product_brand":[],"product_cat":[13528,13527],"product_tag":[],"class_list":{"0":"post-709728","1":"product","2":"type-product","3":"status-publish","5":"product_cat-gezi","6":"product_cat-sureli-yayinlar","7":"pa_cilt-ciltsiz","8":"pa_tur-kitap","9":"pa_yayinevi-kirmizi-kedi-yayinevi","10":"pa_yazar-mine-g-kirikkanat","12":"first","13":"instock","14":"sale","15":"shipping-taxable","16":"purchasable","17":"product-type-simple"},"_links":{"self":[{"href":"https:\/\/roveyayinevi.com.tr\/index.php\/wp-json\/wp\/v2\/product\/709728","targetHints":{"allow":["GET"]}}],"collection":[{"href":"https:\/\/roveyayinevi.com.tr\/index.php\/wp-json\/wp\/v2\/product"}],"about":[{"href":"https:\/\/roveyayinevi.com.tr\/index.php\/wp-json\/wp\/v2\/types\/product"}],"wp:attachment":[{"href":"https:\/\/roveyayinevi.com.tr\/index.php\/wp-json\/wp\/v2\/media?parent=709728"}],"wp:term":[{"taxonomy":"product_brand","embeddable":true,"href":"https:\/\/roveyayinevi.com.tr\/index.php\/wp-json\/wp\/v2\/product_brand?post=709728"},{"taxonomy":"product_cat","embeddable":true,"href":"https:\/\/roveyayinevi.com.tr\/index.php\/wp-json\/wp\/v2\/product_cat?post=709728"},{"taxonomy":"product_tag","embeddable":true,"href":"https:\/\/roveyayinevi.com.tr\/index.php\/wp-json\/wp\/v2\/product_tag?post=709728"}],"curies":[{"name":"wp","href":"https:\/\/api.w.org\/{rel}","templated":true}]}}