{"id":709727,"date":"2025-08-27T16:28:40","date_gmt":"2025-08-27T13:28:40","guid":{"rendered":"https:\/\/roveyayinevi.com.tr\/index.php\/urun\/herkes-ayrildi-kendinden\/"},"modified":"2026-04-16T02:18:40","modified_gmt":"2026-04-15T23:18:40","slug":"herkes-ayrildi-kendinden","status":"publish","type":"product","link":"https:\/\/roveyayinevi.com.tr\/index.php\/urun\/herkes-ayrildi-kendinden\/","title":{"rendered":"Herkes Ayr\u0131ld\u0131 Kendinden"},"content":{"rendered":"<p>kim kendi g\u00f6zlerinden ka\u00e7ar ve nereye kadar   soyulmu\u015f bir nar gibi serilirken kent ayaklar\u0131n\u0131n alt\u0131na alt\u0131n pencereleri ve kuleleriyle   kendinle konu\u015fuyorsun dinlemiyorsun ama kuyru\u011funu yiyen bir y\u0131lana benziyor hik\u00e2yen   kim benzetebilir bir g\u00f6\u00e7meni kendine ve neden <\/p>\n","protected":false},"excerpt":{"rendered":"<p>kim kendi g\u00f6zlerinden ka\u00e7ar ve nereye kadar soyulmu\u015f bir nar gibi serilirken kent ayaklar\u0131n\u0131n alt\u0131na alt\u0131n pencereleri ve kuleleriyle kendinle konu\u015fuyorsun dinlemiyorsun ama kuyru\u011funu yiyen bir<span class=\"excerpt-hellip\"> [\u2026]<\/span><\/p>\n","protected":false},"featured_media":0,"template":"","meta":{"_monsterinsights_skip_tracking":false,"_monsterinsights_sitenote_active":false,"_monsterinsights_sitenote_note":"","_monsterinsights_sitenote_category":0},"product_brand":[],"product_cat":[12291,12509],"product_tag":[],"class_list":{"0":"post-709727","1":"product","2":"type-product","3":"status-publish","5":"product_cat-edebiyat","6":"product_cat-siir","7":"pa_cilt-ciltsiz","8":"pa_tur-kitap","9":"pa_yayinevi-kirmizi-kedi-yayinevi","10":"pa_yazar-selahattin-yolgiden","12":"first","13":"instock","14":"sale","15":"shipping-taxable","16":"purchasable","17":"product-type-simple"},"_links":{"self":[{"href":"https:\/\/roveyayinevi.com.tr\/index.php\/wp-json\/wp\/v2\/product\/709727","targetHints":{"allow":["GET"]}}],"collection":[{"href":"https:\/\/roveyayinevi.com.tr\/index.php\/wp-json\/wp\/v2\/product"}],"about":[{"href":"https:\/\/roveyayinevi.com.tr\/index.php\/wp-json\/wp\/v2\/types\/product"}],"wp:attachment":[{"href":"https:\/\/roveyayinevi.com.tr\/index.php\/wp-json\/wp\/v2\/media?parent=709727"}],"wp:term":[{"taxonomy":"product_brand","embeddable":true,"href":"https:\/\/roveyayinevi.com.tr\/index.php\/wp-json\/wp\/v2\/product_brand?post=709727"},{"taxonomy":"product_cat","embeddable":true,"href":"https:\/\/roveyayinevi.com.tr\/index.php\/wp-json\/wp\/v2\/product_cat?post=709727"},{"taxonomy":"product_tag","embeddable":true,"href":"https:\/\/roveyayinevi.com.tr\/index.php\/wp-json\/wp\/v2\/product_tag?post=709727"}],"curies":[{"name":"wp","href":"https:\/\/api.w.org\/{rel}","templated":true}]}}