{"id":709725,"date":"2025-08-27T16:28:39","date_gmt":"2025-08-27T13:28:39","guid":{"rendered":"https:\/\/roveyayinevi.com.tr\/index.php\/urun\/rahman\/"},"modified":"2026-04-16T02:18:40","modified_gmt":"2026-04-15T23:18:40","slug":"rahman","status":"publish","type":"product","link":"https:\/\/roveyayinevi.com.tr\/index.php\/urun\/rahman\/","title":{"rendered":"Rahman"},"content":{"rendered":"<p>\u0130nsan s\u0131rd\u0131\u2026 K\u00e2inat s\u0131rd\u0131\u2026 Ruh s\u0131rd\u0131\u2026 Rahm\u00e2n s\u0131rd\u0131\u2026 Allah\u00fc Te\u00e2l\u00e2\u2019n\u0131n isimleri, halleri s\u0131rd\u0131\u2026 Zaman geldi Rahm\u00e2n Suresi bug\u00fcne kadar s\u0131r olan her \u015feyi ortaya koydu. Zaman geldi \u0130sm-i Az\u00e2m s\u0131rr\u0131 ortaya \u00e7\u0131kt\u0131. Bug\u00fcne kadar bir \u00e7ok ki\u015fi \u0130sm-i Az\u00e2m\u2019\u0131 arad\u0131 ama nereye bakaca\u011f\u0131n\u0131 bilemedi. Art\u0131k \u201cayna\u201dya bakma, \u201cayna\u201d olarak neyi yans\u0131tt\u0131\u011f\u0131m\u0131z\u0131 bilme zaman\u0131.Nas\u0131l yarat\u0131ld\u0131k ve neden yarat\u0131ld\u0131k? Nerede idik, nereye gidiyoruz? Allah\u00fc Te\u00e2l\u00e2\u2019n\u0131n yaratma amac\u0131 nedir? \u0130nsan\u0131n varl\u0131k \u00e2lemine gelmesinden maksat nedir? Rahm\u00e2n Suresi\u2019nde vaat edilen ger\u00e7ek cennet nedir? Huri\u2019nin ger\u00e7ek manas\u0131 nedir? Am\u00e2 nedir? K\u00e2inat\u0131n s\u0131n\u0131r\u0131 var m\u0131d\u0131r? \u0130nsan ebedi midir? T\u00fcm bu sorular\u0131n cevab\u0131 ve \u015fimdiye kadar ortaya konmam\u0131\u015f t\u00fcm ger\u00e7ekler bu kitap ile a\u00e7\u0131\u011fa \u00e7\u0131k\u0131yor.<\/p>\n","protected":false},"excerpt":{"rendered":"<p>\u0130nsan s\u0131rd\u0131\u2026 K\u00e2inat s\u0131rd\u0131\u2026 Ruh s\u0131rd\u0131\u2026 Rahm\u00e2n s\u0131rd\u0131\u2026 Allah\u00fc Te\u00e2l\u00e2\u2019n\u0131n isimleri, halleri s\u0131rd\u0131\u2026 Zaman geldi Rahm\u00e2n Suresi bug\u00fcne kadar s\u0131r olan her \u015feyi ortaya koydu. Zaman<span class=\"excerpt-hellip\"> [\u2026]<\/span><\/p>\n","protected":false},"featured_media":0,"template":"","meta":{"_monsterinsights_skip_tracking":false,"_monsterinsights_sitenote_active":false,"_monsterinsights_sitenote_note":"","_monsterinsights_sitenote_category":0},"product_brand":[],"product_cat":[12718,12719,12720],"product_tag":[],"class_list":{"0":"post-709725","1":"product","2":"type-product","3":"status-publish","5":"product_cat-din","6":"product_cat-islam","7":"product_cat-tasavvuf-mezhepler-tarikatlar","8":"pa_cilt-ciltsiz","9":"pa_tur-kitap","10":"pa_yayinevi-enoch-yayinlari","11":"pa_yazar-cafer-iskenderoglu","13":"first","14":"instock","15":"sale","16":"shipping-taxable","17":"purchasable","18":"product-type-simple"},"_links":{"self":[{"href":"https:\/\/roveyayinevi.com.tr\/index.php\/wp-json\/wp\/v2\/product\/709725","targetHints":{"allow":["GET"]}}],"collection":[{"href":"https:\/\/roveyayinevi.com.tr\/index.php\/wp-json\/wp\/v2\/product"}],"about":[{"href":"https:\/\/roveyayinevi.com.tr\/index.php\/wp-json\/wp\/v2\/types\/product"}],"wp:attachment":[{"href":"https:\/\/roveyayinevi.com.tr\/index.php\/wp-json\/wp\/v2\/media?parent=709725"}],"wp:term":[{"taxonomy":"product_brand","embeddable":true,"href":"https:\/\/roveyayinevi.com.tr\/index.php\/wp-json\/wp\/v2\/product_brand?post=709725"},{"taxonomy":"product_cat","embeddable":true,"href":"https:\/\/roveyayinevi.com.tr\/index.php\/wp-json\/wp\/v2\/product_cat?post=709725"},{"taxonomy":"product_tag","embeddable":true,"href":"https:\/\/roveyayinevi.com.tr\/index.php\/wp-json\/wp\/v2\/product_tag?post=709725"}],"curies":[{"name":"wp","href":"https:\/\/api.w.org\/{rel}","templated":true}]}}