{"id":709723,"date":"2025-08-27T16:28:38","date_gmt":"2025-08-27T13:28:38","guid":{"rendered":"https:\/\/roveyayinevi.com.tr\/index.php\/urun\/huzunlu-kalplere-sefkatli-dokunuslar\/"},"modified":"2026-04-16T02:18:39","modified_gmt":"2026-04-15T23:18:39","slug":"huzunlu-kalplere-sefkatli-dokunuslar","status":"publish","type":"product","link":"https:\/\/roveyayinevi.com.tr\/index.php\/urun\/huzunlu-kalplere-sefkatli-dokunuslar\/","title":{"rendered":"H\u00fcz\u00fcnl\u00fc Kalplere \u015eefkatli Dokunu\u015flar"},"content":{"rendered":"<p>\u015eu ahir zamanlarda mutluluk ve huzurun yolu \u0130slam\u2019\u0131 okumak, ara\u015ft\u0131rmak, soru\u015fturmak ve anlay\u0131p uygulamaktan ge\u00e7iyor. Merdivenler nefsimizin de\u011fil, ruhumuzun ve kalbimizin sesine kulak vermekle, \u00f6z\u00fcm\u00fcze d\u00f6nmekle \u00e7\u0131k\u0131l\u0131yor. Bu yol insana hem d\u00fcnya, hem de ahiret mutlulu\u011funu beraberinde getiriyor. Bu kitap da, i\u015fte bu yolda bize \u0131\u015f\u0131k tutuyor. Kanal 7 ekranlar\u0131nda yay\u0131nlanan, Necmettin Nursa\u00e7an ve Muhsin Bay ile \u2018Cuma Sohbetleri\u2019 program\u0131na gelen izleyici sorular\u0131 aras\u0131ndan s\u0131kl\u0131kla g\u00fcndeme gelenler Muhsin Bay taraf\u0131ndan tek tek ele al\u0131nd\u0131 ve Necmettin Nursa\u00e7an taraf\u0131ndan sizler i\u00e7in cevapland\u0131. Eski Kayseri M\u00fcft\u00fcs\u00fc ve Diyanet \u0130\u015fleri Ba\u015fkan Yard\u0131mc\u0131s\u0131 Necmettin Nursa\u00e7an, kutsal kitab\u0131m\u0131z Kur\u2019an-\u0131 Kerim ve Peygamber Efendimizin hadisleri \u0131\u015f\u0131\u011f\u0131nda, merak edilen y\u00fczlerce sorunun cevab\u0131n\u0131 veriyor bu kitapta! \u0130slamiyet\u2019e uygun bir ya\u015fam s\u00fcrmenin p\u00fcf noktalar\u0131n\u0131 da anlat\u0131yor. Nursa\u00e7an Hoca, zorla\u015ft\u0131rm\u0131yor kolayla\u015ft\u0131r\u0131yor, \u00f6tekile\u015ftirmiyor sevgiyle birle\u015ftiriyor, k\u00f6t\u00fcl\u00fckten sak\u0131nd\u0131r\u0131p iyili\u011fe te\u015fvik ediyor, temizli\u011fe y\u00f6nlendiriyor, h\u00fcz\u00fcnl\u00fc kalplere \u015fefkatle dokunuyor\u2026 \u201cD\u00fcnyay\u0131 cennet gibi ya\u015famak varken, helal yolu geni\u015fken, harama ne l\u00fczum var?\u201d diyor\u2026 Kitap iki b\u00f6l\u00fcmden olu\u015fuyor. Birinci b\u00f6l\u00fcmde, \u2018Cuma Sohbetleri\u2019 program\u0131na gelen izleyici sorular\u0131 ve Necmettin Nursa\u00e7an Hoca\u2019n\u0131n verdi\u011fi cevaplar yer al\u0131yor. \u0130kinci b\u00f6l\u00fcmde ise bu kez Muhsin Bay soruyor. Her biri hayat\u0131n i\u00e7inden can al\u0131c\u0131 sorular ve Kur\u2019an-\u0131 Kerim ve Peygamber efendimizin hadislerinden a\u00e7\u0131k ve \u0130slamiyet\u2019in \u00f6z\u00fcne davet eden cevaplar\u2026 <\/p>\n","protected":false},"excerpt":{"rendered":"<p>\u015eu ahir zamanlarda mutluluk ve huzurun yolu \u0130slam\u2019\u0131 okumak, ara\u015ft\u0131rmak, soru\u015fturmak ve anlay\u0131p uygulamaktan ge\u00e7iyor. Merdivenler nefsimizin de\u011fil, ruhumuzun ve kalbimizin sesine kulak vermekle, \u00f6z\u00fcm\u00fcze d\u00f6nmekle<span class=\"excerpt-hellip\"> [\u2026]<\/span><\/p>\n","protected":false},"featured_media":0,"template":"","meta":{"_monsterinsights_skip_tracking":false,"_monsterinsights_sitenote_active":false,"_monsterinsights_sitenote_note":"","_monsterinsights_sitenote_category":0},"product_brand":[],"product_cat":[12718,12719],"product_tag":[],"class_list":{"0":"post-709723","1":"product","2":"type-product","3":"status-publish","5":"product_cat-din","6":"product_cat-islam","7":"pa_cilt-ciltsiz","8":"pa_tur-kitap","9":"pa_yayinevi-hayykitap","10":"pa_yazar-necmettin-nursacan","12":"first","13":"instock","14":"sale","15":"shipping-taxable","16":"purchasable","17":"product-type-simple"},"_links":{"self":[{"href":"https:\/\/roveyayinevi.com.tr\/index.php\/wp-json\/wp\/v2\/product\/709723","targetHints":{"allow":["GET"]}}],"collection":[{"href":"https:\/\/roveyayinevi.com.tr\/index.php\/wp-json\/wp\/v2\/product"}],"about":[{"href":"https:\/\/roveyayinevi.com.tr\/index.php\/wp-json\/wp\/v2\/types\/product"}],"wp:attachment":[{"href":"https:\/\/roveyayinevi.com.tr\/index.php\/wp-json\/wp\/v2\/media?parent=709723"}],"wp:term":[{"taxonomy":"product_brand","embeddable":true,"href":"https:\/\/roveyayinevi.com.tr\/index.php\/wp-json\/wp\/v2\/product_brand?post=709723"},{"taxonomy":"product_cat","embeddable":true,"href":"https:\/\/roveyayinevi.com.tr\/index.php\/wp-json\/wp\/v2\/product_cat?post=709723"},{"taxonomy":"product_tag","embeddable":true,"href":"https:\/\/roveyayinevi.com.tr\/index.php\/wp-json\/wp\/v2\/product_tag?post=709723"}],"curies":[{"name":"wp","href":"https:\/\/api.w.org\/{rel}","templated":true}]}}