{"id":709721,"date":"2025-08-27T16:28:37","date_gmt":"2025-08-27T13:28:37","guid":{"rendered":"https:\/\/roveyayinevi.com.tr\/index.php\/urun\/garp-cephesinde-yeni-bir-sey-yok-ciltli\/"},"modified":"2025-12-30T10:07:46","modified_gmt":"2025-12-30T07:07:46","slug":"garp-cephesinde-yeni-bir-sey-yok-ciltli","status":"publish","type":"product","link":"https:\/\/roveyayinevi.com.tr\/index.php\/urun\/garp-cephesinde-yeni-bir-sey-yok-ciltli\/","title":{"rendered":"Garp Cephesinde Yeni Bir \u015eey Yok (Ciltli)"},"content":{"rendered":"<p>\u201cBu kitap; ne bir \u015fik\u00e2yettir, ne de bir itiraf. Harbin yumru\u011funu yemi\u015f, mermilerinden kurtulmu\u015f olsa bile, tahriplerinden kurtulamam\u0131\u015f bir nesli anlatmak isteyen bir deneme, sadece.\u201dE. M. RemarqueGarp Cephesinde Yeni Bir \u015eey Yok ge\u00e7mi\u015f y\u00fczy\u0131l\u0131n \u00f6nde gelen sava\u015f kar\u015f\u0131t\u0131 kitaplar\u0131 aras\u0131nda g\u00f6r\u00fcl\u00fcyor; roman\u0131n ad\u0131 sava\u015f\u0131n anlams\u0131zl\u0131\u011f\u0131yla, ba\u015fkalar\u0131n\u0131n \u00e7\u0131karlar\u0131 u\u011fruna ya\u015fam\u0131n\u0131 bo\u015f yere kaybeden \u201ck\u00fc\u00e7\u00fck\u201d insan\u0131n de\u011fi\u015fmeyen yazg\u0131s\u0131yla e\u015fanlaml\u0131 bir deyi\u015f olarak kullan\u0131l\u0131yor.Ay\u015fe Sar\u0131say\u0131n Bu kitap 20. y\u00fczy\u0131l d\u00fcnyas\u0131n\u0131n el kitab\u0131 say\u0131labilir. B\u00f6ylesi kitaplar b\u00fcy\u00fck ustal\u0131kla yaz\u0131l\u0131r, dahas\u0131 can pahas\u0131na yaz\u0131l\u0131r. Sava\u015flar insanlar\u0131n \u00f6l\u00fcm ferman\u0131d\u0131r, sava\u015flar \u00fcst\u00fcnde ya\u015fad\u0131\u011f\u0131m\u0131z topraklar\u0131n, do\u011fam\u0131z\u0131n \u00f6l\u00fcm ferman\u0131d\u0131r. Sanat, ger\u00e7ek sanat sava\u015f\u0131n, zulm\u00fcn, \u015fiddetin, t\u00fcketici oburlu\u011funun, insanca olmayan her davran\u0131\u015f\u0131n kar\u015f\u0131s\u0131ndad\u0131r&#8230; \u00c7\u00fcnk\u00fc ne olursa olsun, her bi\u00e7im sanat\u0131n birinci i\u015fi ba\u015fkald\u0131r\u0131d\u0131r. Remarque\u2019\u0131n 1929\u2019da yazd\u0131\u011f\u0131 Bat\u0131 Cephesinde Yeni Bir \u015eey Yok bug\u00fcn de taptaze, bug\u00fcn de her okuyucusu taraf\u0131ndan yeniden yeniden yarat\u0131larak uyar\u0131yor, direnme g\u00fcc\u00fc veriyor.Ya\u015far Kemal <\/p>\n","protected":false},"excerpt":{"rendered":"<p>\u201cBu kitap; ne bir \u015fik\u00e2yettir, ne de bir itiraf. Harbin yumru\u011funu yemi\u015f, mermilerinden kurtulmu\u015f olsa bile, tahriplerinden kurtulamam\u0131\u015f bir nesli anlatmak isteyen bir deneme, sadece.\u201dE. M.<span class=\"excerpt-hellip\"> [\u2026]<\/span><\/p>\n","protected":false},"featured_media":0,"template":"","meta":{"_monsterinsights_skip_tracking":false,"_monsterinsights_sitenote_active":false,"_monsterinsights_sitenote_note":"","_monsterinsights_sitenote_category":0},"product_brand":[],"product_cat":[12291,12745],"product_tag":[],"class_list":{"0":"post-709721","1":"product","2":"type-product","3":"status-publish","5":"product_cat-edebiyat","6":"product_cat-tarihi-roman","7":"pa_cilt-ciltli","8":"pa_tur-kitap","9":"pa_yayinevi-everest-yayinlari","10":"pa_yazar-erich-maria-remarque","12":"first","13":"instock","14":"sale","15":"shipping-taxable","16":"purchasable","17":"product-type-simple"},"_links":{"self":[{"href":"https:\/\/roveyayinevi.com.tr\/index.php\/wp-json\/wp\/v2\/product\/709721","targetHints":{"allow":["GET"]}}],"collection":[{"href":"https:\/\/roveyayinevi.com.tr\/index.php\/wp-json\/wp\/v2\/product"}],"about":[{"href":"https:\/\/roveyayinevi.com.tr\/index.php\/wp-json\/wp\/v2\/types\/product"}],"wp:attachment":[{"href":"https:\/\/roveyayinevi.com.tr\/index.php\/wp-json\/wp\/v2\/media?parent=709721"}],"wp:term":[{"taxonomy":"product_brand","embeddable":true,"href":"https:\/\/roveyayinevi.com.tr\/index.php\/wp-json\/wp\/v2\/product_brand?post=709721"},{"taxonomy":"product_cat","embeddable":true,"href":"https:\/\/roveyayinevi.com.tr\/index.php\/wp-json\/wp\/v2\/product_cat?post=709721"},{"taxonomy":"product_tag","embeddable":true,"href":"https:\/\/roveyayinevi.com.tr\/index.php\/wp-json\/wp\/v2\/product_tag?post=709721"}],"curies":[{"name":"wp","href":"https:\/\/api.w.org\/{rel}","templated":true}]}}