{"id":709720,"date":"2025-08-27T16:28:36","date_gmt":"2025-08-27T13:28:36","guid":{"rendered":"https:\/\/roveyayinevi.com.tr\/index.php\/urun\/tatlilar-ve-tuzlular\/"},"modified":"2026-04-16T02:18:39","modified_gmt":"2026-04-15T23:18:39","slug":"tatlilar-ve-tuzlular","status":"publish","type":"product","link":"https:\/\/roveyayinevi.com.tr\/index.php\/urun\/tatlilar-ve-tuzlular\/","title":{"rendered":"Tatl\u0131lar ve Tuzlular"},"content":{"rendered":"<p>Ara\u015ft\u0131rmak, gezmek, yazmak, pi\u015firmek ve yap\u0131lanlar\u0131 payla\u015fmak art\u0131k  benim ya\u015fam bi\u00e7imim oldu&#8230; Hep farkl\u0131 ve lezzetli tariflerin pe\u015finde  oldum. Gitti\u011fim \u00fclkeler, \u015fehirler tabaklar\u0131m\u0131n rengine d\u00f6n\u00fc\u015ft\u00fc. \u00d6zellikle Tatl\u0131lar Tuzlular kitab\u0131m tam anlam\u0131yla, her foto\u011fraf karesiyle, her dokunu\u015fuyla elimden \u00e7\u0131kt\u0131. Her ne kadar yemek stilistli\u011fi yapsam da foto\u011fraf \u00e7ekmek apayr\u0131 bir uzmanl\u0131k ve bu konuda \u00e7ok iddial\u0131 olmasam da ba\u015farmak i\u00e7in \u00e7ok u\u011fra\u015ft\u0131m. Tarifler tek tek denendi ve en iyi haliyle kitapta yerlerini ald\u0131. Her kitab\u0131mda oldu\u011fu gibi hem d\u00fcnyadan, hem bizden hem de benden re\u00e7eteler uyguland\u0131. Umar\u0131m be\u011fenir, tariflerinizi haz\u0131rlarken eviniz mis kokularla dolar, sevdiklerinizle beraber afiyetle yersiniz&#8230; A\u011fz\u0131n\u0131z\u0131n tad\u0131 hi\u00e7 bozulmas\u0131n&#8230; <\/p>\n","protected":false},"excerpt":{"rendered":"<p>Ara\u015ft\u0131rmak, gezmek, yazmak, pi\u015firmek ve yap\u0131lanlar\u0131 payla\u015fmak art\u0131k benim ya\u015fam bi\u00e7imim oldu&#8230; Hep farkl\u0131 ve lezzetli tariflerin pe\u015finde oldum. Gitti\u011fim \u00fclkeler, \u015fehirler tabaklar\u0131m\u0131n rengine d\u00f6n\u00fc\u015ft\u00fc. \u00d6zellikle<span class=\"excerpt-hellip\"> [\u2026]<\/span><\/p>\n","protected":false},"featured_media":0,"template":"","meta":{"_monsterinsights_skip_tracking":false,"_monsterinsights_sitenote_active":false,"_monsterinsights_sitenote_note":"","_monsterinsights_sitenote_category":0},"product_brand":[],"product_cat":[22706,12457],"product_tag":[],"class_list":{"0":"post-709720","1":"product","2":"type-product","3":"status-publish","5":"product_cat-dunya-mutfagi","6":"product_cat-yemek-kitaplari","7":"pa_cilt-ciltsiz","8":"pa_tur-kitap","9":"pa_yayinevi-alfa-yayinlari","10":"pa_yazar-ebru-omurcali","12":"first","13":"instock","14":"sale","15":"shipping-taxable","16":"purchasable","17":"product-type-simple"},"_links":{"self":[{"href":"https:\/\/roveyayinevi.com.tr\/index.php\/wp-json\/wp\/v2\/product\/709720","targetHints":{"allow":["GET"]}}],"collection":[{"href":"https:\/\/roveyayinevi.com.tr\/index.php\/wp-json\/wp\/v2\/product"}],"about":[{"href":"https:\/\/roveyayinevi.com.tr\/index.php\/wp-json\/wp\/v2\/types\/product"}],"wp:attachment":[{"href":"https:\/\/roveyayinevi.com.tr\/index.php\/wp-json\/wp\/v2\/media?parent=709720"}],"wp:term":[{"taxonomy":"product_brand","embeddable":true,"href":"https:\/\/roveyayinevi.com.tr\/index.php\/wp-json\/wp\/v2\/product_brand?post=709720"},{"taxonomy":"product_cat","embeddable":true,"href":"https:\/\/roveyayinevi.com.tr\/index.php\/wp-json\/wp\/v2\/product_cat?post=709720"},{"taxonomy":"product_tag","embeddable":true,"href":"https:\/\/roveyayinevi.com.tr\/index.php\/wp-json\/wp\/v2\/product_tag?post=709720"}],"curies":[{"name":"wp","href":"https:\/\/api.w.org\/{rel}","templated":true}]}}