{"id":709713,"date":"2025-08-27T16:28:33","date_gmt":"2025-08-27T13:28:33","guid":{"rendered":"https:\/\/roveyayinevi.com.tr\/index.php\/urun\/futbol-stadyumunda-bir-gun\/"},"modified":"2026-04-16T02:18:39","modified_gmt":"2026-04-15T23:18:39","slug":"futbol-stadyumunda-bir-gun","status":"publish","type":"product","link":"https:\/\/roveyayinevi.com.tr\/index.php\/urun\/futbol-stadyumunda-bir-gun\/","title":{"rendered":"Futbol Stadyumunda Bir G\u00fcn"},"content":{"rendered":"<p>Bug\u00fcn \u00e7ok \u00f6nemli bir ma\u00e7 var. Futbol stadyumu \u00e7ok kalabal\u0131k. Taraftarlar sabah saatlerinden itibaren stada gelmeye ba\u015flad\u0131. Tak\u0131mlar haz\u0131rlan\u0131yor. Sen de stada gel ve taraftarlarla birlikte tezah\u00fcrata ba\u015fla.Ayr\u0131nt\u0131l\u0131 resimler ve ilgi \u00e7ekici sahnelerle futbol stadyumunda g\u00fcn boyunca neler oldu\u011funu izleyebilir, istenen \u015feyleri ararken \u015fa\u015f\u0131rt\u0131c\u0131 bilgiler \u00f6\u011frenebilirsin. <\/p>\n","protected":false},"excerpt":{"rendered":"<p>Bug\u00fcn \u00e7ok \u00f6nemli bir ma\u00e7 var. Futbol stadyumu \u00e7ok kalabal\u0131k. Taraftarlar sabah saatlerinden itibaren stada gelmeye ba\u015flad\u0131. Tak\u0131mlar haz\u0131rlan\u0131yor. Sen de stada gel ve taraftarlarla birlikte<span class=\"excerpt-hellip\"> [\u2026]<\/span><\/p>\n","protected":false},"featured_media":0,"template":"","meta":{"_monsterinsights_skip_tracking":false,"_monsterinsights_sitenote_active":false,"_monsterinsights_sitenote_note":"","_monsterinsights_sitenote_category":0},"product_brand":[],"product_cat":[12274,12284],"product_tag":[],"class_list":{"0":"post-709713","1":"product","2":"type-product","3":"status-publish","5":"product_cat-cocuk-ve-genclik-kitaplari","6":"product_cat-hikayeler","7":"pa_cilt-ciltsiz","8":"pa_tur-kitap","9":"pa_yayinevi-is-bankasi-kultur-yayinlari","10":"pa_yazar-olivia-brookes","12":"first","13":"instock","14":"sale","15":"shipping-taxable","16":"purchasable","17":"product-type-simple"},"_links":{"self":[{"href":"https:\/\/roveyayinevi.com.tr\/index.php\/wp-json\/wp\/v2\/product\/709713","targetHints":{"allow":["GET"]}}],"collection":[{"href":"https:\/\/roveyayinevi.com.tr\/index.php\/wp-json\/wp\/v2\/product"}],"about":[{"href":"https:\/\/roveyayinevi.com.tr\/index.php\/wp-json\/wp\/v2\/types\/product"}],"wp:attachment":[{"href":"https:\/\/roveyayinevi.com.tr\/index.php\/wp-json\/wp\/v2\/media?parent=709713"}],"wp:term":[{"taxonomy":"product_brand","embeddable":true,"href":"https:\/\/roveyayinevi.com.tr\/index.php\/wp-json\/wp\/v2\/product_brand?post=709713"},{"taxonomy":"product_cat","embeddable":true,"href":"https:\/\/roveyayinevi.com.tr\/index.php\/wp-json\/wp\/v2\/product_cat?post=709713"},{"taxonomy":"product_tag","embeddable":true,"href":"https:\/\/roveyayinevi.com.tr\/index.php\/wp-json\/wp\/v2\/product_tag?post=709713"}],"curies":[{"name":"wp","href":"https:\/\/api.w.org\/{rel}","templated":true}]}}