{"id":709712,"date":"2025-08-27T16:28:32","date_gmt":"2025-08-27T13:28:32","guid":{"rendered":"https:\/\/roveyayinevi.com.tr\/index.php\/urun\/dinozorlar-dunyasinda-bir-yil-bul-eglen-ogren\/"},"modified":"2026-04-16T02:18:39","modified_gmt":"2026-04-15T23:18:39","slug":"dinozorlar-dunyasinda-bir-yil-bul-eglen-ogren","status":"publish","type":"product","link":"https:\/\/roveyayinevi.com.tr\/index.php\/urun\/dinozorlar-dunyasinda-bir-yil-bul-eglen-ogren\/","title":{"rendered":"Dinozorlar D\u00fcnyas\u0131nda Bir Y\u0131l &#8211; Bul, E\u011flen, \u00d6\u011fren!"},"content":{"rendered":"<p>Dinozorlar \u00e7ok zor bir y\u0131l ge\u00e7iriyor. Korkun\u00e7 bir orman yang\u0131n\u0131n\u0131n ard\u0131ndan b\u00fcy\u00fck sel geldi. Ko\u015fullar zorlu olsa bile baz\u0131 dinozorlar yuva yap\u0131p yumurtluyor. Baz\u0131lar\u0131 ise s\u00fcr\u00fcler olu\u015fturarak yeni beslenme alanlar\u0131 aramak i\u00e7in yollara d\u00fc\u015f\u00fcyor.Et\u00e7il ve ot\u00e7ul dinozorlar aras\u0131ndaki sava\u015f ise hi\u00e7 bitmiyor. Dinozorlar d\u00fcnyas\u0131 ger\u00e7ekten \u00e7ok ilgi \u00e7ekici. Ayr\u0131nt\u0131l\u0131 resimler ve e\u011flenceli sahnelerle dinozorlar\u0131n yapt\u0131klar\u0131n\u0131 izleyebilir, zorlu do\u011fa ko\u015fullar\u0131na kar\u015f\u0131 verdikleri ya\u015fam m\u00fccadelesi hakk\u0131nda \u015fa\u015f\u0131rt\u0131c\u0131 \u015feyler \u00f6\u011frenebilirsin. <\/p>\n","protected":false},"excerpt":{"rendered":"<p>Dinozorlar \u00e7ok zor bir y\u0131l ge\u00e7iriyor. Korkun\u00e7 bir orman yang\u0131n\u0131n\u0131n ard\u0131ndan b\u00fcy\u00fck sel geldi. Ko\u015fullar zorlu olsa bile baz\u0131 dinozorlar yuva yap\u0131p yumurtluyor. Baz\u0131lar\u0131 ise s\u00fcr\u00fcler<span class=\"excerpt-hellip\"> [\u2026]<\/span><\/p>\n","protected":false},"featured_media":0,"template":"","meta":{"_monsterinsights_skip_tracking":false,"_monsterinsights_sitenote_active":false,"_monsterinsights_sitenote_note":"","_monsterinsights_sitenote_category":0},"product_brand":[],"product_cat":[12274,12284],"product_tag":[],"class_list":{"0":"post-709712","1":"product","2":"type-product","3":"status-publish","5":"product_cat-cocuk-ve-genclik-kitaplari","6":"product_cat-hikayeler","7":"pa_cilt-ciltsiz","8":"pa_tur-kitap","9":"pa_yayinevi-is-bankasi-kultur-yayinlari","10":"pa_yazar-olivia-brookes","12":"first","13":"instock","14":"sale","15":"shipping-taxable","16":"purchasable","17":"product-type-simple"},"_links":{"self":[{"href":"https:\/\/roveyayinevi.com.tr\/index.php\/wp-json\/wp\/v2\/product\/709712","targetHints":{"allow":["GET"]}}],"collection":[{"href":"https:\/\/roveyayinevi.com.tr\/index.php\/wp-json\/wp\/v2\/product"}],"about":[{"href":"https:\/\/roveyayinevi.com.tr\/index.php\/wp-json\/wp\/v2\/types\/product"}],"wp:attachment":[{"href":"https:\/\/roveyayinevi.com.tr\/index.php\/wp-json\/wp\/v2\/media?parent=709712"}],"wp:term":[{"taxonomy":"product_brand","embeddable":true,"href":"https:\/\/roveyayinevi.com.tr\/index.php\/wp-json\/wp\/v2\/product_brand?post=709712"},{"taxonomy":"product_cat","embeddable":true,"href":"https:\/\/roveyayinevi.com.tr\/index.php\/wp-json\/wp\/v2\/product_cat?post=709712"},{"taxonomy":"product_tag","embeddable":true,"href":"https:\/\/roveyayinevi.com.tr\/index.php\/wp-json\/wp\/v2\/product_tag?post=709712"}],"curies":[{"name":"wp","href":"https:\/\/api.w.org\/{rel}","templated":true}]}}