{"id":709711,"date":"2025-08-27T16:28:32","date_gmt":"2025-08-27T13:28:32","guid":{"rendered":"https:\/\/roveyayinevi.com.tr\/index.php\/urun\/ay-isigi-sokagi\/"},"modified":"2026-04-16T02:18:39","modified_gmt":"2026-04-15T23:18:39","slug":"ay-isigi-sokagi","status":"publish","type":"product","link":"https:\/\/roveyayinevi.com.tr\/index.php\/urun\/ay-isigi-sokagi\/","title":{"rendered":"Ay I\u015f\u0131\u011f\u0131 Soka\u011f\u0131"},"content":{"rendered":"<p>Fransa\u2019n\u0131n bir liman kentinin denizci mahallesinde gezinirken duydu\u011fu arya s\u00f6yleyen sesi izleyerek tan\u0131mad\u0131\u011f\u0131 insanlar\u0131n marazi hayatlar\u0131na dalan bir gezgin; patronuna k\u00f6lece ba\u011fl\u0131l\u0131\u011f\u0131 y\u00fcz\u00fcnden korkun\u00e7 bir eyleme s\u00fcr\u00fcklenen karanl\u0131k, itici ve yabani bir hizmet\u00e7i; 1810 y\u0131l\u0131nda \u0130spanya\u2019daki sava\u015fta yaralanan, d\u00fc\u015fman bir \u00fclkede amans\u0131z bir hayatta kalma m\u00fccadelesine giri\u015fen bir Frans\u0131z albay; 1918 y\u0131l\u0131n\u0131n bir yaz gecesi Leman g\u00f6l\u00fcnde bulunup kurtar\u0131lan, ancak sonra y\u00fcre\u011fini kavuran yurt \u00f6zlemine yenik d\u00fc\u015fen bir Rus sava\u015f esiri; ya\u015f\u0131tlar\u0131 \u00fcniversiteye giderken h\u00e2l\u00e2 liseye devam eden avare bir gencin \u00f6\u011fretmeninin otoritesine isyan ettikten sonra \u00f6dedi\u011fi a\u011f\u0131r bedel.Zweig bu \u00f6yk\u00fclerde insan\u0131 insanl\u0131ktan \u00e7\u0131kar\u0131p en u\u00e7 noktalara s\u00fcr\u00fckleyen deneyimlerin izini s\u00fcrerken, okuru da ister istemez karakterlerinin ruh \u00e7alkant\u0131lar\u0131n\u0131n i\u00e7ine \u00e7ekiyor\u2026 <\/p>\n","protected":false},"excerpt":{"rendered":"<p>Fransa\u2019n\u0131n bir liman kentinin denizci mahallesinde gezinirken duydu\u011fu arya s\u00f6yleyen sesi izleyerek tan\u0131mad\u0131\u011f\u0131 insanlar\u0131n marazi hayatlar\u0131na dalan bir gezgin; patronuna k\u00f6lece ba\u011fl\u0131l\u0131\u011f\u0131 y\u00fcz\u00fcnden korkun\u00e7 bir eyleme<span class=\"excerpt-hellip\"> [\u2026]<\/span><\/p>\n","protected":false},"featured_media":0,"template":"","meta":{"_monsterinsights_skip_tracking":false,"_monsterinsights_sitenote_active":false,"_monsterinsights_sitenote_note":"","_monsterinsights_sitenote_category":0},"product_brand":[],"product_cat":[12782,12291],"product_tag":[],"class_list":{"0":"post-709711","1":"product","2":"type-product","3":"status-publish","5":"product_cat-alman-edebiyati","6":"product_cat-edebiyat","7":"pa_cilt-ciltsiz","8":"pa_tur-kitap","9":"pa_yayinevi-is-bankasi-kultur-yayinlari","10":"pa_yazar-stefan-zweig","12":"first","13":"instock","14":"sale","15":"shipping-taxable","16":"purchasable","17":"product-type-simple"},"_links":{"self":[{"href":"https:\/\/roveyayinevi.com.tr\/index.php\/wp-json\/wp\/v2\/product\/709711","targetHints":{"allow":["GET"]}}],"collection":[{"href":"https:\/\/roveyayinevi.com.tr\/index.php\/wp-json\/wp\/v2\/product"}],"about":[{"href":"https:\/\/roveyayinevi.com.tr\/index.php\/wp-json\/wp\/v2\/types\/product"}],"wp:attachment":[{"href":"https:\/\/roveyayinevi.com.tr\/index.php\/wp-json\/wp\/v2\/media?parent=709711"}],"wp:term":[{"taxonomy":"product_brand","embeddable":true,"href":"https:\/\/roveyayinevi.com.tr\/index.php\/wp-json\/wp\/v2\/product_brand?post=709711"},{"taxonomy":"product_cat","embeddable":true,"href":"https:\/\/roveyayinevi.com.tr\/index.php\/wp-json\/wp\/v2\/product_cat?post=709711"},{"taxonomy":"product_tag","embeddable":true,"href":"https:\/\/roveyayinevi.com.tr\/index.php\/wp-json\/wp\/v2\/product_tag?post=709711"}],"curies":[{"name":"wp","href":"https:\/\/api.w.org\/{rel}","templated":true}]}}