{"id":709710,"date":"2025-08-27T16:28:31","date_gmt":"2025-08-27T13:28:31","guid":{"rendered":"https:\/\/roveyayinevi.com.tr\/index.php\/urun\/parma-manastiri-2\/"},"modified":"2026-04-16T02:18:39","modified_gmt":"2026-04-15T23:18:39","slug":"parma-manastiri-2","status":"publish","type":"product","link":"https:\/\/roveyayinevi.com.tr\/index.php\/urun\/parma-manastiri-2\/","title":{"rendered":"Parma Manast\u0131r\u0131"},"content":{"rendered":"<p>Stendhal [Marie-Henri Beyle] (1783-1842): Gen\u00e7 ya\u015fta te\u011fmen olarak orduya girdi, Napol\u00e9on\u2019un \u0130talya ve Rusya seferlerine kat\u0131ld\u0131. Almanya, Avusturya ve Rusya\u2019da \u00e7e\u015fitli asker\u00ee g\u00f6revlerde bulundu. Bir d\u00f6nem Marsilya\u2019da ticaretle u\u011fra\u015ft\u0131, Trieste\u2019de bir s\u00fcre konsolosluk g\u00f6revini s\u00fcrd\u00fcrd\u00fc. Frans\u0131z edebiyat\u0131nda ger\u00e7ek\u00e7ilik ak\u0131m\u0131n\u0131n en \u00f6nemli temsilcilerinden biri olarak kabul edilen Stendhal\u2019in Parma Manast\u0131r\u0131 roman\u0131 aristokrasisi, saraylar\u0131, tutkular\u0131yla \u0130talyan ruhunun muhte\u015fem bir portesini \u00e7izer. 1839 y\u0131l\u0131nda yay\u0131mland\u0131\u011f\u0131 anda ba\u015fyap\u0131t olarak kabul edilmi\u015f, ba\u015fta Balzac olmak \u00fczere edebiyat tarihi boyunca \u00e7ok say\u0131da romanc\u0131 taraf\u0131ndan \u00f6v\u00fclm\u00fc\u015ft\u00fcr. <\/p>\n","protected":false},"excerpt":{"rendered":"<p>Stendhal [Marie-Henri Beyle] (1783-1842): Gen\u00e7 ya\u015fta te\u011fmen olarak orduya girdi, Napol\u00e9on\u2019un \u0130talya ve Rusya seferlerine kat\u0131ld\u0131. Almanya, Avusturya ve Rusya\u2019da \u00e7e\u015fitli asker\u00ee g\u00f6revlerde bulundu. Bir d\u00f6nem<span class=\"excerpt-hellip\"> [\u2026]<\/span><\/p>\n","protected":false},"featured_media":0,"template":"","meta":{"_monsterinsights_skip_tracking":false,"_monsterinsights_sitenote_active":false,"_monsterinsights_sitenote_note":"","_monsterinsights_sitenote_category":0},"product_brand":[],"product_cat":[12291,13376],"product_tag":[],"class_list":{"0":"post-709710","1":"product","2":"type-product","3":"status-publish","5":"product_cat-edebiyat","6":"product_cat-fransiz-edebiyati","7":"pa_cilt-ciltsiz","8":"pa_tur-kitap","9":"pa_yayinevi-is-bankasi-kultur-yayinlari","10":"pa_yazar-stendhal","12":"first","13":"instock","14":"sale","15":"shipping-taxable","16":"purchasable","17":"product-type-simple"},"_links":{"self":[{"href":"https:\/\/roveyayinevi.com.tr\/index.php\/wp-json\/wp\/v2\/product\/709710","targetHints":{"allow":["GET"]}}],"collection":[{"href":"https:\/\/roveyayinevi.com.tr\/index.php\/wp-json\/wp\/v2\/product"}],"about":[{"href":"https:\/\/roveyayinevi.com.tr\/index.php\/wp-json\/wp\/v2\/types\/product"}],"wp:attachment":[{"href":"https:\/\/roveyayinevi.com.tr\/index.php\/wp-json\/wp\/v2\/media?parent=709710"}],"wp:term":[{"taxonomy":"product_brand","embeddable":true,"href":"https:\/\/roveyayinevi.com.tr\/index.php\/wp-json\/wp\/v2\/product_brand?post=709710"},{"taxonomy":"product_cat","embeddable":true,"href":"https:\/\/roveyayinevi.com.tr\/index.php\/wp-json\/wp\/v2\/product_cat?post=709710"},{"taxonomy":"product_tag","embeddable":true,"href":"https:\/\/roveyayinevi.com.tr\/index.php\/wp-json\/wp\/v2\/product_tag?post=709710"}],"curies":[{"name":"wp","href":"https:\/\/api.w.org\/{rel}","templated":true}]}}