{"id":709709,"date":"2025-08-27T16:28:31","date_gmt":"2025-08-27T13:28:31","guid":{"rendered":"https:\/\/roveyayinevi.com.tr\/index.php\/urun\/sivil-mimari-bellek-ankara-1930-1980\/"},"modified":"2026-04-16T02:18:39","modified_gmt":"2026-04-15T23:18:39","slug":"sivil-mimari-bellek-ankara-1930-1980","status":"publish","type":"product","link":"https:\/\/roveyayinevi.com.tr\/index.php\/urun\/sivil-mimari-bellek-ankara-1930-1980\/","title":{"rendered":"Sivil Mimari Bellek Ankara 1930-1980"},"content":{"rendered":"<p>Yay\u0131n, T\u00dcB\u0130TAK ve Ko\u00e7 \u00dcniversitesi VEKAM\u2019\u0131n destekledi\u011fi, Ba\u015fkent \u00dcniversitesi\u2019nin ger\u00e7ekle\u015ftirdi\u011fi Sivil Mimari Bellek: Ankara 1930-1980 projesinin bulgular\u0131n\u0131, proje ekibi taraf\u0131ndan yaz\u0131lan 7 farkl\u0131 konuya odaklanarak ortaya koymaktad\u0131r:\u2022B\u00fclent Batuman \/ Ankara\u2019da Cumhuriyet D\u00f6nemi Konut Mimarl\u0131\u011f\u0131n\u0131n Geli\u015fimi \u00dczerine Bir D\u00f6nemleme Denemesi\u2022Tezcan Karaku\u015f Candan \/ Konut Kullan\u0131c\u0131lar\u0131 \u00dczerinden D\u00f6nemsel Okumalar\u2022Nuray Bayraktar \/ Ankara\u2019da Modern D\u00f6nem Konut Yap\u0131lar\u0131: Bi\u00e7imlenme A\u00e7\u0131s\u0131ndan Benzerlikler ve Farkl\u0131l\u0131klar\u2022Y\u00fcksel Yelim Uysal \/ K\u00fcbik Mimariden Apartman Blo\u011funa: Ankara\u2019da Konut Planlar\u0131nda De\u011fi\u015fim, 1930-1980\u2022Umut \u015eumnu \/ Biraradal\u0131\u011f\u0131n Mimarisi : 1950-1970 Y\u0131llar\u0131 Aras\u0131 Kooperatif Yap\u0131lar\u0131nda Ortak Ya\u015fam Alanlar\u0131\u2022Ece Akay \u015eumnu \/ Sanat Eserinde Parmak \u0130zinin Yok Olu\u015funun Modern Mimari \u0130le \u0130li\u015fkisi\u2022Elif Selena Ayhan Ko\u00e7yi\u011fit \/ Modern D\u00f6nem Mimari Miras\u0131n\u0131n Korunmas\u0131 <\/p>\n","protected":false},"excerpt":{"rendered":"<p>Yay\u0131n, T\u00dcB\u0130TAK ve Ko\u00e7 \u00dcniversitesi VEKAM\u2019\u0131n destekledi\u011fi, Ba\u015fkent \u00dcniversitesi\u2019nin ger\u00e7ekle\u015ftirdi\u011fi Sivil Mimari Bellek: Ankara 1930-1980 projesinin bulgular\u0131n\u0131, proje ekibi taraf\u0131ndan yaz\u0131lan 7 farkl\u0131 konuya odaklanarak ortaya<span class=\"excerpt-hellip\"> [\u2026]<\/span><\/p>\n","protected":false},"featured_media":0,"template":"","meta":{"_monsterinsights_skip_tracking":false,"_monsterinsights_sitenote_active":false,"_monsterinsights_sitenote_note":"","_monsterinsights_sitenote_category":0},"product_brand":[],"product_cat":[13512,12408],"product_tag":[],"class_list":{"0":"post-709709","1":"product","2":"type-product","3":"status-publish","5":"product_cat-mimarlik","6":"product_cat-sanat","7":"pa_cilt-ciltsiz","8":"pa_tur-kitap","9":"pa_yayinevi-koc-universitesi-yayinlari","10":"pa_yazar-kolektif","12":"first","13":"instock","14":"sale","15":"shipping-taxable","16":"purchasable","17":"product-type-simple"},"_links":{"self":[{"href":"https:\/\/roveyayinevi.com.tr\/index.php\/wp-json\/wp\/v2\/product\/709709","targetHints":{"allow":["GET"]}}],"collection":[{"href":"https:\/\/roveyayinevi.com.tr\/index.php\/wp-json\/wp\/v2\/product"}],"about":[{"href":"https:\/\/roveyayinevi.com.tr\/index.php\/wp-json\/wp\/v2\/types\/product"}],"wp:attachment":[{"href":"https:\/\/roveyayinevi.com.tr\/index.php\/wp-json\/wp\/v2\/media?parent=709709"}],"wp:term":[{"taxonomy":"product_brand","embeddable":true,"href":"https:\/\/roveyayinevi.com.tr\/index.php\/wp-json\/wp\/v2\/product_brand?post=709709"},{"taxonomy":"product_cat","embeddable":true,"href":"https:\/\/roveyayinevi.com.tr\/index.php\/wp-json\/wp\/v2\/product_cat?post=709709"},{"taxonomy":"product_tag","embeddable":true,"href":"https:\/\/roveyayinevi.com.tr\/index.php\/wp-json\/wp\/v2\/product_tag?post=709709"}],"curies":[{"name":"wp","href":"https:\/\/api.w.org\/{rel}","templated":true}]}}